{"id":17671,"date":"2025-09-16T17:08:29","date_gmt":"2025-09-16T15:08:29","guid":{"rendered":"https:\/\/boreait.com\/fr\/?post_type=product&#038;p=17671"},"modified":"2026-02-09T10:57:18","modified_gmt":"2026-02-09T09:57:18","slug":"cache-inferieur-pour-hp-probook-470-475-g2-768374-001-piece-dorigine-pour-ordinateur-portable","status":"publish","type":"product","link":"https:\/\/boreait.com\/fr\/produit\/cache-inferieur-pour-hp-probook-470-475-g2-768374-001-piece-dorigine-pour-ordinateur-portable\/","title":{"rendered":"Cache inf\u00e9rieur pour HP ProBook 470 475 G2 768374-001 | Pi\u00e8ce d&rsquo;origine pour ordinateur portable"},"content":{"rendered":"<p data-start=\"657\" data-end=\"884\">Vous recherchez un bo\u00eetier inf\u00e9rieur de remplacement pour votre ordinateur portable HP ProBook\u00a0? Il s&rsquo;agit d&rsquo;une <strong data-start=\"733\" data-end=\"788\">coque inf\u00e9rieure E authentique pour HP ProBook 470\/475 G2<\/strong> (r\u00e9f\u00e9rence <strong data-start=\"802\" data-end=\"816\">768374-001<\/strong>), id\u00e9ale pour restaurer la structure et la stabilit\u00e9 de votre ordinateur portable.<\/p>\n<p data-start=\"886\" data-end=\"1171\">Ce bo\u00eetier inf\u00e9rieur est un <strong data-start=\"912\" data-end=\"937\">\u00e9quipement HP d&rsquo;origine<\/strong>, et non une r\u00e9plique. Il s&rsquo;agit d&rsquo;une <strong data-start=\"973\" data-end=\"997\">pi\u00e8ce d&rsquo;occasion OEM pour ordinateur portable<\/strong> en bon \u00e9tat, test\u00e9e et pr\u00eate \u00e0 \u00eatre install\u00e9e. Id\u00e9ale pour remplacer une coque inf\u00e9rieure fissur\u00e9e ou us\u00e9e, cette pi\u00e8ce contribue \u00e0 la protection et au bon fonctionnement de votre appareil.<\/p>\n<p data-start=\"1173\" data-end=\"1606\">\u2714 <strong data-start=\"1175\" data-end=\"1197\">Mod\u00e8les compatibles\u00a0:<\/strong> HP ProBook 470 G2, HP ProBook 475 G2<br data-start=\"1234\" data-end=\"1237\" \/>\u2714 <strong data-start=\"1239\" data-end=\"1258\">R\u00e9f\u00e9rence HP\u00a0:<\/strong> 768374-001<br data-start=\"1269\" data-end=\"1272\" \/>\u2714 <strong data-start=\"1274\" data-end=\"1288\">\u00c9tat\u00a0:<\/strong> Occasion, bon \u00e9tat\u00a0; de l\u00e9g\u00e8res traces d&rsquo;utilisation peuvent \u00eatre pr\u00e9sentes<br data-start=\"1354\" data-end=\"1357\" \/>\u2714 <strong data-start=\"1359\" data-end=\"1370\">Photos\u00a0:<\/strong> Photos r\u00e9elles du produit\u00a0\u2013 vous recevrez exactement ce que vous voyez.<br data-start=\"1432\" data-end=\"1435\" \/>\u2714 <strong data-start=\"1437\" data-end=\"1460\">Livraison internationale\u00a0:<\/strong> Nous livrons dans toute l&rsquo;Europe et \u00e0 l&rsquo;international.<br data-start=\"1502\" data-end=\"1505\" \/>\u2714 <strong data-start=\"1507\" data-end=\"1519\">Assistance\u00a0:<\/strong> Nous ne fournissons pas d&rsquo;instructions d&rsquo;installation, mais n&rsquo;h\u00e9sitez pas \u00e0 nous contacter si vous avez des questions.<\/p>\n<p data-start=\"1608\" data-end=\"1804\">Que vous soyez technicien ou utilisateur final souhaitant r\u00e9parer votre ordinateur portable, cette pi\u00e8ce est id\u00e9ale. Faites confiance \u00e0 Siggmo pour des <strong data-start=\"1756\" data-end=\"1772\">pi\u00e8ces d&rsquo;ordinateur portable<\/strong> fiables et difficiles \u00e0 trouver et un excellent service client.<\/p>\n","protected":false},"excerpt":{"rendered":"<p data-start=\"457\" data-end=\"602\">Bo\u00eetier inf\u00e9rieur d&rsquo;origine pour HP ProBook 470\/475 G2 (r\u00e9f\u00e9rence 768374-001). Pi\u00e8ce d&rsquo;occasion d&rsquo;origine en bon \u00e9tat\u00a0\u2013 photos authentiques. Ce que vous voyez est ce que vous obtenez.<\/p>\n","protected":false},"featured_media":17730,"template":"","meta":[],"product_brand":[],"product_cat":[52],"product_tag":[61],"class_list":{"0":"post-17671","1":"product","2":"type-product","3":"status-publish","4":"has-post-thumbnail","6":"product_cat-laptop-housing","7":"product_tag-hp","9":"first","10":"instock","11":"taxable","12":"shipping-taxable","13":"purchasable","14":"product-type-simple"},"_links":{"self":[{"href":"https:\/\/boreait.com\/fr\/wp-json\/wp\/v2\/product\/17671","targetHints":{"allow":["GET"]}}],"collection":[{"href":"https:\/\/boreait.com\/fr\/wp-json\/wp\/v2\/product"}],"about":[{"href":"https:\/\/boreait.com\/fr\/wp-json\/wp\/v2\/types\/product"}],"wp:featuredmedia":[{"embeddable":true,"href":"https:\/\/boreait.com\/fr\/wp-json\/wp\/v2\/media\/17730"}],"wp:attachment":[{"href":"https:\/\/boreait.com\/fr\/wp-json\/wp\/v2\/media?parent=17671"}],"wp:term":[{"taxonomy":"product_brand","embeddable":true,"href":"https:\/\/boreait.com\/fr\/wp-json\/wp\/v2\/product_brand?post=17671"},{"taxonomy":"product_cat","embeddable":true,"href":"https:\/\/boreait.com\/fr\/wp-json\/wp\/v2\/product_cat?post=17671"},{"taxonomy":"product_tag","embeddable":true,"href":"https:\/\/boreait.com\/fr\/wp-json\/wp\/v2\/product_tag?post=17671"}],"curies":[{"name":"wp","href":"https:\/\/api.w.org\/{rel}","templated":true}]}}