{"id":17660,"date":"2025-09-16T17:08:06","date_gmt":"2025-09-16T15:08:06","guid":{"rendered":"https:\/\/boreait.com\/fr\/?post_type=product&#038;p=17660"},"modified":"2026-02-09T10:56:55","modified_gmt":"2026-02-09T09:56:55","slug":"boutons-de-souris-tactiles-pour-hp-probook-450-g2-470-g2-pk37b00ff00-pieces-detachees-pour-ordinateur-portable","status":"publish","type":"product","link":"https:\/\/boreait.com\/fr\/produit\/boutons-de-souris-tactiles-pour-hp-probook-450-g2-470-g2-pk37b00ff00-pieces-detachees-pour-ordinateur-portable\/","title":{"rendered":"Boutons de souris tactiles pour HP ProBook 450 G2 470 G2 PK37B00FF00 | Pi\u00e8ces d\u00e9tach\u00e9es pour ordinateur portable"},"content":{"rendered":"<p data-start=\"714\" data-end=\"988\">Am\u00e9liorez ou r\u00e9parez votre ordinateur portable avec cette <strong data-start=\"754\" data-end=\"793\">carte de boutons de souris tactile authentique<\/strong>, con\u00e7ue sp\u00e9cifiquement pour les <strong data-start=\"825\" data-end=\"864\">s\u00e9ries HP ProBook 450 G2 et 470 G2<\/strong>. Cette pi\u00e8ce comprend les boutons gauche et droit de la souris, fix\u00e9s \u00e0 la carte de clic du pav\u00e9 tactile (r\u00e9f\u00e9rence\u00a0: <strong data-start=\"971\" data-end=\"986\">PK37B00FF00<\/strong>).<\/p>\n<p data-start=\"990\" data-end=\"1155\">Que vos boutons actuels ne r\u00e9pondent plus, soient endommag\u00e9s ou fonctionnent par intermittence, ce remplacement restaurera les performances fluides et fiables du pav\u00e9 tactile.<\/p>\n<p data-start=\"1157\" data-end=\"1180\">\ud83d\udd27 <strong data-start=\"1160\" data-end=\"1179\">D\u00e9tails du produit<\/strong>\u00a0:<\/p>\n<ul data-start=\"1181\" data-end=\"1469\">\n<li data-start=\"1181\" data-end=\"1234\">\n<p data-start=\"1183\" data-end=\"1234\">\u2705 <strong data-start=\"1185\" data-end=\"1206\">Mod\u00e8les compatibles<\/strong>\u00a0: HP ProBook 450 G2 \/ 470 G2<\/p>\n<\/li>\n<li data-start=\"1235\" data-end=\"1267\">\n<p data-start=\"1237\" data-end=\"1267\">\u2705 <strong data-start=\"1239\" data-end=\"1254\">R\u00e9f\u00e9rence<\/strong>\u00a0: PK37B00FF00<\/p>\n<\/li>\n<li data-start=\"1268\" data-end=\"1336\">\n<p data-start=\"1270\" data-end=\"1336\">\u2705 <strong data-start=\"1272\" data-end=\"1284\">Fonction<\/strong>\u00a0: Boutons gauche et droit de la souris (en dessous) Pav\u00e9 tactile)<\/p>\n<\/li>\n<li data-start=\"1337\" data-end=\"1397\">\n<p data-start=\"1339\" data-end=\"1397\">\u2705 <strong data-start=\"1341\" data-end=\"1354\">\u00c9tat<\/strong>\u00a0: Provenant d&rsquo;ordinateurs portables en \u00e9tat de marche, enti\u00e8rement test\u00e9s.<\/p>\n<\/li>\n<li data-start=\"1398\" data-end=\"1469\">\n<p data-start=\"1400\" data-end=\"1469\">\u2705 <strong data-start=\"1402\" data-end=\"1418\">Contenu\u00a0:<\/strong> Article identique \u00e0 celui pr\u00e9sent\u00e9 sur les photos, sans surprise.<\/p>\n<\/li>\n<\/ul>\n<p data-start=\"1471\" data-end=\"1618\">\ud83d\udcac <strong data-start=\"1474\" data-end=\"1502\">Besoin d&rsquo;aide pour l&rsquo;installation\u00a0?<\/strong><br data-start=\"1502\" data-end=\"1505\" \/>Nous ne fournissons pas d&rsquo;instructions, mais n&rsquo;h\u00e9sitez pas \u00e0 nous contacter si vous avez besoin d&rsquo;aide ou si vous souhaitez confirmer la compatibilit\u00e9.<\/p>\n<p data-start=\"1620\" data-end=\"1734\">\ud83d\udcf8 <strong data-start=\"1623\" data-end=\"1674\">Les photos repr\u00e9sentent l&rsquo;article que vous recevrez.<\/strong><br data-start=\"1674\" data-end=\"1677\" \/>Il s&rsquo;agit d&rsquo;images r\u00e9elles et de haute qualit\u00e9, et non d&rsquo;images d&rsquo;archives.<\/p>\n","protected":false},"excerpt":{"rendered":"<p>Carte de boutons de souris tactile de remplacement pour HP ProBook 450 G2 \/ 470 G2. Pi\u00e8ce d&rsquo;origine (PK37B00FF00), enti\u00e8rement test\u00e9e et issue d&rsquo;unit\u00e9s fonctionnelles. Photos r\u00e9elles pr\u00e9sent\u00e9es.<\/p>\n","protected":false},"featured_media":17721,"template":"","meta":[],"product_brand":[],"product_cat":[78],"product_tag":[61],"class_list":{"0":"post-17660","1":"product","2":"type-product","3":"status-publish","4":"has-post-thumbnail","6":"product_cat-laptop-touchpads","7":"product_tag-hp","9":"first","10":"instock","11":"taxable","12":"shipping-taxable","13":"purchasable","14":"product-type-simple"},"_links":{"self":[{"href":"https:\/\/boreait.com\/fr\/wp-json\/wp\/v2\/product\/17660","targetHints":{"allow":["GET"]}}],"collection":[{"href":"https:\/\/boreait.com\/fr\/wp-json\/wp\/v2\/product"}],"about":[{"href":"https:\/\/boreait.com\/fr\/wp-json\/wp\/v2\/types\/product"}],"wp:featuredmedia":[{"embeddable":true,"href":"https:\/\/boreait.com\/fr\/wp-json\/wp\/v2\/media\/17721"}],"wp:attachment":[{"href":"https:\/\/boreait.com\/fr\/wp-json\/wp\/v2\/media?parent=17660"}],"wp:term":[{"taxonomy":"product_brand","embeddable":true,"href":"https:\/\/boreait.com\/fr\/wp-json\/wp\/v2\/product_brand?post=17660"},{"taxonomy":"product_cat","embeddable":true,"href":"https:\/\/boreait.com\/fr\/wp-json\/wp\/v2\/product_cat?post=17660"},{"taxonomy":"product_tag","embeddable":true,"href":"https:\/\/boreait.com\/fr\/wp-json\/wp\/v2\/product_tag?post=17660"}],"curies":[{"name":"wp","href":"https:\/\/api.w.org\/{rel}","templated":true}]}}