{"id":17645,"date":"2025-09-16T17:07:35","date_gmt":"2025-09-16T15:07:35","guid":{"rendered":"https:\/\/boreait.com\/fr\/?post_type=product&#038;p=17645"},"modified":"2025-09-16T17:09:22","modified_gmt":"2025-09-16T15:09:22","slug":"ecran-lcd-173-pouces-1600-x-900-hd-pour-ordinateur-portable-hp-probook-470-g2-n173fge-l13","status":"publish","type":"product","link":"https:\/\/boreait.com\/fr\/produit\/ecran-lcd-173-pouces-1600-x-900-hd-pour-ordinateur-portable-hp-probook-470-g2-n173fge-l13\/","title":{"rendered":"\u00c9cran LCD 17,3 pouces 1600 \u00d7 900 HD+ pour ordinateur portable HP ProBook 470 G2 N173FGE-L13"},"content":{"rendered":"<p data-start=\"602\" data-end=\"903\">Am\u00e9liorez ou r\u00e9parez votre HP ProBook 470 G2 avec cet \u00e9cran LCD HD+ de remplacement 17,3 pouces (mod\u00e8le N173FGE-L13) authentique. Cet \u00e9cran TFT-LCD de haute qualit\u00e9 pour ordinateur portable offre une r\u00e9solution nette de 1600 \u00d7 900 pixels et une luminosit\u00e9 de 220 nits, id\u00e9ale pour la productivit\u00e9 quotidienne, l&rsquo;utilisation multim\u00e9dia et les t\u00e2ches bureautiques.<\/p>\n<p data-start=\"905\" data-end=\"1177\">Cet \u00e9cran est id\u00e9al pour tous ceux qui ont besoin d&rsquo;un \u00e9cran de remplacement fiable en raison de fissures, d&rsquo;une d\u00e9faillance du r\u00e9tro\u00e9clairage, de pixels morts ou de tout autre dommage. Issu de notre collection de pi\u00e8ces d\u00e9tach\u00e9es pour ordinateurs portables soigneusement s\u00e9lectionn\u00e9es, ce panneau est <strong data-start=\"1072\" data-end=\"1099\">compatible sp\u00e9cifiquement avec la s\u00e9rie HP ProBook 470 G2<\/strong>.<\/p>\n<h3 data-start=\"1179\" data-end=\"1196\">Caract\u00e9ristiques principales\u00a0:<\/h3>\n<ul data-start=\"1197\" data-end=\"1480\">\n<li data-start=\"1197\" data-end=\"1223\">\n<p data-start=\"1199\" data-end=\"1223\"><strong data-start=\"1199\" data-end=\"1209\">Mod\u00e8le\u00a0:<\/strong> N173FGE-L13<\/p>\n<\/li>\n<li data-start=\"1224\" data-end=\"1249\">\n<p data-start=\"1226\" data-end=\"1249\"><strong data-start=\"1226\" data-end=\"1235\">Taille\u00a0: 17,3 pouces<\/p>\n<\/li>\n<li data-start=\"1250\" data-end=\"1282\">\n<p data-start=\"1252\" data-end=\"1282\"><strong data-start=\"1252\" data-end=\"1267\">R\u00e9solution\u00a0: HD+ 1600 \u00d7 900<\/p>\n<\/li>\n<li data-start=\"1283\" data-end=\"1311\">\n<p data-start=\"1285\" data-end=\"1311\"><strong data-start=\"1285\" data-end=\"1300\">Luminosit\u00e9\u00a0: 220 nits<\/p>\n<\/li>\n<li data-start=\"1312\" data-end=\"1339\">\n<p data-start=\"1314\" data-end=\"1339\"><strong data-start=\"1314\" data-end=\"1329\">Type d&rsquo;\u00e9cran\u00a0:<\/strong> TFT-LCD<\/p>\n<\/li>\n<li data-start=\"1340\" data-end=\"1390\">\n<p data-start=\"1342\" data-end=\"1390\"><strong data-start=\"1342\" data-end=\"1356\">\u00c9tat\u00a0:<\/strong> Occasion \/ retir\u00e9 de l&rsquo;unit\u00e9 en \u00e9tat de marche<\/p>\n<\/li>\n<li data-start=\"1391\" data-end=\"1480\">\n<p data-start=\"1393\" data-end=\"1480\"><strong data-start=\"1393\" data-end=\"1404\">Photos\u00a0:<\/strong> Ce que vous voyez est exactement ce que vous obtenez\u00a0: <strong data-start=\"1444\" data-end=\"1459\">images r\u00e9elles<\/strong> de l&rsquo;\u00e9cran r\u00e9el<\/p>\n<\/li>\n<\/ul>\n<p data-start=\"1482\" data-end=\"1614\">En cas de doute sur la compatibilit\u00e9 ou de questions, n&rsquo;h\u00e9sitez pas \u00e0 <strong data-start=\"1551\" data-end=\"1574\">nous contacter directement<\/strong> avant d&rsquo;acheter. Nous serons ravis de vous aider.<\/p>\n<blockquote data-start=\"1616\" data-end=\"1766\">\n<p data-start=\"1618\" data-end=\"1766\">Remarque\u00a0: nous ne fournissons pas d\u2019instructions d\u2019installation, mais nous restons \u00e0 votre disposition pour r\u00e9pondre \u00e0 vos questions ou vous guider avant ou apr\u00e8s l\u2019achat.<\/p>\n<\/blockquote>\n","protected":false},"excerpt":{"rendered":"<p>\u00c9cran LCD HD+ de remplacement 17,3&Prime; (N173FGE-L13) pour HP ProBook 470 G2. R\u00e9solution 1600 \u00d7 900, luminosit\u00e9 220 nits. Photos du produit r\u00e9el.<\/p>\n","protected":false},"featured_media":17705,"template":"","meta":[],"product_brand":[],"product_cat":[114,57],"product_tag":[],"class_list":{"0":"post-17645","1":"product","2":"type-product","3":"status-publish","4":"has-post-thumbnail","6":"product_cat-17-3-laptop-screens-lcd-panels","7":"product_cat-laptop-screens-lcd-panels","9":"first","10":"instock","11":"taxable","12":"shipping-taxable","13":"purchasable","14":"product-type-simple"},"_links":{"self":[{"href":"https:\/\/boreait.com\/fr\/wp-json\/wp\/v2\/product\/17645","targetHints":{"allow":["GET"]}}],"collection":[{"href":"https:\/\/boreait.com\/fr\/wp-json\/wp\/v2\/product"}],"about":[{"href":"https:\/\/boreait.com\/fr\/wp-json\/wp\/v2\/types\/product"}],"wp:featuredmedia":[{"embeddable":true,"href":"https:\/\/boreait.com\/fr\/wp-json\/wp\/v2\/media\/17705"}],"wp:attachment":[{"href":"https:\/\/boreait.com\/fr\/wp-json\/wp\/v2\/media?parent=17645"}],"wp:term":[{"taxonomy":"product_brand","embeddable":true,"href":"https:\/\/boreait.com\/fr\/wp-json\/wp\/v2\/product_brand?post=17645"},{"taxonomy":"product_cat","embeddable":true,"href":"https:\/\/boreait.com\/fr\/wp-json\/wp\/v2\/product_cat?post=17645"},{"taxonomy":"product_tag","embeddable":true,"href":"https:\/\/boreait.com\/fr\/wp-json\/wp\/v2\/product_tag?post=17645"}],"curies":[{"name":"wp","href":"https:\/\/api.w.org\/{rel}","templated":true}]}}