{"id":17641,"date":"2025-09-16T17:07:34","date_gmt":"2025-09-16T15:07:34","guid":{"rendered":"https:\/\/boreait.com\/fr\/?post_type=product&#038;p=17641"},"modified":"2025-09-16T17:08:56","modified_gmt":"2025-09-16T15:08:56","slug":"clavier-simple-pour-dell-xps-13-et-inspiron-13-15-disposition-nordique-retroeclaire-pieces-detachees-pour-ordinateur-portable","status":"publish","type":"product","link":"https:\/\/boreait.com\/fr\/produit\/clavier-simple-pour-dell-xps-13-et-inspiron-13-15-disposition-nordique-retroeclaire-pieces-detachees-pour-ordinateur-portable\/","title":{"rendered":"Clavier simple pour Dell XPS 13 et Inspiron 13\/15 | Disposition nordique | R\u00e9tro\u00e9clair\u00e9 | Pi\u00e8ces d\u00e9tach\u00e9es pour ordinateur portable"},"content":{"rendered":"<p class=\"\" data-start=\"507\" data-end=\"801\">Restaurez la pleine fonctionnalit\u00e9 de votre clavier avec cette <strong data-start=\"561\" data-end=\"587\">touche de remplacement unique<\/strong> con\u00e7ue pour les ordinateurs portables <strong data-start=\"601\" data-end=\"616\">Dell XPS 13<\/strong> et <strong data-start=\"621\" data-end=\"641\">Inspiron 13\/15<\/strong>. Cette touche provient d&rsquo;un clavier \u00e0 <strong data-start=\"670\" data-end=\"687\">disposition nordique<\/strong> et est compatible avec le <strong data-start=\"710\" data-end=\"731\">r\u00e9tro\u00e9clairage<\/strong>, id\u00e9al pour les utilisateurs recherchant une correspondance parfaite entre forme et fonction.<\/p>\n<p class=\"\" data-start=\"803\" data-end=\"957\">Cette offre concerne <strong data-start=\"823\" data-end=\"845\">une seule touche<\/strong>\u00a0; elle est id\u00e9ale si vous avez perdu, endommag\u00e9 ou us\u00e9 une touche sp\u00e9cifique, plut\u00f4t que de devoir remplacer le clavier entier.<\/p>\n<h3 class=\"\" data-start=\"959\" data-end=\"982\">\ud83d\udd27 D\u00e9tails du produit\u00a0:<\/h3>\n<ul data-start=\"983\" data-end=\"1373\">\n<li class=\"\" data-start=\"983\" data-end=\"1067\">\n<p class=\"\" data-start=\"985\" data-end=\"1067\">\u2705 Mod\u00e8les compatibles\u00a0: Dell XPS 13, Inspiron 13, Inspiron 15 (les mod\u00e8les exacts peuvent varier)<\/p>\n<\/li>\n<li class=\"\" data-start=\"1068\" data-end=\"1135\">\n<p class=\"\" data-start=\"1070\" data-end=\"1135\">\u2705 Disposition\u00a0: Nordique (inclut les caract\u00e8res sp\u00e9ciaux comme \u00c6, \u00d8, \u00c5, etc.)<\/p>\n<\/li>\n<li class=\"\" data-start=\"1136\" data-end=\"1152\">\n<p class=\"\" data-start=\"1138\" data-end=\"1152\">\u2705 R\u00e9tro\u00e9clairage\u00a0: Oui<\/p>\n<\/li>\n<li class=\"\" data-start=\"1153\" data-end=\"1226\">\n<p class=\"\" data-start=\"1155\" data-end=\"1226\">\u2705 \u00c9tat\u00a0: D\u00e9mont\u00e9 avec pr\u00e9caution, test\u00e9 et en excellent \u00e9tat de fonctionnement.<\/p>\n<\/li>\n<li class=\"\" data-start=\"1227\" data-end=\"1312\">\n<p class=\"\" data-start=\"1229\" data-end=\"1312\">\u2705 Contenu\u00a0: Exactement comme sur les photos\u00a0\u2013 images r\u00e9elles de la pi\u00e8ce.<\/p>\n<\/li>\n<li class=\"\" data-start=\"1313\" data-end=\"1373\">\n<p class=\"\" data-start=\"1315\" data-end=\"1373\">\u2705 Id\u00e9al pour\u00a0: R\u00e9paration d&rsquo;ordinateurs portables et remplacement de claviers.<\/p>\n<\/li>\n<\/ul>\n<p class=\"\" data-start=\"1375\" data-end=\"1546\">\ud83d\udca1 <strong data-start=\"1378\" data-end=\"1387\">Remarque\u00a0:<\/strong> Nous ne fournissons pas d&rsquo;instructions d&rsquo;installation, mais si vous avez besoin d&rsquo;aide pour identifier votre cl\u00e9 ou si vous avez des questions, n&rsquo;h\u00e9sitez pas \u00e0 nous envoyer un message\u00a0\u2013 nous serons heureux de vous aider.<\/p>\n","protected":false},"excerpt":{"rendered":"<p>Remplacez votre touche cass\u00e9e ou manquante par cette touche r\u00e9tro\u00e9clair\u00e9e d&rsquo;origine, au design nordique, pour ordinateurs portables Dell XPS et Inspiron. Photos authentiques\u00a0: vous obtenez ce que vous voyez.<\/p>\n","protected":false},"featured_media":17688,"template":"","meta":[],"product_brand":[],"product_cat":[60],"product_tag":[53],"class_list":{"0":"post-17641","1":"product","2":"type-product","3":"status-publish","4":"has-post-thumbnail","6":"product_cat-individual-keyboard-keys","7":"product_tag-dell","9":"first","10":"instock","11":"taxable","12":"shipping-taxable","13":"purchasable","14":"product-type-simple"},"_links":{"self":[{"href":"https:\/\/boreait.com\/fr\/wp-json\/wp\/v2\/product\/17641","targetHints":{"allow":["GET"]}}],"collection":[{"href":"https:\/\/boreait.com\/fr\/wp-json\/wp\/v2\/product"}],"about":[{"href":"https:\/\/boreait.com\/fr\/wp-json\/wp\/v2\/types\/product"}],"wp:featuredmedia":[{"embeddable":true,"href":"https:\/\/boreait.com\/fr\/wp-json\/wp\/v2\/media\/17688"}],"wp:attachment":[{"href":"https:\/\/boreait.com\/fr\/wp-json\/wp\/v2\/media?parent=17641"}],"wp:term":[{"taxonomy":"product_brand","embeddable":true,"href":"https:\/\/boreait.com\/fr\/wp-json\/wp\/v2\/product_brand?post=17641"},{"taxonomy":"product_cat","embeddable":true,"href":"https:\/\/boreait.com\/fr\/wp-json\/wp\/v2\/product_cat?post=17641"},{"taxonomy":"product_tag","embeddable":true,"href":"https:\/\/boreait.com\/fr\/wp-json\/wp\/v2\/product_tag?post=17641"}],"curies":[{"name":"wp","href":"https:\/\/api.w.org\/{rel}","templated":true}]}}