{"id":17640,"date":"2025-09-16T17:07:34","date_gmt":"2025-09-16T15:07:34","guid":{"rendered":"https:\/\/boreait.com\/fr\/?post_type=product&#038;p=17640"},"modified":"2025-09-16T17:08:50","modified_gmt":"2025-09-16T15:08:50","slug":"cache-de-charniere-lcd-pour-lenovo-ideapad-3-5cb0x57442-remplacement-de-pieces-pour-ordinateur-portable","status":"publish","type":"product","link":"https:\/\/boreait.com\/fr\/produit\/cache-de-charniere-lcd-pour-lenovo-ideapad-3-5cb0x57442-remplacement-de-pieces-pour-ordinateur-portable\/","title":{"rendered":"Cache de charni\u00e8re LCD pour Lenovo IdeaPad 3 5CB0X57442 \u2013 Remplacement de pi\u00e8ces pour ordinateur portable"},"content":{"rendered":"<p class=\"\" data-start=\"521\" data-end=\"827\">Restaurez l&rsquo;apparence et la fonction d&rsquo;origine de votre ordinateur portable avec ce <strong data-start=\"580\" data-end=\"615\">remplacement du cache de charni\u00e8re LCD<\/strong> pour les mod\u00e8les <strong data-start=\"620\" data-end=\"640\">Lenovo IdeaPad 3<\/strong> 15 pouces. Con\u00e7ue sp\u00e9cifiquement pour les mod\u00e8les <strong data-start=\"690\" data-end=\"760\">15ADA05, 3-15ARE05, 3-15IML05, 3-15IIL05, 3-15IGL05 et 3-15ITL05<\/strong>, cette pi\u00e8ce (FRU\u00a0: <strong data-start=\"778\" data-end=\"792\">5CB0X57442<\/strong>) garantit un ajustement et une finition parfaits.<\/p>\n<p class=\"\" data-start=\"829\" data-end=\"1053\">Ce <strong data-start=\"834\" data-end=\"864\">cache charni\u00e8re arri\u00e8re LCD<\/strong> prot\u00e8ge les m\u00e9canismes de charni\u00e8re internes et compl\u00e8te l&rsquo;apparence soign\u00e9e et professionnelle de votre ordinateur portable. C&rsquo;est une pi\u00e8ce essentielle pour remplacer ou mettre \u00e0 niveau la charni\u00e8re de votre ordinateur portable.<\/p>\n<p class=\"\" data-start=\"1055\" data-end=\"1080\">\u2714\ufe0f <strong data-start=\"1058\" data-end=\"1079\">Mod\u00e8les compatibles<\/strong>\u00a0:<\/p>\n<ul data-start=\"1081\" data-end=\"1229\">\n<li class=\"\" data-start=\"1081\" data-end=\"1109\">\n<p class=\"\" data-start=\"1083\" data-end=\"1109\">Lenovo IdeaPad 3 15ADA05<\/p>\n<\/li>\n<li class=\"\" data-start=\"1110\" data-end=\"1133\">\n<p class=\"\" data-start=\"1112\" data-end=\"1133\">IdeaPad 3 3-15ARE05<\/p>\n<\/li>\n<li class=\"\" data-start=\"1134\" data-end=\"1157\">\n<p class=\"\" data-start=\"1136\" data-end=\"1157\">IdeaPad 3 3-15IML05<\/p>\n<\/li>\n<li class=\"\" data-start=\"1158\" data-end=\"1181\">\n<p class=\"\" data-start=\"1160\" data-end=\"1181\">IdeaPad 3 3-15IIL05<\/p>\n<\/li>\n<li class=\"\" data-start=\"1182\" data-end=\"1205\">\n<p class=\"\" data-start=\"1184\" data-end=\"1205\">IdeaPad 3 3-15IGL05<\/p>\n<\/li>\n<li class=\"\" data-start=\"1206\" data-end=\"1229\">\n<p class=\"\" data-start=\"1208\" data-end=\"1229\">IdeaPad 3 3-15ITL05<\/p>\n<\/li>\n<\/ul>\n<p class=\"\" data-start=\"1231\" data-end=\"1597\">\u2714\ufe0f <strong data-start=\"1234\" data-end=\"1249\">R\u00e9f\u00e9rence<\/strong>\u00a0: 5CB0X57442<br data-start=\"1261\" data-end=\"1264\" \/>\u2714\ufe0f <strong data-start=\"1267\" data-end=\"1280\">\u00c9tat<\/strong>\u00a0: Occasion \u2013 test\u00e9 et en bon \u00e9tat de fonctionnement<br data-start=\"1325\" data-end=\"1328\" \/>\u2714\ufe0f <strong data-start=\"1331\" data-end=\"1343\">Cat\u00e9gorie<\/strong>\u00a0: Pi\u00e8ces pour ordinateur portable &gt; Caches de charni\u00e8res<br data-start=\"1372\" data-end=\"1375\" \/>\u2714\ufe0f <strong data-start=\"1378\" data-end=\"1388\">Photos<\/strong>\u00a0: Ce que vous voyez est ce que vous recevrez\u00a0; toutes les images sont des prises de vue r\u00e9elles de la pi\u00e8ce que vous recevrez.<br data-start=\"1480\" data-end=\"1483\" \/>\u2714\ufe0f <strong data-start=\"1486\" data-end=\"1500\">Besoin d&rsquo;aide\u00a0?<\/strong> Les instructions d&rsquo;installation ne sont pas incluses, mais n&rsquo;h\u00e9sitez pas \u00e0 nous contacter si vous avez besoin d&rsquo;aide\u00a0!<\/p>\n<p class=\"\" data-start=\"1599\" data-end=\"1840\">Cette pi\u00e8ce est id\u00e9ale pour les techniciens ou les bricoleurs amateurs \u00e0 la recherche de <strong data-start=\"1681\" data-end=\"1697\">pi\u00e8ces d&rsquo;ordinateur portable<\/strong> fiables pour les mod\u00e8les Lenovo IdeaPad 3. Que vous remplaciez un cache de charni\u00e8re cass\u00e9 ou que vous r\u00e9noviez enti\u00e8rement votre ordinateur portable, c&rsquo;est la solution id\u00e9ale.<\/p>\n","protected":false},"excerpt":{"rendered":"<p>Cache de charni\u00e8re LCD de remplacement pour ordinateurs portables Lenovo IdeaPad 3 s\u00e9rie 15. Compatible avec plusieurs mod\u00e8les. Caches de charni\u00e8re arri\u00e8re d&rsquo;origine, parfaits pour la r\u00e9paration d&rsquo;ordinateurs portables.<\/p>\n","protected":false},"featured_media":17687,"template":"","meta":[],"product_brand":[],"product_cat":[52],"product_tag":[62],"class_list":{"0":"post-17640","1":"product","2":"type-product","3":"status-publish","4":"has-post-thumbnail","6":"product_cat-laptop-housing","7":"product_tag-lenovo","9":"first","10":"instock","11":"taxable","12":"shipping-taxable","13":"purchasable","14":"product-type-simple"},"_links":{"self":[{"href":"https:\/\/boreait.com\/fr\/wp-json\/wp\/v2\/product\/17640","targetHints":{"allow":["GET"]}}],"collection":[{"href":"https:\/\/boreait.com\/fr\/wp-json\/wp\/v2\/product"}],"about":[{"href":"https:\/\/boreait.com\/fr\/wp-json\/wp\/v2\/types\/product"}],"wp:featuredmedia":[{"embeddable":true,"href":"https:\/\/boreait.com\/fr\/wp-json\/wp\/v2\/media\/17687"}],"wp:attachment":[{"href":"https:\/\/boreait.com\/fr\/wp-json\/wp\/v2\/media?parent=17640"}],"wp:term":[{"taxonomy":"product_brand","embeddable":true,"href":"https:\/\/boreait.com\/fr\/wp-json\/wp\/v2\/product_brand?post=17640"},{"taxonomy":"product_cat","embeddable":true,"href":"https:\/\/boreait.com\/fr\/wp-json\/wp\/v2\/product_cat?post=17640"},{"taxonomy":"product_tag","embeddable":true,"href":"https:\/\/boreait.com\/fr\/wp-json\/wp\/v2\/product_tag?post=17640"}],"curies":[{"name":"wp","href":"https:\/\/api.w.org\/{rel}","templated":true}]}}