{"id":17631,"date":"2025-09-16T17:07:10","date_gmt":"2025-09-16T15:07:10","guid":{"rendered":"https:\/\/boreait.com\/fr\/?post_type=product&#038;p=17631"},"modified":"2025-09-16T17:08:46","modified_gmt":"2025-09-16T15:08:46","slug":"ecran-lenovo-ideapad-3-15iil05-avec-camera-et-cable-lcd-pieces-detachees-pour-ordinateur-portable","status":"publish","type":"product","link":"https:\/\/boreait.com\/fr\/produit\/ecran-lenovo-ideapad-3-15iil05-avec-camera-et-cable-lcd-pieces-detachees-pour-ordinateur-portable\/","title":{"rendered":"\u00c9cran Lenovo IdeaPad 3 15IIL05 avec cam\u00e9ra et c\u00e2ble LCD &#8211; Pi\u00e8ces d\u00e9tach\u00e9es pour ordinateur portable"},"content":{"rendered":"<p class=\"\" data-start=\"578\" data-end=\"888\">Am\u00e9liorez votre ordinateur portable avec ce cache d&rsquo;\u00e9cran d&rsquo;origine pour <strong data-start=\"617\" data-end=\"658\">Lenovo IdeaPad 3 15IIL05 (mod\u00e8le 81WE)<\/strong>, \u00e9quip\u00e9 d&rsquo;une webcam int\u00e9gr\u00e9e et d&rsquo;un c\u00e2ble vid\u00e9o LCD pr\u00e9-connect\u00e9. Id\u00e9al pour remplacer un cache sup\u00e9rieur fissur\u00e9 ou endommag\u00e9, ce cache est id\u00e9al pour redonner vie \u00e0 votre appareil sans avoir \u00e0 racheter un ordinateur portable enti\u00e8rement neuf.<\/p>\n<p class=\"\" data-start=\"890\" data-end=\"1052\">Il s&rsquo;agit d&rsquo;une pi\u00e8ce d&rsquo;origine pour ordinateur portable Lenovo provenant d&rsquo;un appareil en \u00e9tat de marche. Toutes les <strong data-start=\"962\" data-end=\"997\">photos de cette annonce sont r\u00e9elles<\/strong>, vous savez donc exactement ce que vous achetez\u00a0! Pas de mauvaises surprises\u00a0!<\/p>\n<p class=\"\" data-start=\"1054\" data-end=\"1074\"><strong data-start=\"1054\" data-end=\"1074\">D\u00e9tails du produit\u00a0:<\/strong><\/p>\n<ul data-start=\"1075\" data-end=\"1350\">\n<li class=\"\" data-start=\"1075\" data-end=\"1128\">\n<p class=\"\" data-start=\"1077\" data-end=\"1128\">\u2705 Mod\u00e8le compatible\u00a0: Lenovo IdeaPad 3 15IIL05 (81WE)<\/p>\n<\/li>\n<li class=\"\" data-start=\"1129\" data-end=\"1185\">\n<p class=\"\" data-start=\"1131\" data-end=\"1185\">\u2705 Type de pi\u00e8ce\u00a0: Cache sup\u00e9rieur de l&rsquo;\u00e9cran LCD \/ Cache arri\u00e8re de l&rsquo;\u00e9cran<\/p>\n<\/li>\n<li class=\"\" data-start=\"1186\" data-end=\"1242\">\n<p class=\"\" data-start=\"1188\" data-end=\"1242\">\u2705 Comprend\u00a0: Webcam int\u00e9gr\u00e9e (cam\u00e9ra) + c\u00e2ble vid\u00e9o LCD<\/p>\n<\/li>\n<li class=\"\" data-start=\"1243\" data-end=\"1291\">\n<p class=\"\" data-start=\"1245\" data-end=\"1291\">\u2705 \u00c9tat\u00a0: Utilis\u00e9, test\u00e9 et enti\u00e8rement fonctionnel<\/p>\n<\/li>\n<li class=\"\" data-start=\"1292\" data-end=\"1350\">\n<p class=\"\" data-start=\"1294\" data-end=\"1350\">\u2705 R\u00e9gion\u00a0: Id\u00e9al pour les utilisateurs d\u2019ordinateurs portables en Europe et dans le monde entier.<\/p>\n<\/li>\n<\/ul>\n<p class=\"\" data-start=\"1352\" data-end=\"1594\">C\u2019est une excellente solution de remplacement pour les ateliers de r\u00e9paration, les bricoleurs ou les revendeurs de <strong data-start=\"1437\" data-end=\"1453\">pi\u00e8ces d\u00e9tach\u00e9es pour ordinateurs portables<\/strong>. Bien que nous ne fournissions pas de guides d\u2019installation, n\u2019h\u00e9sitez pas \u00e0 nous contacter si vous avez besoin d\u2019aide pour d\u00e9terminer la compatibilit\u00e9 ou si vous avez d\u2019autres questions.<\/p>\n","protected":false},"excerpt":{"rendered":"<p>Coque d&rsquo;\u00e9cran d&rsquo;origine pour Lenovo IdeaPad 3 15IIL05 (81WE) avec cam\u00e9ra int\u00e9gr\u00e9e et c\u00e2ble vid\u00e9o LCD. Photos authentiques\u00a0: vous obtenez ce que vous voyez\u00a0!<\/p>\n","protected":false},"featured_media":17686,"template":"","meta":[],"product_brand":[],"product_cat":[52],"product_tag":[62],"class_list":{"0":"post-17631","1":"product","2":"type-product","3":"status-publish","4":"has-post-thumbnail","6":"product_cat-laptop-housing","7":"product_tag-lenovo","9":"first","10":"instock","11":"taxable","12":"shipping-taxable","13":"purchasable","14":"product-type-simple"},"_links":{"self":[{"href":"https:\/\/boreait.com\/fr\/wp-json\/wp\/v2\/product\/17631","targetHints":{"allow":["GET"]}}],"collection":[{"href":"https:\/\/boreait.com\/fr\/wp-json\/wp\/v2\/product"}],"about":[{"href":"https:\/\/boreait.com\/fr\/wp-json\/wp\/v2\/types\/product"}],"wp:featuredmedia":[{"embeddable":true,"href":"https:\/\/boreait.com\/fr\/wp-json\/wp\/v2\/media\/17686"}],"wp:attachment":[{"href":"https:\/\/boreait.com\/fr\/wp-json\/wp\/v2\/media?parent=17631"}],"wp:term":[{"taxonomy":"product_brand","embeddable":true,"href":"https:\/\/boreait.com\/fr\/wp-json\/wp\/v2\/product_brand?post=17631"},{"taxonomy":"product_cat","embeddable":true,"href":"https:\/\/boreait.com\/fr\/wp-json\/wp\/v2\/product_cat?post=17631"},{"taxonomy":"product_tag","embeddable":true,"href":"https:\/\/boreait.com\/fr\/wp-json\/wp\/v2\/product_tag?post=17631"}],"curies":[{"name":"wp","href":"https:\/\/api.w.org\/{rel}","templated":true}]}}