{"id":17615,"date":"2025-09-16T17:06:44","date_gmt":"2025-09-16T15:06:44","guid":{"rendered":"https:\/\/boreait.com\/fr\/?post_type=product&#038;p=17615"},"modified":"2025-09-16T17:08:24","modified_gmt":"2025-09-16T15:08:24","slug":"carte-de-lecteur-de-carte-a-puce-robuste-dell-latitude-7204-g0t8h-0g0t8h-dorigine-piece-de-rechange-pour-ordinateur-portable-de-haute-qualite","status":"publish","type":"product","link":"https:\/\/boreait.com\/fr\/produit\/carte-de-lecteur-de-carte-a-puce-robuste-dell-latitude-7204-g0t8h-0g0t8h-dorigine-piece-de-rechange-pour-ordinateur-portable-de-haute-qualite\/","title":{"rendered":"Carte de lecteur de carte \u00e0 puce robuste Dell Latitude 7204 G0T8H 0G0T8H d&rsquo;origine\u00a0\u2013 Pi\u00e8ce de rechange pour ordinateur portable de haute qualit\u00e9"},"content":{"rendered":"<p class=\"\" data-start=\"848\" data-end=\"1170\">Mettez \u00e0 niveau ou remplacez la <strong data-start=\"871\" data-end=\"898\">carte de lecteur de carte \u00e0 puce<\/strong> de votre ordinateur portable <strong data-start=\"907\" data-end=\"936\">Dell Latitude 7204 Rugged<\/strong> par cette <strong data-start=\"954\" data-end=\"974\">pi\u00e8ce d&rsquo;origine OEM<\/strong> (num\u00e9ro de pi\u00e8ce <strong data-start=\"988\" data-end=\"997\">G0T8H<\/strong> \/ <strong data-start=\"1000\" data-end=\"1010\">0G0T8H<\/strong>). Cette carte est un composant essentiel pour la lecture des cartes \u00e0 puce, garantissant un acc\u00e8s s\u00e9curis\u00e9 et des op\u00e9rations fluides pour les professionnels utilisant l&rsquo;authentification par carte \u00e0 puce.<\/p>\n<h3 class=\"\" data-start=\"1172\" data-end=\"1189\">Principales caract\u00e9ristiques\u00a0:<\/h3>\n<ul data-start=\"1190\" data-end=\"1613\">\n<li class=\"\" data-start=\"1190\" data-end=\"1284\">\n<p class=\"\" data-start=\"1192\" data-end=\"1284\"><strong data-start=\"1192\" data-end=\"1213\">Pi\u00e8ce Dell d&rsquo;origine<\/strong>\u00a0: 100\u00a0% authentique et compatible avec les ordinateurs portables Dell Latitude 7204 Rugged.<\/p>\n<\/li>\n<li class=\"\" data-start=\"1285\" data-end=\"1378\">\n<p class=\"\" data-start=\"1287\" data-end=\"1378\"><strong data-start=\"1287\" data-end=\"1307\">FEO de haute qualit\u00e9<\/strong>\u00a0: Fabriqu\u00e9 selon les normes les plus strictes, garantissant des performances fiables.<\/p>\n<\/li>\n<li class=\"\" data-start=\"1379\" data-end=\"1472\">\n<p class=\"\" data-start=\"1381\" data-end=\"1472\"><strong data-start=\"1381\" data-end=\"1400\">Facile \u00e0 installer<\/strong>\u00a0: Remplacement direct d&rsquo;une carte de lecteur de carte endommag\u00e9e ou non fonctionnelle.<\/p>\n<\/li>\n<li class=\"\" data-start=\"1473\" data-end=\"1613\">\n<p class=\"\" data-start=\"1475\" data-end=\"1613\"><strong data-start=\"1475\" data-end=\"1520\">Compatible avec le Dell Latitude 7204 Robuste\u00a0: Con\u00e7u sp\u00e9cifiquement pour le mod\u00e8le robuste 7204 et conforme aux normes militaires.<\/p>\n<\/li>\n<\/ul>\n<h3 class=\"\" data-start=\"1615\" data-end=\"1640\">Pourquoi choisir cette pi\u00e8ce\u00a0:<\/h3>\n<p class=\"\" data-start=\"1641\" data-end=\"2013\">Si vous utilisez l&rsquo;authentification par carte \u00e0 puce pour s\u00e9curiser vos connexions ou vos transactions num\u00e9riques, cette <strong data-start=\"1729\" data-end=\"1775\">carte de lecteur de carte \u00e0 puce pour Dell Latitude 7204<\/strong> est un remplacement indispensable. Elle garantit le fonctionnement continu de votre syst\u00e8me avec une efficacit\u00e9 et une s\u00e9curit\u00e9 maximales. Que vous remplaciez une pi\u00e8ce d\u00e9fectueuse ou que vous la mettiez \u00e0 niveau, cette pi\u00e8ce d&rsquo;origine restaurera les fonctionnalit\u00e9s de votre appareil comme au premier jour.<\/p>\n<h3 class=\"\" data-start=\"2015\" data-end=\"2042\">Informations compl\u00e9mentaires\u00a0:<\/h3>\n<ul data-start=\"2043\" data-end=\"2261\">\n<li class=\"\" data-start=\"2043\" data-end=\"2089\">\n<p class=\"\" data-start=\"2045\" data-end=\"2089\"><strong data-start=\"2045\" data-end=\"2058\">\u00c9tat<\/strong>\u00a0: Pi\u00e8ce Dell d&rsquo;origine neuve.<\/p>\n<\/li>\n<li class=\"\" data-start=\"2090\" data-end=\"2150\">\n<p class=\"\" data-start=\"2092\" data-end=\"2150\"><strong data-start=\"2092\" data-end=\"2109\">Compatibilit\u00e9<\/strong>\u00a0: Uniquement pour le <strong data-start=\"2120\" data-end=\"2149\">Dell Latitude 7204 Rugged<\/strong>.<\/p>\n<\/li>\n<li class=\"\" data-start=\"2151\" data-end=\"2261\">\n<p class=\"\" data-start=\"2153\" data-end=\"2261\"><strong data-start=\"2153\" data-end=\"2172\">Contenu<\/strong>\u00a0: La <strong data-start=\"2178\" data-end=\"2205\">carte de lecteur de carte \u00e0 puce<\/strong> visible sur les photos est la pi\u00e8ce exacte que vous recevrez.<\/p>\n<\/li>\n<\/ul>\n<p class=\"\" data-start=\"2263\" data-end=\"2403\">Si vous avez besoin d&rsquo;aide pour l&rsquo;installation ou si vous avez des questions concernant Pour toute question concernant la compatibilit\u00e9, n&rsquo;h\u00e9sitez pas \u00e0 nous contacter. Nous sommes l\u00e0 pour vous aider\u00a0!<\/p>\n","protected":false},"excerpt":{"rendered":"<p class=\"\" data-start=\"322\" data-end=\"618\">Cette <strong data-start=\"327\" data-end=\"388\">carte de lecteur de carte \u00e0 puce d&rsquo;origine pour ordinateur portable robuste Dell Latitude 7204<\/strong> (r\u00e9f\u00e9rence <strong data-start=\"402\" data-end=\"411\">G0T8H<\/strong> ou <strong data-start=\"415\" data-end=\"425\">0G0T8H<\/strong>) est con\u00e7ue pour remplacer un lecteur de carte endommag\u00e9 ou d\u00e9fectueux sur votre ordinateur portable robuste Dell Latitude 7204. Pi\u00e8ce d&rsquo;origine de haute qualit\u00e9, elle garantit des performances fiables et un fonctionnement fluide.<\/p>\n<p class=\"\" data-start=\"620\" data-end=\"787\"><strong data-start=\"620\" data-end=\"636\">Remarque\u00a0:<\/strong> Les photos de l&rsquo;annonce repr\u00e9sentent exactement la pi\u00e8ce que vous recevrez. Si vous avez besoin d\u2019aide pour l\u2019installation ou la compatibilit\u00e9, n\u2019h\u00e9sitez pas \u00e0 nous contacter\u00a0!<\/p>\n","protected":false},"featured_media":17669,"template":"","meta":[],"product_brand":[],"product_cat":[63],"product_tag":[53],"class_list":{"0":"post-17615","1":"product","2":"type-product","3":"status-publish","4":"has-post-thumbnail","6":"product_cat-motherboards-board-parts","7":"product_tag-dell","9":"first","10":"instock","11":"taxable","12":"shipping-taxable","13":"purchasable","14":"product-type-simple"},"_links":{"self":[{"href":"https:\/\/boreait.com\/fr\/wp-json\/wp\/v2\/product\/17615","targetHints":{"allow":["GET"]}}],"collection":[{"href":"https:\/\/boreait.com\/fr\/wp-json\/wp\/v2\/product"}],"about":[{"href":"https:\/\/boreait.com\/fr\/wp-json\/wp\/v2\/types\/product"}],"wp:featuredmedia":[{"embeddable":true,"href":"https:\/\/boreait.com\/fr\/wp-json\/wp\/v2\/media\/17669"}],"wp:attachment":[{"href":"https:\/\/boreait.com\/fr\/wp-json\/wp\/v2\/media?parent=17615"}],"wp:term":[{"taxonomy":"product_brand","embeddable":true,"href":"https:\/\/boreait.com\/fr\/wp-json\/wp\/v2\/product_brand?post=17615"},{"taxonomy":"product_cat","embeddable":true,"href":"https:\/\/boreait.com\/fr\/wp-json\/wp\/v2\/product_cat?post=17615"},{"taxonomy":"product_tag","embeddable":true,"href":"https:\/\/boreait.com\/fr\/wp-json\/wp\/v2\/product_tag?post=17615"}],"curies":[{"name":"wp","href":"https:\/\/api.w.org\/{rel}","templated":true}]}}