{"id":17614,"date":"2025-09-16T17:06:44","date_gmt":"2025-09-16T15:06:44","guid":{"rendered":"https:\/\/boreait.com\/fr\/?post_type=product&#038;p=17614"},"modified":"2025-09-16T17:08:22","modified_gmt":"2025-09-16T15:08:22","slug":"pieces-detachees-pour-ordinateur-portable-cable-dalimentation-cc-pour-dell-latitude-7404-5414-7214-5404-tdp-105hsr2","status":"publish","type":"product","link":"https:\/\/boreait.com\/fr\/produit\/pieces-detachees-pour-ordinateur-portable-cable-dalimentation-cc-pour-dell-latitude-7404-5414-7214-5404-tdp-105hsr2\/","title":{"rendered":"Pi\u00e8ces d\u00e9tach\u00e9es pour ordinateur portable\u00a0: C\u00e2ble d&rsquo;alimentation CC pour Dell Latitude 7404, 5414, 7214, 5404 TDP-105HSR2"},"content":{"rendered":"<p class=\"\" data-start=\"562\" data-end=\"873\">Ce <strong data-start=\"567\" data-end=\"605\">c\u00e2ble de prise d&rsquo;alimentation CC de remplacement<\/strong> est une pi\u00e8ce de haute qualit\u00e9 con\u00e7ue pour la <strong data-start=\"646\" data-end=\"680\">s\u00e9rie Dell Latitude 14 Rugged<\/strong>, y compris les mod\u00e8les <strong data-start=\"699\" data-end=\"729\">7404, 5414, 7214 et 5404<\/strong>. Que vous r\u00e9pariez une prise d&rsquo;alimentation endommag\u00e9e ou que vous r\u00e9tablissiez une capacit\u00e9 de charge constante, cette pi\u00e8ce d\u00e9tach\u00e9e pour ordinateur portable est parfaitement adapt\u00e9e \u00e0 votre appareil.<\/p>\n<p class=\"\" data-start=\"875\" data-end=\"1118\">La r\u00e9f\u00e9rence <strong data-start=\"891\" data-end=\"914\">TDP-105HSR2-D-102-J<\/strong> garantit la compatibilit\u00e9 et un ajustement pr\u00e9cis, contribuant ainsi \u00e0 redonner vie \u00e0 votre ordinateur portable Dell robuste. Nous sommes sp\u00e9cialis\u00e9s dans les <strong data-start=\"1025\" data-end=\"1041\">pi\u00e8ces d\u00e9tach\u00e9es pour ordinateurs portables<\/strong>, pour les besoins de r\u00e9paration des particuliers et des professionnels, en Europe et dans le monde entier.<\/p>\n<p class=\"\" data-start=\"1120\" data-end=\"1234\">\ud83d\udcf8 <strong data-start=\"1123\" data-end=\"1139\">Remarque\u00a0:<\/strong> Les photos pr\u00e9sent\u00e9es sont des images r\u00e9elles de la pi\u00e8ce que vous recevrez\u00a0; aucune surprise, aucune photo g\u00e9n\u00e9rique.<\/p>\n<p class=\"\" data-start=\"1236\" data-end=\"1396\">\ud83d\udcac <strong data-start=\"1239\" data-end=\"1259\">Besoin d&rsquo;aide\u00a0?<\/strong> Bien que nous ne fournissions pas de guides de remplacement, n&rsquo;h\u00e9sitez pas \u00e0 nous contacter pour toute question avant ou apr\u00e8s votre achat\u00a0; nous serons ravis de vous aider\u00a0!<\/p>\n","protected":false},"excerpt":{"rendered":"<p>C\u00e2ble d&rsquo;alimentation CC de remplacement compatible pour Dell Latitude 14 Rugged (7404, 5414, 7214, 5404). Test\u00e9, photos r\u00e9elles.<\/p>\n","protected":false},"featured_media":17668,"template":"","meta":[],"product_brand":[],"product_cat":[56],"product_tag":[53],"class_list":{"0":"post-17614","1":"product","2":"type-product","3":"status-publish","4":"has-post-thumbnail","6":"product_cat-cables","7":"product_tag-dell","9":"first","10":"instock","11":"taxable","12":"shipping-taxable","13":"purchasable","14":"product-type-simple"},"_links":{"self":[{"href":"https:\/\/boreait.com\/fr\/wp-json\/wp\/v2\/product\/17614","targetHints":{"allow":["GET"]}}],"collection":[{"href":"https:\/\/boreait.com\/fr\/wp-json\/wp\/v2\/product"}],"about":[{"href":"https:\/\/boreait.com\/fr\/wp-json\/wp\/v2\/types\/product"}],"wp:featuredmedia":[{"embeddable":true,"href":"https:\/\/boreait.com\/fr\/wp-json\/wp\/v2\/media\/17668"}],"wp:attachment":[{"href":"https:\/\/boreait.com\/fr\/wp-json\/wp\/v2\/media?parent=17614"}],"wp:term":[{"taxonomy":"product_brand","embeddable":true,"href":"https:\/\/boreait.com\/fr\/wp-json\/wp\/v2\/product_brand?post=17614"},{"taxonomy":"product_cat","embeddable":true,"href":"https:\/\/boreait.com\/fr\/wp-json\/wp\/v2\/product_cat?post=17614"},{"taxonomy":"product_tag","embeddable":true,"href":"https:\/\/boreait.com\/fr\/wp-json\/wp\/v2\/product_tag?post=17614"}],"curies":[{"name":"wp","href":"https:\/\/api.w.org\/{rel}","templated":true}]}}