{"id":17606,"date":"2025-09-16T17:06:12","date_gmt":"2025-09-16T15:06:12","guid":{"rendered":"https:\/\/boreait.com\/fr\/?post_type=product&#038;p=17606"},"modified":"2025-09-16T17:08:19","modified_gmt":"2025-09-16T15:08:19","slug":"cable-dalimentation-cc-de-remplacement-pour-port-de-charge-pour-ordinateur-portable-dell-latitude-14-rugged-e7214","status":"publish","type":"product","link":"https:\/\/boreait.com\/fr\/produit\/cable-dalimentation-cc-de-remplacement-pour-port-de-charge-pour-ordinateur-portable-dell-latitude-14-rugged-e7214\/","title":{"rendered":"C\u00e2ble d&rsquo;alimentation CC de remplacement pour port de charge pour ordinateur portable Dell Latitude 14 Rugged E7214"},"content":{"rendered":"<p class=\"\" data-start=\"615\" data-end=\"872\">Votre ordinateur portable Dell Latitude 14 Rugged E7214 ne se charge pas correctement\u00a0? Le probl\u00e8me pourrait provenir d&rsquo;une prise d&rsquo;alimentation CC d\u00e9fectueuse. Ce <strong data-start=\"731\" data-end=\"780\">c\u00e2ble de remplacement pour prise d&rsquo;alimentation CC du port de charge<\/strong> est la solution id\u00e9ale pour r\u00e9tablir la connexion \u00e9lectrique de votre ordinateur portable et prolonger sa dur\u00e9e de vie.<\/p>\n<p class=\"\" data-start=\"874\" data-end=\"1177\">Sp\u00e9cialement con\u00e7ue pour le <strong data-start=\"904\" data-end=\"937\">Dell Latitude 14 Rugged E7214<\/strong>, cette pi\u00e8ce de rechange est facile \u00e0 installer, garantissant une exp\u00e9rience optimale, aussi bien pour les r\u00e9parateurs professionnels que pour les bricoleurs. Sa conception de haute qualit\u00e9 garantit une connexion durable, vous permettant de recharger votre ordinateur portable sans interruption.<\/p>\n<p class=\"\" data-start=\"1179\" data-end=\"1196\"><strong data-start=\"1179\" data-end=\"1196\">Principales caract\u00e9ristiques\u00a0:<\/strong><\/p>\n<ul data-start=\"1197\" data-end=\"1630\">\n<li class=\"\" data-start=\"1197\" data-end=\"1288\">\n<p class=\"\" data-start=\"1199\" data-end=\"1288\"><strong data-start=\"1199\" data-end=\"1217\">Compatibilit\u00e9\u00a0:<\/strong> Parfaitement con\u00e7u pour le mod\u00e8le d&rsquo;ordinateur portable Dell Latitude 14 Rugged E7214.<\/p>\n<\/li>\n<li class=\"\" data-start=\"1289\" data-end=\"1378\">\n<p class=\"\" data-start=\"1291\" data-end=\"1378\"><strong data-start=\"1291\" data-end=\"1320\">Pi\u00e8ce de rechange de haute qualit\u00e9\u00a0:<\/strong> Construction robuste pour une connexion \u00e9lectrique durable.<\/p>\n<\/li>\n<li class=\"\" data-start=\"1379\" data-end=\"1517\">\n<p class=\"\" data-start=\"1381\" data-end=\"1517\"><strong data-start=\"1381\" data-end=\"1403\">Installation facile\u00a0:<\/strong> Le remplacement de la prise d&rsquo;alimentation est simple, mais si vous avez besoin d&rsquo;aide, n&rsquo;h\u00e9sitez pas \u00e0 nous contacter\u00a0! Je suis l\u00e0 pour vous aider\u00a0!<\/p>\n<\/li>\n<li class=\"\" data-start=\"1518\" data-end=\"1630\">\n<p class=\"\" data-start=\"1520\" data-end=\"1630\"><strong data-start=\"1520\" data-end=\"1536\">Photos r\u00e9elles\u00a0:<\/strong> Les photos de la liste repr\u00e9sentent le produit r\u00e9el, vous permettant ainsi de savoir exactement ce que vous recevrez.<\/p>\n<\/li>\n<\/ul>\n<p class=\"\" data-start=\"1632\" data-end=\"1783\"><strong data-start=\"1632\" data-end=\"1641\">Remarque\u00a0:<\/strong> Aucune instruction n&rsquo;est fournie pour le remplacement, mais je suis disponible pour toute question ou assistance suppl\u00e9mentaire dont vous pourriez avoir besoin pendant l&rsquo;installation.<\/p>\n<p class=\"\" data-start=\"1785\" data-end=\"2053\">Que vous soyez technicien ou propri\u00e9taire d&rsquo;ordinateur portable ayant besoin d&rsquo;une r\u00e9paration rapide, cette <strong data-start=\"1857\" data-end=\"1885\">pi\u00e8ce de rechange pour ordinateur portable<\/strong> permettra \u00e0 votre Dell Latitude 14 Rugged E7214 d&rsquo;\u00eatre op\u00e9rationnel en un rien de temps. Ne laissez pas un port de charge cass\u00e9 vous ralentir : commandez d\u00e8s aujourd&rsquo;hui pour une solution fiable et abordable\u00a0!<\/p>\n","protected":false},"excerpt":{"rendered":"<p>Remplacez votre port de charge endommag\u00e9 ou d\u00e9fectueux par ce c\u00e2ble d&rsquo;alimentation CC de haute qualit\u00e9, sp\u00e9cialement con\u00e7u pour le Dell Latitude 14 Rugged E7214. Cette pi\u00e8ce de rechange garantit le bon fonctionnement de votre ordinateur portable et une connexion \u00e9lectrique fiable. Authentique, durable et facile \u00e0 installer, il est accompagn\u00e9 de photos du produit r\u00e9el.<\/p>\n","protected":false},"featured_media":17667,"template":"","meta":[],"product_brand":[],"product_cat":[56],"product_tag":[53],"class_list":{"0":"post-17606","1":"product","2":"type-product","3":"status-publish","4":"has-post-thumbnail","6":"product_cat-cables","7":"product_tag-dell","9":"first","10":"instock","11":"taxable","12":"shipping-taxable","13":"purchasable","14":"product-type-simple"},"_links":{"self":[{"href":"https:\/\/boreait.com\/fr\/wp-json\/wp\/v2\/product\/17606","targetHints":{"allow":["GET"]}}],"collection":[{"href":"https:\/\/boreait.com\/fr\/wp-json\/wp\/v2\/product"}],"about":[{"href":"https:\/\/boreait.com\/fr\/wp-json\/wp\/v2\/types\/product"}],"wp:featuredmedia":[{"embeddable":true,"href":"https:\/\/boreait.com\/fr\/wp-json\/wp\/v2\/media\/17667"}],"wp:attachment":[{"href":"https:\/\/boreait.com\/fr\/wp-json\/wp\/v2\/media?parent=17606"}],"wp:term":[{"taxonomy":"product_brand","embeddable":true,"href":"https:\/\/boreait.com\/fr\/wp-json\/wp\/v2\/product_brand?post=17606"},{"taxonomy":"product_cat","embeddable":true,"href":"https:\/\/boreait.com\/fr\/wp-json\/wp\/v2\/product_cat?post=17606"},{"taxonomy":"product_tag","embeddable":true,"href":"https:\/\/boreait.com\/fr\/wp-json\/wp\/v2\/product_tag?post=17606"}],"curies":[{"name":"wp","href":"https:\/\/api.w.org\/{rel}","templated":true}]}}