{"id":17605,"date":"2025-09-16T17:06:11","date_gmt":"2025-09-16T15:06:11","guid":{"rendered":"https:\/\/boreait.com\/fr\/?post_type=product&#038;p=17605"},"modified":"2025-09-16T17:08:17","modified_gmt":"2025-09-16T15:08:17","slug":"carte-de-lecteur-de-carte-a-puce-robuste-dell-latitude-7204-g0t8h-dorigine-piece-de-rechange-pour-la-serie-latitude","status":"publish","type":"product","link":"https:\/\/boreait.com\/fr\/produit\/carte-de-lecteur-de-carte-a-puce-robuste-dell-latitude-7204-g0t8h-dorigine-piece-de-rechange-pour-la-serie-latitude\/","title":{"rendered":"Carte de lecteur de carte \u00e0 puce robuste Dell Latitude 7204 G0T8H d&rsquo;origine | Pi\u00e8ce de rechange pour la s\u00e9rie Latitude"},"content":{"rendered":"<p class=\"\" data-start=\"690\" data-end=\"1008\">Mettez \u00e0 niveau ou remplacez la <strong data-start=\"713\" data-end=\"740\">carte de lecteur de carte \u00e0 puce<\/strong> de votre ordinateur portable <strong data-start=\"749\" data-end=\"778\">Dell Latitude 7204 Rugged<\/strong> par cette <strong data-start=\"796\" data-end=\"858\">carte de lecteur de carte \u00e0 puce Dell Latitude 7204 d&rsquo;origine (G0T8H)<\/strong>. Con\u00e7ue pour une durabilit\u00e9 et des performances maximales, cette pi\u00e8ce garantit le bon fonctionnement de votre ordinateur portable, notamment dans les environnements difficiles et exigeants.<\/p>\n<p class=\"\" data-start=\"1010\" data-end=\"1379\">Que vous remplaciez un lecteur de carte d\u00e9fectueux ou que vous souhaitiez une mise \u00e0 niveau pour des fonctionnalit\u00e9s de s\u00e9curit\u00e9 renforc\u00e9es, cette pi\u00e8ce est sp\u00e9cialement con\u00e7ue pour le mod\u00e8le Dell Latitude 7204 Rugged. Le lecteur de carte \u00e0 puce joue un r\u00f4le crucial en permettant un acc\u00e8s s\u00e9curis\u00e9 aux donn\u00e9es et en fournissant une authentification de haut niveau, ce qui le rend id\u00e9al pour les environnements professionnels, militaires ou de terrain o\u00f9 la s\u00e9curit\u00e9 est primordiale.<\/p>\n<p class=\"\" data-start=\"1381\" data-end=\"1398\"><strong data-start=\"1381\" data-end=\"1398\">Principales caract\u00e9ristiques\u00a0:<\/strong><\/p>\n<ul data-start=\"1399\" data-end=\"2051\">\n<li class=\"\" data-start=\"1399\" data-end=\"1551\">\n<p class=\"\" data-start=\"1401\" data-end=\"1551\"><strong data-start=\"1401\" data-end=\"1429\">Pi\u00e8ce de rechange Dell d&rsquo;origine<\/strong>\u00a0: Il s&rsquo;agit d&rsquo;une pi\u00e8ce de rechange authentique et de haute qualit\u00e9 provenant directement de Dell, garantissant compatibilit\u00e9 et performances durables.<\/p>\n<\/li>\n<li class=\"\" data-start=\"1552\" data-end=\"1626\">\n<p class=\"\" data-start=\"1554\" data-end=\"1626\"><strong data-start=\"1554\" data-end=\"1574\">Mod\u00e8le compatible<\/strong>\u00a0: Id\u00e9al pour les ordinateurs portables <strong data-start=\"1588\" data-end=\"1617\">Dell Latitude 7204 Rugged<\/strong>.<\/p>\n<\/li>\n<li class=\"\" data-start=\"1627\" data-end=\"1773\">\n<p class=\"\" data-start=\"1629\" data-end=\"1773\"><strong data-start=\"1629\" data-end=\"1650\">Installation facile<\/strong>\u00a0: Bien qu&rsquo;aucune instruction ne soit fournie, la carte est con\u00e7ue pour une installation facile. Pour obtenir de l&rsquo;aide, n&rsquo;h\u00e9sitez pas \u00e0 nous contacter.<\/p>\n<\/li>\n<li class=\"\" data-start=\"1774\" data-end=\"1907\">\n<p class=\"\" data-start=\"1776\" data-end=\"1907\"><strong data-start=\"1776\" data-end=\"1799\">Photos r\u00e9elles du produit<\/strong>\u00a0: Les images de cette annonce refl\u00e8tent la pi\u00e8ce que vous recevrez, garantissant transparence et satisfaction.<\/p>\n<\/li>\n<li class=\"\" data-start=\"1908\" data-end=\"2051\">\n<p class=\"\" data-start=\"1910\" data-end=\"2051\"><strong data-start=\"1910\" data-end=\"1929\">Livraison internationale<\/strong>\u00a0: Nous proposons une livraison rapide et fiable dans le monde entier, garantissant que votre pi\u00e8ce arrive en parfait \u00e9tat, quelle que soit votre Emplacement.<\/p>\n<\/li>\n<\/ul>\n<p class=\"\" data-start=\"2053\" data-end=\"2181\">Remarque\u00a0: si vous avez besoin d&rsquo;aide pour l&rsquo;installation, n&rsquo;h\u00e9sitez pas \u00e0 nous contacter et nous nous ferons un plaisir de vous aider\u00a0!<\/p>\n","protected":false},"excerpt":{"rendered":"<p>Cette carte de lecteur de carte \u00e0 puce robuste Dell Latitude 7204 d&rsquo;origine (G0T8H) est une pi\u00e8ce de rechange fiable pour votre ordinateur portable Dell Latitude 7204. Con\u00e7ue pour durer, elle garantit des performances optimales dans les environnements difficiles. B\u00e9n\u00e9ficiez de la qualit\u00e9 \u00e9prouv\u00e9e dont vous avez besoin pour restaurer les fonctionnalit\u00e9s de votre appareil.<\/p>\n","protected":false},"featured_media":17666,"template":"","meta":[],"product_brand":[],"product_cat":[63],"product_tag":[53],"class_list":{"0":"post-17605","1":"product","2":"type-product","3":"status-publish","4":"has-post-thumbnail","6":"product_cat-motherboards-board-parts","7":"product_tag-dell","9":"first","10":"instock","11":"taxable","12":"shipping-taxable","13":"purchasable","14":"product-type-simple"},"_links":{"self":[{"href":"https:\/\/boreait.com\/fr\/wp-json\/wp\/v2\/product\/17605","targetHints":{"allow":["GET"]}}],"collection":[{"href":"https:\/\/boreait.com\/fr\/wp-json\/wp\/v2\/product"}],"about":[{"href":"https:\/\/boreait.com\/fr\/wp-json\/wp\/v2\/types\/product"}],"wp:featuredmedia":[{"embeddable":true,"href":"https:\/\/boreait.com\/fr\/wp-json\/wp\/v2\/media\/17666"}],"wp:attachment":[{"href":"https:\/\/boreait.com\/fr\/wp-json\/wp\/v2\/media?parent=17605"}],"wp:term":[{"taxonomy":"product_brand","embeddable":true,"href":"https:\/\/boreait.com\/fr\/wp-json\/wp\/v2\/product_brand?post=17605"},{"taxonomy":"product_cat","embeddable":true,"href":"https:\/\/boreait.com\/fr\/wp-json\/wp\/v2\/product_cat?post=17605"},{"taxonomy":"product_tag","embeddable":true,"href":"https:\/\/boreait.com\/fr\/wp-json\/wp\/v2\/product_tag?post=17605"}],"curies":[{"name":"wp","href":"https:\/\/api.w.org\/{rel}","templated":true}]}}