{"id":17602,"date":"2025-09-16T17:06:10","date_gmt":"2025-09-16T15:06:10","guid":{"rendered":"https:\/\/boreait.com\/fr\/?post_type=product&#038;p=17602"},"modified":"2025-09-16T17:08:01","modified_gmt":"2025-09-16T15:08:01","slug":"carte-de-jonction-hua01-ytgdr-pour-ordinateur-portable-dell-latitude-7204-7214-ush-avec-cable","status":"publish","type":"product","link":"https:\/\/boreait.com\/fr\/produit\/carte-de-jonction-hua01-ytgdr-pour-ordinateur-portable-dell-latitude-7204-7214-ush-avec-cable\/","title":{"rendered":"Carte de jonction HUA01 YTGDR pour ordinateur portable Dell Latitude 7204\/7214 USH, avec c\u00e2ble"},"content":{"rendered":"<p class=\"\" data-start=\"677\" data-end=\"1042\">Cette <strong data-start=\"682\" data-end=\"740\">carte de jonction OEM Dell USH KB HUA01 (Dell P\/N : YTGDR)<\/strong> est une pi\u00e8ce de rechange d&rsquo;origine <strong data-start=\"766\" data-end=\"781\">pour ordinateur portable<\/strong> pour les <strong data-start=\"790\" data-end=\"846\">s\u00e9ries Dell Latitude 12 Rugged Extreme 7204 et 7214<\/strong>. Id\u00e9ale pour les professionnels et les techniciens souhaitant restaurer toutes les fonctionnalit\u00e9s de leurs ordinateurs portables Dell robustes, cette carte m\u00e8re est fournie avec le c\u00e2ble de connexion d&rsquo;origine pour une installation rapide et s\u00e9curis\u00e9e.<\/p>\n<p class=\"\" data-start=\"1044\" data-end=\"1067\">\u2705 <strong data-start=\"1046\" data-end=\"1067\">Caract\u00e9ristiques du produit\u00a0:<\/strong><\/p>\n<ul data-start=\"1068\" data-end=\"1417\">\n<li class=\"\" data-start=\"1068\" data-end=\"1140\">\n<p class=\"\" data-start=\"1070\" data-end=\"1140\"><strong data-start=\"1070\" data-end=\"1093\">Mod\u00e8les compatibles<\/strong>\u00a0: Dell Latitude 12 Rugged Extreme 7204\/7214<\/p>\n<\/li>\n<li class=\"\" data-start=\"1141\" data-end=\"1175\">\n<p class=\"\" data-start=\"1143\" data-end=\"1175\"><strong data-start=\"1143\" data-end=\"1158\">R\u00e9f\u00e9rence<\/strong>\u00a0: HUA01 \/ YTGDR<\/p>\n<\/li>\n<li class=\"\" data-start=\"1176\" data-end=\"1225\">\n<p class=\"\" data-start=\"1178\" data-end=\"1225\"><strong data-start=\"1178\" data-end=\"1190\">Comprend<\/strong>\u00a0: Carte de jonction + c\u00e2ble d&rsquo;origine<\/p>\n<\/li>\n<li class=\"\" data-start=\"1226\" data-end=\"1307\">\n<p class=\"\" data-start=\"1228\" data-end=\"1307\"><strong data-start=\"1228\" data-end=\"1241\">\u00c9tat<\/strong>\u00a0: Provenant d&rsquo;ordinateurs portables en \u00e9tat de marche, test\u00e9s et garantis fonctionnels.<\/p>\n<\/li>\n<li class=\"\" data-start=\"1308\" data-end=\"1380\">\n<p class=\"\" data-start=\"1310\" data-end=\"1380\"><strong data-start=\"1310\" data-end=\"1333\">Images r\u00e9elles du produit<\/strong>\u00a0: Ce que vous voyez est exactement ce que vous recevrez.<\/p>\n<\/li>\n<li class=\"\" data-start=\"1381\" data-end=\"1417\">\n<p class=\"\" data-start=\"1383\" data-end=\"1417\"><strong data-start=\"1383\" data-end=\"1417\">Livraison internationale depuis l&rsquo;Europe.<\/strong><\/p>\n<\/li>\n<\/ul>\n<p class=\"\" data-start=\"1419\" data-end=\"1561\">\ud83d\udd27 <strong data-start=\"1422\" data-end=\"1437\">Remarque<\/strong>\u00a0: Cet article n&rsquo;inclut pas les instructions d&rsquo;installation. Si vous avez besoin d&rsquo;aide, n&rsquo;h\u00e9sitez pas \u00e0 nous contacter\u00a0; nous serons ravis de vous aider\u00a0!<\/p>\n<p class=\"\" data-start=\"1563\" data-end=\"1808\">Il s&rsquo;agit d&rsquo;une <strong data-start=\"1586\" data-end=\"1613\">pi\u00e8ce de rechange pour ordinateur portable<\/strong> de haute qualit\u00e9, destin\u00e9e aux utilisateurs exigeant fiabilit\u00e9 et normes OEM d&rsquo;origine pour leurs syst\u00e8mes Dell robustes. Elle est particuli\u00e8rement id\u00e9ale pour les entreprises, les techniciens de terrain ou les services informatiques g\u00e9rant des parcs d&rsquo;ordinateurs portables durables.<\/p>\n","protected":false},"excerpt":{"rendered":"<p class=\"\" data-start=\"417\" data-end=\"590\">Carte de jonction Dell USH KB HUA01 YTGDR d&rsquo;origine OEM avec c\u00e2ble, compatible avec les ordinateurs portables Latitude 12 Rugged Extreme 7204 et 7214. Photos r\u00e9elles incluses\u00a0: vous obtenez ce que vous voyez.<\/p>\n","protected":false},"featured_media":17653,"template":"","meta":[],"product_brand":[],"product_cat":[63],"product_tag":[53],"class_list":{"0":"post-17602","1":"product","2":"type-product","3":"status-publish","4":"has-post-thumbnail","6":"product_cat-motherboards-board-parts","7":"product_tag-dell","9":"first","10":"instock","11":"taxable","12":"shipping-taxable","13":"purchasable","14":"product-type-simple"},"_links":{"self":[{"href":"https:\/\/boreait.com\/fr\/wp-json\/wp\/v2\/product\/17602","targetHints":{"allow":["GET"]}}],"collection":[{"href":"https:\/\/boreait.com\/fr\/wp-json\/wp\/v2\/product"}],"about":[{"href":"https:\/\/boreait.com\/fr\/wp-json\/wp\/v2\/types\/product"}],"wp:featuredmedia":[{"embeddable":true,"href":"https:\/\/boreait.com\/fr\/wp-json\/wp\/v2\/media\/17653"}],"wp:attachment":[{"href":"https:\/\/boreait.com\/fr\/wp-json\/wp\/v2\/media?parent=17602"}],"wp:term":[{"taxonomy":"product_brand","embeddable":true,"href":"https:\/\/boreait.com\/fr\/wp-json\/wp\/v2\/product_brand?post=17602"},{"taxonomy":"product_cat","embeddable":true,"href":"https:\/\/boreait.com\/fr\/wp-json\/wp\/v2\/product_cat?post=17602"},{"taxonomy":"product_tag","embeddable":true,"href":"https:\/\/boreait.com\/fr\/wp-json\/wp\/v2\/product_tag?post=17602"}],"curies":[{"name":"wp","href":"https:\/\/api.w.org\/{rel}","templated":true}]}}