{"id":17596,"date":"2025-09-16T17:05:41","date_gmt":"2025-09-16T15:05:41","guid":{"rendered":"https:\/\/boreait.com\/fr\/?post_type=product&#038;p=17596"},"modified":"2025-09-16T17:07:54","modified_gmt":"2025-09-16T15:07:54","slug":"housse-de-protection-robuste-pour-ordinateur-portable-dell-latitude-e7214-piece-dorigine-2","status":"publish","type":"product","link":"https:\/\/boreait.com\/fr\/produit\/housse-de-protection-robuste-pour-ordinateur-portable-dell-latitude-e7214-piece-dorigine-2\/","title":{"rendered":"Housse de protection robuste pour ordinateur portable Dell Latitude E7214 \u2013 Pi\u00e8ce d&rsquo;origine"},"content":{"rendered":"<p class=\"\" data-start=\"634\" data-end=\"983\">Vous recherchez une solution de remplacement ou de mise \u00e0 niveau fiable pour votre Dell Latitude Rugged E7214\u00a0? Cette <strong data-start=\"722\" data-end=\"750\">protection d&rsquo;origine<\/strong> est la solution id\u00e9ale pour restaurer ou renforcer la robustesse de votre ordinateur portable. Con\u00e7u sp\u00e9cifiquement pour la <strong data-start=\"859\" data-end=\"889\">s\u00e9rie Dell Latitude E7214<\/strong>, il offre un ajustement parfait et s\u00e9curis\u00e9, ainsi que la m\u00eame durabilit\u00e9 que la pi\u00e8ce d&rsquo;origine.<\/p>\n<p class=\"\" data-start=\"985\" data-end=\"1163\">Que votre coque actuelle soit fissur\u00e9e, ray\u00e9e ou manquante, cette pi\u00e8ce contribue \u00e0 pr\u00e9server la robustesse de votre appareil, id\u00e9ale pour un usage personnel comme professionnel.<\/p>\n<p class=\"\" data-start=\"1165\" data-end=\"1184\">\u2705 <strong data-start=\"1167\" data-end=\"1183\">Principales caract\u00e9ristiques<\/strong>\u00a0:<\/p>\n<ul data-start=\"1185\" data-end=\"1475\">\n<li class=\"\" data-start=\"1185\" data-end=\"1236\">\n<p class=\"\" data-start=\"1187\" data-end=\"1236\">Pi\u00e8ce d&rsquo;origine pour ordinateur portable Dell Latitude E7214 <strong data-start=\"1195\" data-end=\"1210\">E7214<\/strong><\/p>\n<\/li>\n<li class=\"\" data-start=\"1237\" data-end=\"1284\">\n<p class=\"\" data-start=\"1239\" data-end=\"1284\">Sp\u00e9cialement con\u00e7u pour la <strong data-start=\"1265\" data-end=\"1282\">s\u00e9rie Rugged<\/strong><\/p>\n<\/li>\n<li class=\"\" data-start=\"1285\" data-end=\"1344\">\n<p class=\"\" data-start=\"1287\" data-end=\"1344\">Construction robuste \u2013 con\u00e7ue pour r\u00e9sister aux conditions difficiles<\/p>\n<\/li>\n<li class=\"\" data-start=\"1345\" data-end=\"1411\">\n<p class=\"\" data-start=\"1347\" data-end=\"1411\">Installation facile avec des outils standard (aucune instruction fournie)<\/p>\n<\/li>\n<li class=\"\" data-start=\"1412\" data-end=\"1475\">\n<p class=\"\" data-start=\"1414\" data-end=\"1475\">Photos r\u00e9elles du produit\u00a0: vous recevrez exactement le produit pr\u00e9sent\u00e9.<\/p>\n<\/li>\n<\/ul>\n<p class=\"\" data-start=\"1477\" data-end=\"1720\">Cette offre est id\u00e9ale pour les clients europ\u00e9ens et internationaux qui appr\u00e9cient les <strong data-start=\"1547\" data-end=\"1576\">pi\u00e8ces d\u00e9tach\u00e9es pour ordinateurs portables de haute qualit\u00e9<\/strong> et les vendeurs fiables et transparents. Si vous avez besoin d&rsquo;aide pour d\u00e9terminer si cette pi\u00e8ce est adapt\u00e9e \u00e0 votre appareil, n&rsquo;h\u00e9sitez pas \u00e0 nous contacter.<\/p>\n<p class=\"\" data-start=\"1722\" data-end=\"1837\">\ud83d\udce6 <strong data-start=\"1725\" data-end=\"1733\">Remarque<\/strong>\u00a0: Les photos de l&rsquo;annonce montrent l&rsquo;article r\u00e9el que vous recevrez. Aucun manuel ni guide d&rsquo;installation n&rsquo;est inclus.<\/p>\n","protected":false},"excerpt":{"rendered":"<p>Housse de protection d&rsquo;origine pour Dell Latitude Rugged E7214. Id\u00e9ale pour remplacer les pi\u00e8ces us\u00e9es ou endommag\u00e9es et prot\u00e9ger votre ordinateur portable. Photos authentiques\u00a0: ce que vous voyez est ce que vous obtenez.<\/p>\n","protected":false},"featured_media":17652,"template":"","meta":[],"product_brand":[],"product_cat":[52],"product_tag":[53],"class_list":{"0":"post-17596","1":"product","2":"type-product","3":"status-publish","4":"has-post-thumbnail","6":"product_cat-laptop-housing","7":"product_tag-dell","9":"first","10":"instock","11":"taxable","12":"shipping-taxable","13":"purchasable","14":"product-type-simple"},"_links":{"self":[{"href":"https:\/\/boreait.com\/fr\/wp-json\/wp\/v2\/product\/17596","targetHints":{"allow":["GET"]}}],"collection":[{"href":"https:\/\/boreait.com\/fr\/wp-json\/wp\/v2\/product"}],"about":[{"href":"https:\/\/boreait.com\/fr\/wp-json\/wp\/v2\/types\/product"}],"wp:featuredmedia":[{"embeddable":true,"href":"https:\/\/boreait.com\/fr\/wp-json\/wp\/v2\/media\/17652"}],"wp:attachment":[{"href":"https:\/\/boreait.com\/fr\/wp-json\/wp\/v2\/media?parent=17596"}],"wp:term":[{"taxonomy":"product_brand","embeddable":true,"href":"https:\/\/boreait.com\/fr\/wp-json\/wp\/v2\/product_brand?post=17596"},{"taxonomy":"product_cat","embeddable":true,"href":"https:\/\/boreait.com\/fr\/wp-json\/wp\/v2\/product_cat?post=17596"},{"taxonomy":"product_tag","embeddable":true,"href":"https:\/\/boreait.com\/fr\/wp-json\/wp\/v2\/product_tag?post=17596"}],"curies":[{"name":"wp","href":"https:\/\/api.w.org\/{rel}","templated":true}]}}