{"id":17592,"date":"2025-09-16T17:05:41","date_gmt":"2025-09-16T15:05:41","guid":{"rendered":"https:\/\/boreait.com\/fr\/?post_type=product&#038;p=17592"},"modified":"2025-09-16T17:07:44","modified_gmt":"2025-09-16T15:07:44","slug":"coins-en-caoutchouc-pour-ordinateur-portable-dell-latitude-rugged-e7214-piece-dorigine-stock-ue-2","status":"publish","type":"product","link":"https:\/\/boreait.com\/fr\/produit\/coins-en-caoutchouc-pour-ordinateur-portable-dell-latitude-rugged-e7214-piece-dorigine-stock-ue-2\/","title":{"rendered":"Coins en caoutchouc pour ordinateur portable Dell Latitude Rugged E7214, pi\u00e8ce d&rsquo;origine, stock UE"},"content":{"rendered":"<p class=\"\" data-start=\"696\" data-end=\"972\">Restaurez la durabilit\u00e9 et la protection de votre ordinateur portable robuste avec ce <strong data-start=\"766\" data-end=\"823\">caoutchouc d&rsquo;angle d&rsquo;origine pour DELL Latitude Rugged E7214<\/strong>. Il s&rsquo;agit d&rsquo;une <strong data-start=\"835\" data-end=\"858\">pi\u00e8ce d&rsquo;ordinateur portable d&rsquo;origine<\/strong>, provenant d&rsquo;un v\u00e9ritable DELL E7214, et id\u00e9ale pour remplacer les protections d&rsquo;angle en caoutchouc us\u00e9es ou manquantes.<\/p>\n<p class=\"\" data-start=\"974\" data-end=\"1247\">Con\u00e7u sp\u00e9cifiquement pour le <strong data-start=\"1004\" data-end=\"1029\">Latitude Rugged E7214<\/strong>, ce remplacement assure un ajustement parfait et pr\u00e9serve l&rsquo;int\u00e9grit\u00e9 robuste de votre appareil. Que vous r\u00e9pariez ou reconditionniez votre ordinateur, ce caoutchouc d&rsquo;angle pr\u00e9vient les dommages physiques en absorbant les chocs et en am\u00e9liorant l&rsquo;adh\u00e9rence.<\/p>\n<p class=\"\" data-start=\"1249\" data-end=\"1677\">\u2705 <strong data-start=\"1251\" data-end=\"1272\">\u00c9tat du produit<\/strong>\u00a0: Utilis\u00e9, test\u00e9 et en excellent \u00e9tat.<br data-start=\"1314\" data-end=\"1317\" \/>\u2705 <strong data-start=\"1319\" data-end=\"1336\">Compatibilit\u00e9<\/strong>\u00a0: DELL Latitude Rugged E7214 uniquement.<br data-start=\"1369\" data-end=\"1372\" \/>\u2705 <strong data-start=\"1374\" data-end=\"1390\">Pi\u00e8ce d&rsquo;origine<\/strong>\u00a0: Directement issue d&rsquo;un appareil fonctionnel\u00a0\u2013 aucune pi\u00e8ce de rechange.<br data-start=\"1456\" data-end=\"1459\" \/>\u2705 <strong data-start=\"1461\" data-end=\"1477\">Ce que vous obtenez<\/strong> : La pi\u00e8ce r\u00e9elle montr\u00e9e dans les photos de la liste &#8211; pas de surprises<br data-start=\"1537\" data-end=\"1540\" \/>\u2705 <strong data-start=\"1542\" data-end=\"1567\">Aucun guide d&rsquo;installation<\/strong> : Si vous avez besoin d&rsquo;aide, n&rsquo;h\u00e9sitez pas \u00e0 nous envoyer un message<br data-start=\"1610\" data-end=\"1613\" \/>\u2705 <strong data-start=\"1615\" data-end=\"1636\">Exp\u00e9di\u00e9 depuis l&rsquo;Europe<\/strong> : Livraison rapide dans toute l&rsquo;Europe et Dans le monde entier<\/p>\n<p class=\"\" data-start=\"1679\" data-end=\"1755\">Toutes les <strong data-start=\"1683\" data-end=\"1716\">photos repr\u00e9sentent l&rsquo;article r\u00e9el<\/strong>\u00a0; vous recevrez ce que vous voyez.<\/p>\n<p class=\"\" data-start=\"1757\" data-end=\"2005\">Cette annonce fait partie de notre large gamme de <strong data-start=\"1799\" data-end=\"1815\">pi\u00e8ces d\u00e9tach\u00e9es pour ordinateurs portables<\/strong>, disponibles pour les passionn\u00e9s de technologie, les ateliers de r\u00e9paration et les bricoleurs. D\u00e9couvrez d&rsquo;autres composants fiables chez siggmo, votre source fiable de pi\u00e8ces de rechange de qualit\u00e9 pour ordinateurs portables.<\/p>\n","protected":false},"excerpt":{"rendered":"<p>Joint d&rsquo;\u00e9tanch\u00e9it\u00e9 d&rsquo;origine pour Dell Latitude Rugged E7214. Pi\u00e8ce d&rsquo;occasion d&rsquo;origine en excellent \u00e9tat. Id\u00e9al pour remplacer le joint endommag\u00e9 ou manquant de votre ordinateur portable robuste.<\/p>\n","protected":false},"featured_media":17648,"template":"","meta":[],"product_brand":[],"product_cat":[52],"product_tag":[53],"class_list":{"0":"post-17592","1":"product","2":"type-product","3":"status-publish","4":"has-post-thumbnail","6":"product_cat-laptop-housing","7":"product_tag-dell","9":"first","10":"instock","11":"taxable","12":"shipping-taxable","13":"purchasable","14":"product-type-simple"},"_links":{"self":[{"href":"https:\/\/boreait.com\/fr\/wp-json\/wp\/v2\/product\/17592","targetHints":{"allow":["GET"]}}],"collection":[{"href":"https:\/\/boreait.com\/fr\/wp-json\/wp\/v2\/product"}],"about":[{"href":"https:\/\/boreait.com\/fr\/wp-json\/wp\/v2\/types\/product"}],"wp:featuredmedia":[{"embeddable":true,"href":"https:\/\/boreait.com\/fr\/wp-json\/wp\/v2\/media\/17648"}],"wp:attachment":[{"href":"https:\/\/boreait.com\/fr\/wp-json\/wp\/v2\/media?parent=17592"}],"wp:term":[{"taxonomy":"product_brand","embeddable":true,"href":"https:\/\/boreait.com\/fr\/wp-json\/wp\/v2\/product_brand?post=17592"},{"taxonomy":"product_cat","embeddable":true,"href":"https:\/\/boreait.com\/fr\/wp-json\/wp\/v2\/product_cat?post=17592"},{"taxonomy":"product_tag","embeddable":true,"href":"https:\/\/boreait.com\/fr\/wp-json\/wp\/v2\/product_tag?post=17592"}],"curies":[{"name":"wp","href":"https:\/\/api.w.org\/{rel}","templated":true}]}}