{"id":17573,"date":"2025-09-16T17:04:54","date_gmt":"2025-09-16T15:04:54","guid":{"rendered":"https:\/\/boreait.com\/fr\/?post_type=product&#038;p=17573"},"modified":"2026-02-09T10:56:18","modified_gmt":"2026-02-09T09:56:18","slug":"housse-dorigine-pour-dell-latitude-12-rugged-extreme-7204-pieces-detachees-pour-ordinateur-portable-ue","status":"publish","type":"product","link":"https:\/\/boreait.com\/fr\/produit\/housse-dorigine-pour-dell-latitude-12-rugged-extreme-7204-pieces-detachees-pour-ordinateur-portable-ue\/","title":{"rendered":"Housse d&rsquo;origine pour Dell Latitude 12 Rugged Extreme 7204 | Pi\u00e8ces d\u00e9tach\u00e9es pour ordinateur portable (UE)"},"content":{"rendered":"<p class=\"\" data-start=\"668\" data-end=\"922\">Ceci est une <strong data-start=\"678\" data-end=\"753\">housse de protection d&rsquo;origine pour le Dell Latitude Rugged 12 Extreme (mod\u00e8le 7204)<\/strong>. Cette pi\u00e8ce d&rsquo;origine et durable pour ordinateur portable est con\u00e7ue pour s&rsquo;adapter parfaitement \u00e0 votre appareil et pr\u00e9server sa robustesse. Id\u00e9al pour les r\u00e9parations, les remplacements ou les projets de restauration.<\/p>\n<p class=\"\" data-start=\"924\" data-end=\"951\">\u2714\ufe0f <strong data-start=\"927\" data-end=\"950\">Informations produit<\/strong>\u00a0:<\/p>\n<ul data-start=\"952\" data-end=\"1308\">\n<li class=\"\" data-start=\"952\" data-end=\"1017\">\n<p class=\"\" data-start=\"954\" data-end=\"1017\"><strong data-start=\"954\" data-end=\"977\">Mod\u00e8le compatible<\/strong>\u00a0: Dell Latitude Rugged 12 Extreme 7204<\/p>\n<\/li>\n<li class=\"\" data-start=\"1018\" data-end=\"1098\">\n<p class=\"\" data-start=\"1020\" data-end=\"1098\"><strong data-start=\"1020\" data-end=\"1033\">\u00c9tat<\/strong>\u00a0: Occasion en excellent \u00e9tat, inspect\u00e9 pour un fonctionnement optimal.<\/p>\n<\/li>\n<li class=\"\" data-start=\"1099\" data-end=\"1161\">\n<p class=\"\" data-start=\"1101\" data-end=\"1161\"><strong data-start=\"1101\" data-end=\"1113\">Inclus<\/strong>\u00a0: Uniquement le couvercle du bo\u00eetier (sans composants internes).<\/p>\n<\/li>\n<li class=\"\" data-start=\"1162\" data-end=\"1241\">\n<p class=\"\" data-start=\"1164\" data-end=\"1241\"><strong data-start=\"1164\" data-end=\"1174\">Photos<\/strong>\u00a0: Photos r\u00e9elles de la pi\u00e8ce que vous recevrez\u00a0\u2013 pas de stock. images<\/p>\n<\/li>\n<li class=\"\" data-start=\"1242\" data-end=\"1308\">\n<p class=\"\" data-start=\"1244\" data-end=\"1308\"><strong data-start=\"1244\" data-end=\"1253\">Utilisation<\/strong>\u00a0: Id\u00e9al pour remplacer les coques ext\u00e9rieures fissur\u00e9es ou endommag\u00e9es.<\/p>\n<\/li>\n<\/ul>\n<p class=\"\" data-start=\"1310\" data-end=\"1518\">Cette pi\u00e8ce est id\u00e9ale pour les techniciens d&rsquo;ordinateurs portables, les ateliers de r\u00e9paration ou les bricoleurs ayant besoin d&rsquo;une pi\u00e8ce de rechange d&rsquo;origine. Il permet de restaurer la robustesse qui a fait la r\u00e9putation du Latitude 7204, sans compromettre la qualit\u00e9.<\/p>\n<p class=\"\" data-start=\"1520\" data-end=\"1752\">Nous sommes sp\u00e9cialis\u00e9s dans les <strong data-start=\"1537\" data-end=\"1553\">pi\u00e8ces d\u00e9tach\u00e9es pour ordinateurs portables<\/strong> et livrons en Europe et dans le monde entier depuis notre boutique en ligne <strong data-start=\"1615\" data-end=\"1629\">siggmo<\/strong>. Les instructions d&rsquo;installation ne sont pas incluses, mais si vous avez des questions ou besoin d&rsquo;aide, n&rsquo;h\u00e9sitez pas \u00e0 nous contacter directement.<\/p>\n","protected":false},"excerpt":{"rendered":"<p>Housse de protection d&rsquo;origine pour Dell Latitude Rugged 12 Extreme 7204. Test\u00e9e, propre et pr\u00eate \u00e0 \u00eatre exp\u00e9di\u00e9e. Photos des pi\u00e8ces d&rsquo;origine\u00a0: vous recevrez ce que vous voyez.<\/p>\n","protected":false},"featured_media":17634,"template":"","meta":[],"product_brand":[],"product_cat":[52],"product_tag":[53],"class_list":{"0":"post-17573","1":"product","2":"type-product","3":"status-publish","4":"has-post-thumbnail","6":"product_cat-laptop-housing","7":"product_tag-dell","9":"first","10":"instock","11":"taxable","12":"shipping-taxable","13":"purchasable","14":"product-type-simple"},"_links":{"self":[{"href":"https:\/\/boreait.com\/fr\/wp-json\/wp\/v2\/product\/17573","targetHints":{"allow":["GET"]}}],"collection":[{"href":"https:\/\/boreait.com\/fr\/wp-json\/wp\/v2\/product"}],"about":[{"href":"https:\/\/boreait.com\/fr\/wp-json\/wp\/v2\/types\/product"}],"wp:featuredmedia":[{"embeddable":true,"href":"https:\/\/boreait.com\/fr\/wp-json\/wp\/v2\/media\/17634"}],"wp:attachment":[{"href":"https:\/\/boreait.com\/fr\/wp-json\/wp\/v2\/media?parent=17573"}],"wp:term":[{"taxonomy":"product_brand","embeddable":true,"href":"https:\/\/boreait.com\/fr\/wp-json\/wp\/v2\/product_brand?post=17573"},{"taxonomy":"product_cat","embeddable":true,"href":"https:\/\/boreait.com\/fr\/wp-json\/wp\/v2\/product_cat?post=17573"},{"taxonomy":"product_tag","embeddable":true,"href":"https:\/\/boreait.com\/fr\/wp-json\/wp\/v2\/product_tag?post=17573"}],"curies":[{"name":"wp","href":"https:\/\/api.w.org\/{rel}","templated":true}]}}