{"id":17560,"date":"2025-09-16T17:04:27","date_gmt":"2025-09-16T15:04:27","guid":{"rendered":"https:\/\/boreait.com\/fr\/?post_type=product&#038;p=17560"},"modified":"2025-09-16T17:06:57","modified_gmt":"2025-09-16T15:06:57","slug":"caoutchouc-dangle-pour-dell-latitude-rugged-e7204-piece-dorigine-pour-ordinateur-portable-8","status":"publish","type":"product","link":"https:\/\/boreait.com\/fr\/produit\/caoutchouc-dangle-pour-dell-latitude-rugged-e7204-piece-dorigine-pour-ordinateur-portable-8\/","title":{"rendered":"Caoutchouc d&rsquo;angle pour Dell Latitude Rugged E7204 \u2013 Pi\u00e8ce d&rsquo;origine pour ordinateur portable"},"content":{"rendered":"<p class=\"\" data-start=\"604\" data-end=\"892\">Restaure la protection d&rsquo;origine et la robustesse de votre DELL Latitude Rugged E7204 gr\u00e2ce \u00e0 ce <strong data-start=\"707\" data-end=\"736\">caoutchouc d&rsquo;angle de rechange<\/strong> d&rsquo;origine. Ce <strong data-start=\"759\" data-end=\"774\">\u00e9l\u00e9ment pour ordinateur portable<\/strong>, petit mais essentiel, pr\u00e9serve la r\u00e9sistance aux chocs et l&rsquo;int\u00e9grit\u00e9 de votre appareil en cas d&rsquo;utilisation intensive. Il est sp\u00e9cialement con\u00e7u pour les environnements exigeants.<\/p>\n<p class=\"\" data-start=\"894\" data-end=\"1171\">Il s&rsquo;agit d&rsquo;un <strong data-start=\"904\" data-end=\"936\">caoutchouc d&rsquo;angle d&rsquo;origine<\/strong> issu d&rsquo;un appareil fonctionnel\u00a0; il ne s&rsquo;agit pas d&rsquo;une r\u00e9plique. Id\u00e9al pour remplacer les protections d&rsquo;angle us\u00e9es, endommag\u00e9es ou manquantes.<br data-start=\"1047\" data-end=\"1050\" \/>Que vous r\u00e9noviez votre ordinateur portable ou que vous souhaitiez simplement lui redonner un aspect neuf, cette pi\u00e8ce de rechange conviendra parfaitement.<\/p>\n<p class=\"\" data-start=\"1173\" data-end=\"1198\">\ud83d\udce6 <strong data-start=\"1176\" data-end=\"1196\">Contenu\u00a0:<\/strong><\/p>\n<ul data-start=\"1199\" data-end=\"1382\">\n<li class=\"\" data-start=\"1199\" data-end=\"1250\">\n<p class=\"\" data-start=\"1201\" data-end=\"1250\">1\u00a0coque en caoutchouc pour DELL Latitude Rugged E7204<\/p>\n<\/li>\n<li class=\"\" data-start=\"1251\" data-end=\"1293\">\n<p class=\"\" data-start=\"1253\" data-end=\"1293\">\u00c9tat\u00a0: Occasion en excellent \u00e9tat<\/p>\n<\/li>\n<li class=\"\" data-start=\"1294\" data-end=\"1382\">\n<p class=\"\" data-start=\"1296\" data-end=\"1382\">Les photos pr\u00e9sent\u00e9es dans cette annonce sont de <strong data-start=\"1322\" data-end=\"1337\">v\u00e9ritables photos<\/strong> de l&rsquo;article que vous recevrez\u00a0; aucune mauvaise surprise.<\/p>\n<\/li>\n<\/ul>\n<p class=\"\" data-start=\"1384\" data-end=\"1510\">\ud83d\udccc <strong data-start=\"1387\" data-end=\"1396\">Remarque\u00a0:<\/strong> Cette annonce ne comprend pas les instructions d&rsquo;installation. Si vous avez besoin d&rsquo;aide, n&rsquo;h\u00e9sitez pas \u00e0 nous contacter \u00e0 tout moment.<\/p>\n<p class=\"\" data-start=\"1512\" data-end=\"1679\">\ud83d\udca1 Ceci est l&rsquo;une des nombreuses <strong data-start=\"1535\" data-end=\"1551\">pi\u00e8ces d\u00e9tach\u00e9es pour ordinateurs portables<\/strong> que nous proposons pour DELL et d&rsquo;autres marques. Nous exp\u00e9dions depuis l&rsquo;Europe, mais nous servons nos clients <strong data-start=\"1632\" data-end=\"1645\">dans le monde entier<\/strong> gr\u00e2ce \u00e0 une livraison suivie et s\u00e9curis\u00e9e.<\/p>\n","protected":false},"excerpt":{"rendered":"<p>Coins en caoutchouc d&rsquo;origine pour DELL Latitude Rugged E7204. Remplacement id\u00e9al pour votre ordinateur portable robuste. Photos authentiques\u00a0: vous recevrez ce que vous voyez\u00a0!<\/p>\n","protected":false},"featured_media":17622,"template":"","meta":[],"product_brand":[],"product_cat":[52],"product_tag":[53],"class_list":{"0":"post-17560","1":"product","2":"type-product","3":"status-publish","4":"has-post-thumbnail","6":"product_cat-laptop-housing","7":"product_tag-dell","9":"first","10":"instock","11":"taxable","12":"shipping-taxable","13":"purchasable","14":"product-type-simple"},"_links":{"self":[{"href":"https:\/\/boreait.com\/fr\/wp-json\/wp\/v2\/product\/17560","targetHints":{"allow":["GET"]}}],"collection":[{"href":"https:\/\/boreait.com\/fr\/wp-json\/wp\/v2\/product"}],"about":[{"href":"https:\/\/boreait.com\/fr\/wp-json\/wp\/v2\/types\/product"}],"wp:featuredmedia":[{"embeddable":true,"href":"https:\/\/boreait.com\/fr\/wp-json\/wp\/v2\/media\/17622"}],"wp:attachment":[{"href":"https:\/\/boreait.com\/fr\/wp-json\/wp\/v2\/media?parent=17560"}],"wp:term":[{"taxonomy":"product_brand","embeddable":true,"href":"https:\/\/boreait.com\/fr\/wp-json\/wp\/v2\/product_brand?post=17560"},{"taxonomy":"product_cat","embeddable":true,"href":"https:\/\/boreait.com\/fr\/wp-json\/wp\/v2\/product_cat?post=17560"},{"taxonomy":"product_tag","embeddable":true,"href":"https:\/\/boreait.com\/fr\/wp-json\/wp\/v2\/product_tag?post=17560"}],"curies":[{"name":"wp","href":"https:\/\/api.w.org\/{rel}","templated":true}]}}