{"id":17556,"date":"2025-09-16T17:04:25","date_gmt":"2025-09-16T15:04:25","guid":{"rendered":"https:\/\/boreait.com\/fr\/?post_type=product&#038;p=17556"},"modified":"2025-09-16T17:06:31","modified_gmt":"2025-09-16T15:06:31","slug":"cable-jack-cc-doccasion-pour-dell-latitude-5404-5414-7404-7414-7204-7214-02yyff","status":"publish","type":"product","link":"https:\/\/boreait.com\/fr\/produit\/cable-jack-cc-doccasion-pour-dell-latitude-5404-5414-7404-7414-7204-7214-02yyff\/","title":{"rendered":"C\u00e2ble jack CC d&rsquo;occasion pour Dell Latitude 5404, 5414, 7404, 7414, 7204, 7214 02YYFF"},"content":{"rendered":"<p data-start=\"177\" data-end=\"309\"><strong data-start=\"177\" data-end=\"309\">C\u00e2ble d&rsquo;alimentation CC d&rsquo;occasion pour Dell Latitude Rugged Series \u2013 5404, 5414, 7404, 7414, 7204, 7214 \u2013 R\u00e9f.\u00a0: 02YYFF, TDP-105HSR2-D-102-J<\/strong><\/p>\n<p data-start=\"311\" data-end=\"506\">Ce c\u00e2ble d&rsquo;alimentation CC d&rsquo;occasion est <em data-start=\"321\" data-end=\"341\">test\u00e9 et fonctionnel<\/em>. Il est id\u00e9al pour r\u00e9parer ou restaurer les probl\u00e8mes de connexion \u00e9lectrique de votre ordinateur portable Dell Latitude Rugged Series. Compatible avec les mod\u00e8les suivants\u00a0:<\/p>\n<ul data-start=\"508\" data-end=\"682\">\n<li data-start=\"508\" data-end=\"558\">\n<p data-start=\"510\" data-end=\"558\"><strong data-start=\"510\" data-end=\"533\">Latitude 14 Rugged\u00a0:<\/strong> 5404, 5414, 7404, 7414<\/p>\n<\/li>\n<li data-start=\"559\" data-end=\"597\">\n<p data-start=\"561\" data-end=\"597\"><strong data-start=\"561\" data-end=\"584\">Latitude 12 Rugged\u00a0:<\/strong> 7204, 7214<\/p>\n<\/li>\n<li data-start=\"598\" data-end=\"639\">\n<p data-start=\"600\" data-end=\"639\">R\u00e9f\u00e9rences Dell\u00a0: <strong data-start=\"619\" data-end=\"637\">02YYFF \/ 2YYFF<\/strong><\/p>\n<\/li>\n<li data-start=\"640\" data-end=\"682\">\n<p data-start=\"642\" data-end=\"682\">Mod\u00e8le de connecteur\u00a0: <strong data-start=\"659\" data-end=\"682\">TDP-105HSR2-D-102-J<\/strong><\/p>\n<\/li>\n<\/ul>\n<p data-start=\"684\" data-end=\"859\">\u2714 Retrait professionnel d&rsquo;un appareil en \u00e9tat de marche<br data-start=\"730\" data-end=\"733\" \/>\u2714 Inspection pour d\u00e9tecter tout dommage physique \u2013 <em data-start=\"771\" data-end=\"800\">Pas de fissures, pas de fils expos\u00e9s<\/em><br data-start=\"800\" data-end=\"803\" \/>\u2714 Id\u00e9al pour les techniciens et les projets de r\u00e9paration d&rsquo;ordinateurs portables \u00e0 faire soi-m\u00eame<\/p>\n<p data-start=\"861\" data-end=\"954\"><strong data-start=\"861\" data-end=\"870\">Remarque\u00a0:<\/strong> Il s&rsquo;agit d&rsquo;une pi\u00e8ce d&rsquo;occasion en bon \u00e9tat. Veuillez v\u00e9rifier la compatibilit\u00e9 avant de commander.<\/p>\n","protected":false},"excerpt":{"rendered":"<p>C\u00e2ble d&rsquo;alimentation CC d&rsquo;occasion pour Dell Latitude Rugged s\u00e9ries 14\/12 (5404\u20137414, 7204\u20137214). R\u00e9f\u00e9rence\u00a0: 02YYFF. Test\u00e9 et en \u00e9tat de fonctionnement.<\/p>\n","protected":false},"featured_media":17611,"template":"","meta":[],"product_brand":[],"product_cat":[56],"product_tag":[],"class_list":{"0":"post-17556","1":"product","2":"type-product","3":"status-publish","4":"has-post-thumbnail","6":"product_cat-cables","8":"first","9":"instock","10":"taxable","11":"shipping-taxable","12":"purchasable","13":"product-type-simple"},"_links":{"self":[{"href":"https:\/\/boreait.com\/fr\/wp-json\/wp\/v2\/product\/17556","targetHints":{"allow":["GET"]}}],"collection":[{"href":"https:\/\/boreait.com\/fr\/wp-json\/wp\/v2\/product"}],"about":[{"href":"https:\/\/boreait.com\/fr\/wp-json\/wp\/v2\/types\/product"}],"wp:featuredmedia":[{"embeddable":true,"href":"https:\/\/boreait.com\/fr\/wp-json\/wp\/v2\/media\/17611"}],"wp:attachment":[{"href":"https:\/\/boreait.com\/fr\/wp-json\/wp\/v2\/media?parent=17556"}],"wp:term":[{"taxonomy":"product_brand","embeddable":true,"href":"https:\/\/boreait.com\/fr\/wp-json\/wp\/v2\/product_brand?post=17556"},{"taxonomy":"product_cat","embeddable":true,"href":"https:\/\/boreait.com\/fr\/wp-json\/wp\/v2\/product_cat?post=17556"},{"taxonomy":"product_tag","embeddable":true,"href":"https:\/\/boreait.com\/fr\/wp-json\/wp\/v2\/product_tag?post=17556"}],"curies":[{"name":"wp","href":"https:\/\/api.w.org\/{rel}","templated":true}]}}