{"id":17543,"date":"2025-09-16T17:03:59","date_gmt":"2025-09-16T15:03:59","guid":{"rendered":"https:\/\/boreait.com\/fr\/?post_type=product&#038;p=17543"},"modified":"2025-09-16T17:05:58","modified_gmt":"2025-09-16T15:05:58","slug":"couvercle-superieur-dorigine-pour-ordinateur-portable-dell-latitude-rugged-e7204-pieces-dorigine-pour-ordinateur-portable-serie-e7204","status":"publish","type":"product","link":"https:\/\/boreait.com\/fr\/produit\/couvercle-superieur-dorigine-pour-ordinateur-portable-dell-latitude-rugged-e7204-pieces-dorigine-pour-ordinateur-portable-serie-e7204\/","title":{"rendered":"Couvercle sup\u00e9rieur d&rsquo;origine pour ordinateur portable Dell Latitude Rugged E7204 \u2013 Pi\u00e8ces d&rsquo;origine pour ordinateur portable s\u00e9rie E7204"},"content":{"rendered":"<p class=\"\" data-start=\"606\" data-end=\"845\">Redonnez \u00e0 votre Dell Latitude Rugged E7204 sa durabilit\u00e9 et son esth\u00e9tique avec ce <strong data-start=\"689\" data-end=\"715\">couvercle sup\u00e9rieur d&rsquo;origine<\/strong>. Ce <strong data-start=\"732\" data-end=\"758\">composant Dell d&rsquo;origine<\/strong> est id\u00e9al pour remplacer un bo\u00eetier sup\u00e9rieur us\u00e9 ou endommag\u00e9 sur votre ordinateur portable de la s\u00e9rie E7204.<\/p>\n<p class=\"\" data-start=\"847\" data-end=\"1157\">Que vous reconditionniez votre appareil pour le revendre ou que vous souhaitiez simplement le maintenir en parfait \u00e9tat, cette <strong data-start=\"959\" data-end=\"974\">pi\u00e8ce pour ordinateur portable<\/strong> garantit un ajustement parfait et une qualit\u00e9 de niveau OEM. Le couvercle sup\u00e9rieur est d&rsquo;occasion, mais en excellent \u00e9tat. Les <strong data-start=\"1078\" data-end=\"1124\">photos de l&rsquo;annonce montrent l&rsquo;article r\u00e9el<\/strong> que vous recevrez\u00a0; aucune mauvaise surprise.<\/p>\n<p class=\"\" data-start=\"1159\" data-end=\"1420\">Remarque\u00a0:<br data-start=\"1171\" data-end=\"1174\" \/>\ud83d\udccc Cette annonce concerne le <strong data-start=\"1201\" data-end=\"1217\">couvercle sup\u00e9rieur uniquement<\/strong>\u00a0; il n&rsquo;inclut pas les composants internes tels que les charni\u00e8res, l&rsquo;\u00e9cran ou le cadre.<br data-start=\"1300\" data-end=\"1303\" \/>\ud83d\udccc Nous ne fournissons pas d&rsquo;instructions d&rsquo;installation, mais n&rsquo;h\u00e9sitez pas \u00e0 nous contacter pour toute question d&rsquo;aide ou de compatibilit\u00e9.<\/p>\n<p class=\"\" data-start=\"1422\" data-end=\"1571\">\ud83c\udf0d Exp\u00e9di\u00e9 depuis Europe avec options de livraison dans le monde entier disponibles.<br data-start=\"1485\" data-end=\"1488\" \/>\ud83d\udee0\ufe0f Un choix fiable pour les ateliers de r\u00e9paration, les revendeurs ou les remplacements de pi\u00e8ces d&rsquo;ordinateurs portables DIY.<\/p>\n","protected":false},"excerpt":{"rendered":"<p>Couvercle sup\u00e9rieur d&rsquo;origine pour Dell Latitude Rugged E7204. Pi\u00e8ce de rechange id\u00e9ale pour restaurer l&rsquo;apparence d&rsquo;origine et prot\u00e9ger votre ordinateur portable.<\/p>\n","protected":false},"featured_media":17600,"template":"","meta":[],"product_brand":[],"product_cat":[52],"product_tag":[53],"class_list":{"0":"post-17543","1":"product","2":"type-product","3":"status-publish","4":"has-post-thumbnail","6":"product_cat-laptop-housing","7":"product_tag-dell","9":"first","10":"instock","11":"taxable","12":"shipping-taxable","13":"purchasable","14":"product-type-simple"},"_links":{"self":[{"href":"https:\/\/boreait.com\/fr\/wp-json\/wp\/v2\/product\/17543","targetHints":{"allow":["GET"]}}],"collection":[{"href":"https:\/\/boreait.com\/fr\/wp-json\/wp\/v2\/product"}],"about":[{"href":"https:\/\/boreait.com\/fr\/wp-json\/wp\/v2\/types\/product"}],"wp:featuredmedia":[{"embeddable":true,"href":"https:\/\/boreait.com\/fr\/wp-json\/wp\/v2\/media\/17600"}],"wp:attachment":[{"href":"https:\/\/boreait.com\/fr\/wp-json\/wp\/v2\/media?parent=17543"}],"wp:term":[{"taxonomy":"product_brand","embeddable":true,"href":"https:\/\/boreait.com\/fr\/wp-json\/wp\/v2\/product_brand?post=17543"},{"taxonomy":"product_cat","embeddable":true,"href":"https:\/\/boreait.com\/fr\/wp-json\/wp\/v2\/product_cat?post=17543"},{"taxonomy":"product_tag","embeddable":true,"href":"https:\/\/boreait.com\/fr\/wp-json\/wp\/v2\/product_tag?post=17543"}],"curies":[{"name":"wp","href":"https:\/\/api.w.org\/{rel}","templated":true}]}}