{"id":17531,"date":"2025-09-16T17:03:33","date_gmt":"2025-09-16T15:03:33","guid":{"rendered":"https:\/\/boreait.com\/fr\/?post_type=product&#038;p=17531"},"modified":"2025-09-16T17:05:45","modified_gmt":"2025-09-16T15:05:45","slug":"cache-hdmi-robuste-dorigine-pour-ordinateur-portable-dell-latitude-e7204-piece-dorigine-pour-ordinateur-portable-ue","status":"publish","type":"product","link":"https:\/\/boreait.com\/fr\/produit\/cache-hdmi-robuste-dorigine-pour-ordinateur-portable-dell-latitude-e7204-piece-dorigine-pour-ordinateur-portable-ue\/","title":{"rendered":"Cache HDMI robuste d&rsquo;origine pour ordinateur portable Dell Latitude E7204 \u2013 Pi\u00e8ce d&rsquo;origine pour ordinateur portable (UE)"},"content":{"rendered":"<p class=\"\" data-start=\"625\" data-end=\"1000\">Restaure la protection int\u00e9grale de votre ordinateur portable DELL Latitude E7204 Rugged gr\u00e2ce \u00e0 ce <strong data-start=\"700\" data-end=\"723\">cache HDMI d&rsquo;origine<\/strong>. Ce petit <strong data-start=\"747\" data-end=\"762\">cache HDMI<\/strong> essentiel est con\u00e7u pour prot\u00e9ger votre port HDMI de la poussi\u00e8re, de l&rsquo;humidit\u00e9 et des chocs. Sp\u00e9cialement con\u00e7u pour la <strong data-start=\"856\" data-end=\"879\">s\u00e9rie E7204 Rugged<\/strong>, ce cache DELL d&rsquo;origine garantit un ajustement parfait et une durabilit\u00e9 optimale, tout en pr\u00e9servant les normes de robustesse pour lesquelles votre appareil a \u00e9t\u00e9 con\u00e7u.<\/p>\n<p class=\"\" data-start=\"1002\" data-end=\"1366\">Ce cache HDMI d&rsquo;origine est id\u00e9al si votre cache HDMI d&rsquo;origine a \u00e9t\u00e9 perdu ou endommag\u00e9. Il s&rsquo;enclenche fermement et offre le m\u00eame niveau de couverture et de protection des ports que celui fourni avec votre appareil. Que vous utilisiez votre ordinateur portable dans des environnements difficiles ou que vous souhaitiez simplement le maintenir propre et en bon \u00e9tat de fonctionnement, cette pi\u00e8ce de rechange est une solution simple et efficace.<\/p>\n<p class=\"\" data-start=\"1368\" data-end=\"1387\">\u2705 <strong data-start=\"1370\" data-end=\"1387\">Caract\u00e9ristiques principales\u00a0:<\/strong><\/p>\n<ul data-start=\"1388\" data-end=\"1665\">\n<li class=\"\" data-start=\"1388\" data-end=\"1436\">\n<p class=\"\" data-start=\"1390\" data-end=\"1436\">Compatible avec <strong data-start=\"1406\" data-end=\"1436\">DELL Latitude E7204 Rugged<\/strong><\/p>\n<\/li>\n<li class=\"\" data-start=\"1437\" data-end=\"1477\">\n<p class=\"\" data-start=\"1439\" data-end=\"1477\">Pi\u00e8ce d&rsquo;origine pour ordinateur portable DELL <strong data-start=\"1462\" data-end=\"1477\">authentique<\/strong><\/p>\n<\/li>\n<li class=\"\" data-start=\"1478\" data-end=\"1519\">\n<p class=\"\" data-start=\"1480\" data-end=\"1519\">Prot\u00e8ge le port HDMI de la poussi\u00e8re et des d\u00e9bris<\/p>\n<\/li>\n<li class=\"\" data-start=\"1520\" data-end=\"1558\">\n<p class=\"\" data-start=\"1522\" data-end=\"1558\">Installation facile par encliquetage \u2013 aucun outil requis<\/p>\n<\/li>\n<li class=\"\" data-start=\"1559\" data-end=\"1611\">\n<p class=\"\" data-start=\"1561\" data-end=\"1611\">Photos r\u00e9elles du produit\u00a0: vous obtenez exactement ce que vous voyez.<\/p>\n<\/li>\n<li class=\"\" data-start=\"1612\" data-end=\"1665\">\n<p class=\"\" data-start=\"1614\" data-end=\"1665\">Exp\u00e9di\u00e9 depuis l&rsquo;Europe, disponible dans le monde entier.<\/p>\n<\/li>\n<\/ul>\n<p class=\"\" data-start=\"1667\" data-end=\"1806\">\ud83d\udce9 <strong data-start=\"1670\" data-end=\"1690\">Besoin d&rsquo;aide\u00a0?<\/strong> Bien que nous ne fournissions pas d&rsquo;instructions d&rsquo;installation, n&rsquo;h\u00e9sitez pas \u00e0 nous contacter pour toute question. Nous serons ravis de vous aider.<\/p>\n","protected":false},"excerpt":{"rendered":"<p>Cache de port HDMI d&rsquo;origine pour ordinateur portable DELL Latitude E7204 Rugged. Id\u00e9al pour remplacer les caches perdus ou endommag\u00e9s. Pi\u00e8ce d&rsquo;origine durable. Exp\u00e9di\u00e9 depuis l&rsquo;Europe.<\/p>\n","protected":false},"featured_media":17597,"template":"","meta":[],"product_brand":[],"product_cat":[52],"product_tag":[53],"class_list":{"0":"post-17531","1":"product","2":"type-product","3":"status-publish","4":"has-post-thumbnail","6":"product_cat-laptop-housing","7":"product_tag-dell","9":"first","10":"instock","11":"taxable","12":"shipping-taxable","13":"purchasable","14":"product-type-simple"},"_links":{"self":[{"href":"https:\/\/boreait.com\/fr\/wp-json\/wp\/v2\/product\/17531","targetHints":{"allow":["GET"]}}],"collection":[{"href":"https:\/\/boreait.com\/fr\/wp-json\/wp\/v2\/product"}],"about":[{"href":"https:\/\/boreait.com\/fr\/wp-json\/wp\/v2\/types\/product"}],"wp:featuredmedia":[{"embeddable":true,"href":"https:\/\/boreait.com\/fr\/wp-json\/wp\/v2\/media\/17597"}],"wp:attachment":[{"href":"https:\/\/boreait.com\/fr\/wp-json\/wp\/v2\/media?parent=17531"}],"wp:term":[{"taxonomy":"product_brand","embeddable":true,"href":"https:\/\/boreait.com\/fr\/wp-json\/wp\/v2\/product_brand?post=17531"},{"taxonomy":"product_cat","embeddable":true,"href":"https:\/\/boreait.com\/fr\/wp-json\/wp\/v2\/product_cat?post=17531"},{"taxonomy":"product_tag","embeddable":true,"href":"https:\/\/boreait.com\/fr\/wp-json\/wp\/v2\/product_tag?post=17531"}],"curies":[{"name":"wp","href":"https:\/\/api.w.org\/{rel}","templated":true}]}}