{"id":17529,"date":"2025-09-16T17:03:33","date_gmt":"2025-09-16T15:03:33","guid":{"rendered":"https:\/\/boreait.com\/fr\/?post_type=product&#038;p=17529"},"modified":"2025-09-16T17:05:35","modified_gmt":"2025-09-16T15:05:35","slug":"cache-arriere-pour-ordinateur-portable-dell-latitude-rugged-e7204-pieces-dorigine-pour-ordinateur-portable-stock-ue","status":"publish","type":"product","link":"https:\/\/boreait.com\/fr\/produit\/cache-arriere-pour-ordinateur-portable-dell-latitude-rugged-e7204-pieces-dorigine-pour-ordinateur-portable-stock-ue\/","title":{"rendered":"Cache arri\u00e8re pour ordinateur portable Dell Latitude Rugged E7204 \u2013 Pi\u00e8ces d&rsquo;origine pour ordinateur portable, stock UE"},"content":{"rendered":"<p class=\"\" data-start=\"526\" data-end=\"773\">Am\u00e9liorez ou remplacez votre coque arri\u00e8re endommag\u00e9e par cette <strong data-start=\"579\" data-end=\"628\">coque arri\u00e8re authentique pour DELL Latitude Rugged E7204<\/strong>. Il s&rsquo;agit d&rsquo;une pi\u00e8ce d&rsquo;origine pour ordinateur portable, et non d&rsquo;une r\u00e9plique. Parfaitement adapt\u00e9e \u00e0 votre mod\u00e8le Rugged E7204, elle offre durabilit\u00e9 et qualit\u00e9 OEM.<\/p>\n<p class=\"\" data-start=\"775\" data-end=\"993\">Cette pi\u00e8ce d&rsquo;ordinateur portable a \u00e9t\u00e9 soigneusement retir\u00e9e d&rsquo;un ordinateur fonctionnel et est <strong data-start=\"841\" data-end=\"882\">enti\u00e8rement inspect\u00e9e et en bon \u00e9tat<\/strong>. Id\u00e9al pour les techniciens, les ateliers de r\u00e9paration ou les bricoleurs souhaitant restaurer leur Rugged E7204 \u00e0 son \u00e9tat d&rsquo;origine.<\/p>\n<p class=\"\" data-start=\"995\" data-end=\"1123\">\ud83d\udd27 <strong data-start=\"998\" data-end=\"1007\">Remarque\u00a0:<\/strong> Aucune instruction de remplacement n&rsquo;est fournie, mais si vous avez besoin d&rsquo;aide ou des questions, n&rsquo;h\u00e9sitez pas \u00e0 nous contacter.<\/p>\n<p class=\"\" data-start=\"1125\" data-end=\"1156\">\ud83d\udce6 <strong data-start=\"1128\" data-end=\"1156\">Pourquoi acheter chez Siggmo\u00a0?<\/strong><\/p>\n<ul data-start=\"1157\" data-end=\"1321\">\n<li class=\"\" data-start=\"1157\" data-end=\"1201\">\n<p class=\"\" data-start=\"1159\" data-end=\"1201\">Vendeur de confiance de <strong data-start=\"1177\" data-end=\"1201\">pi\u00e8ces d\u00e9tach\u00e9es pour ordinateurs portables de qualit\u00e9<\/strong><\/p>\n<\/li>\n<li class=\"\" data-start=\"1202\" data-end=\"1233\">\n<p class=\"\" data-start=\"1204\" data-end=\"1233\">Exp\u00e9dition rapide depuis l&rsquo;UE<\/p>\n<\/li>\n<li class=\"\" data-start=\"1234\" data-end=\"1286\">\n<p class=\"\" data-start=\"1236\" data-end=\"1286\">Photos r\u00e9elles des produits\u00a0: vous recevrez ce que vous voyez<\/p>\n<\/li>\n<li class=\"\" data-start=\"1287\" data-end=\"1321\">\n<p class=\"\" data-start=\"1289\" data-end=\"1321\">Livraison internationale Disponible<\/p>\n<\/li>\n<\/ul>\n<p class=\"\" data-start=\"1323\" data-end=\"1457\">\u2705 <strong data-start=\"1325\" data-end=\"1344\">Compatible avec<\/strong>\u00a0: DELL Latitude Rugged E7204<br data-start=\"1372\" data-end=\"1375\" \/>\ud83d\udcf7 <strong data-start=\"1378\" data-end=\"1388\">Photos<\/strong>\u00a0: Les photos de cette annonce montrent l&rsquo;article que vous recevrez.<\/p>\n","protected":false},"excerpt":{"rendered":"<p>Cache arri\u00e8re d&rsquo;origine pour Dell Latitude Rugged E7204. Soigneusement d\u00e9mont\u00e9, test\u00e9 et pr\u00eat \u00e0 \u00eatre exp\u00e9di\u00e9 depuis l&rsquo;entrep\u00f4t de l&rsquo;UE. Photos des pi\u00e8ces d&rsquo;origine incluses.<\/p>\n","protected":false},"featured_media":17590,"template":"","meta":[],"product_brand":[],"product_cat":[52],"product_tag":[53],"class_list":{"0":"post-17529","1":"product","2":"type-product","3":"status-publish","4":"has-post-thumbnail","6":"product_cat-laptop-housing","7":"product_tag-dell","9":"first","10":"instock","11":"taxable","12":"shipping-taxable","13":"purchasable","14":"product-type-simple"},"_links":{"self":[{"href":"https:\/\/boreait.com\/fr\/wp-json\/wp\/v2\/product\/17529","targetHints":{"allow":["GET"]}}],"collection":[{"href":"https:\/\/boreait.com\/fr\/wp-json\/wp\/v2\/product"}],"about":[{"href":"https:\/\/boreait.com\/fr\/wp-json\/wp\/v2\/types\/product"}],"wp:featuredmedia":[{"embeddable":true,"href":"https:\/\/boreait.com\/fr\/wp-json\/wp\/v2\/media\/17590"}],"wp:attachment":[{"href":"https:\/\/boreait.com\/fr\/wp-json\/wp\/v2\/media?parent=17529"}],"wp:term":[{"taxonomy":"product_brand","embeddable":true,"href":"https:\/\/boreait.com\/fr\/wp-json\/wp\/v2\/product_brand?post=17529"},{"taxonomy":"product_cat","embeddable":true,"href":"https:\/\/boreait.com\/fr\/wp-json\/wp\/v2\/product_cat?post=17529"},{"taxonomy":"product_tag","embeddable":true,"href":"https:\/\/boreait.com\/fr\/wp-json\/wp\/v2\/product_tag?post=17529"}],"curies":[{"name":"wp","href":"https:\/\/api.w.org\/{rel}","templated":true}]}}