{"id":17528,"date":"2025-09-16T17:03:33","date_gmt":"2025-09-16T15:03:33","guid":{"rendered":"https:\/\/boreait.com\/fr\/?post_type=product&#038;p=17528"},"modified":"2025-09-16T17:05:30","modified_gmt":"2025-09-16T15:05:30","slug":"carte-dalimentation-jpwr1-pour-dell-latitude-rugged-e7204-pieces-detachees-pour-ordinateur-portable","status":"publish","type":"product","link":"https:\/\/boreait.com\/fr\/produit\/carte-dalimentation-jpwr1-pour-dell-latitude-rugged-e7204-pieces-detachees-pour-ordinateur-portable\/","title":{"rendered":"Carte d&rsquo;alimentation JPWR1 pour Dell Latitude Rugged E7204 | Pi\u00e8ces d\u00e9tach\u00e9es pour ordinateur portable"},"content":{"rendered":"<p class=\"\" data-start=\"728\" data-end=\"994\">Restaurez votre Dell Latitude Rugged E7204 avec cette <strong data-start=\"787\" data-end=\"815\">carte du bouton d&rsquo;alimentation JPWR1<\/strong> d&rsquo;origine, la pi\u00e8ce essentielle pour alimenter votre appareil. Si votre ordinateur portable ne s&rsquo;allume pas ou si le bouton d&rsquo;alimentation ne r\u00e9agit pas, le remplacement de cette carte pourrait \u00eatre la solution.<\/p>\n<p class=\"\" data-start=\"996\" data-end=\"1183\">Il s&rsquo;agit d&rsquo;une <strong data-start=\"1006\" data-end=\"1034\">pi\u00e8ce d&rsquo;origine pour ordinateur portable Dell<\/strong>, soigneusement d\u00e9mont\u00e9e et test\u00e9e. Il est id\u00e9al pour les techniciens de r\u00e9paration, les reconditionneurs ou les bricoleurs souhaitant redonner vie \u00e0 leur Dell E7204 robuste.<\/p>\n<p class=\"\" data-start=\"1185\" data-end=\"1209\">\ud83d\udd27 <strong data-start=\"1188\" data-end=\"1209\">Caract\u00e9ristiques du produit\u00a0:<\/strong><\/p>\n<ul data-start=\"1210\" data-end=\"1457\">\n<li class=\"\" data-start=\"1210\" data-end=\"1258\">\n<p class=\"\" data-start=\"1212\" data-end=\"1258\">Compatible avec le <strong data-start=\"1228\" data-end=\"1258\">Dell Latitude Rugged E7204<\/strong><\/p>\n<\/li>\n<li class=\"\" data-start=\"1259\" data-end=\"1282\">\n<p class=\"\" data-start=\"1261\" data-end=\"1282\">Mod\u00e8le\/R\u00e9f\u00e9rence\u00a0: <strong data-start=\"1273\" data-end=\"1282\">JPWR1<\/strong><\/p>\n<\/li>\n<li class=\"\" data-start=\"1283\" data-end=\"1317\">\n<p class=\"\" data-start=\"1285\" data-end=\"1317\">Fonction\u00a0: <strong data-start=\"1295\" data-end=\"1317\">Carte du bouton d&rsquo;alimentation<\/strong><\/p>\n<\/li>\n<li class=\"\" data-start=\"1318\" data-end=\"1343\">\n<p class=\"\" data-start=\"1320\" data-end=\"1343\">Composant Dell d&rsquo;origine<\/p>\n<\/li>\n<li class=\"\" data-start=\"1344\" data-end=\"1385\">\n<p class=\"\" data-start=\"1346\" data-end=\"1385\">Inspect\u00e9 et en parfait \u00e9tat de fonctionnement<\/p>\n<\/li>\n<li class=\"\" data-start=\"1386\" data-end=\"1457\">\n<p class=\"\" data-start=\"1388\" data-end=\"1457\"><strong data-start=\"1388\" data-end=\"1411\">Photos r\u00e9elles du produit<\/strong> \u2013 vous recevrez exactement ce que vous voyez.<\/p>\n<\/li>\n<\/ul>\n<p class=\"\" data-start=\"1459\" data-end=\"1591\">\ud83d\udca1 <strong data-start=\"1462\" data-end=\"1471\">Remarque\u00a0:<\/strong> Nous ne fournissons pas d&rsquo;instructions d&rsquo;installation, mais n&rsquo;h\u00e9sitez pas \u00e0 nous contacter si vous avez des questions\u00a0; nous serons ravis de vous aider.<\/p>\n<p \ud83c\udf0d Exp\u00e9di\u00e9 depuis l'Europe avec livraison internationale disponible. Fournisseur de confiance de <strong data-start=\"1666\" data-end=\"1682\">pi\u00e8ces d\u00e9tach\u00e9es pour ordinateurs portables<\/strong> dans toute l&rsquo;UE et au-del\u00e0.<\/p>\n","protected":false},"excerpt":{"rendered":"<p class=\"\" data-start=\"520\" data-end=\"677\">Carte bouton d&rsquo;alimentation JPWR1 d&rsquo;origine pour Dell Latitude Rugged E7204. Id\u00e9ale pour r\u00e9soudre les probl\u00e8mes d&rsquo;alimentation. Photos authentiques\u00a0: vous obtenez ce que vous voyez\u00a0!<\/p>\n","protected":false},"featured_media":17588,"template":"","meta":[],"product_brand":[],"product_cat":[63],"product_tag":[53],"class_list":{"0":"post-17528","1":"product","2":"type-product","3":"status-publish","4":"has-post-thumbnail","6":"product_cat-motherboards-board-parts","7":"product_tag-dell","9":"first","10":"instock","11":"taxable","12":"shipping-taxable","13":"purchasable","14":"product-type-simple"},"_links":{"self":[{"href":"https:\/\/boreait.com\/fr\/wp-json\/wp\/v2\/product\/17528","targetHints":{"allow":["GET"]}}],"collection":[{"href":"https:\/\/boreait.com\/fr\/wp-json\/wp\/v2\/product"}],"about":[{"href":"https:\/\/boreait.com\/fr\/wp-json\/wp\/v2\/types\/product"}],"wp:featuredmedia":[{"embeddable":true,"href":"https:\/\/boreait.com\/fr\/wp-json\/wp\/v2\/media\/17588"}],"wp:attachment":[{"href":"https:\/\/boreait.com\/fr\/wp-json\/wp\/v2\/media?parent=17528"}],"wp:term":[{"taxonomy":"product_brand","embeddable":true,"href":"https:\/\/boreait.com\/fr\/wp-json\/wp\/v2\/product_brand?post=17528"},{"taxonomy":"product_cat","embeddable":true,"href":"https:\/\/boreait.com\/fr\/wp-json\/wp\/v2\/product_cat?post=17528"},{"taxonomy":"product_tag","embeddable":true,"href":"https:\/\/boreait.com\/fr\/wp-json\/wp\/v2\/product_tag?post=17528"}],"curies":[{"name":"wp","href":"https:\/\/api.w.org\/{rel}","templated":true}]}}