{"id":17527,"date":"2025-09-16T17:03:32","date_gmt":"2025-09-16T15:03:32","guid":{"rendered":"https:\/\/boreait.com\/fr\/?post_type=product&#038;p=17527"},"modified":"2025-09-16T17:05:24","modified_gmt":"2025-09-16T15:05:24","slug":"carte-led-pour-ordinateur-portable-dell-latitude-rugged-e7204-piece-dorigine-pour-ordinateur-portable-livraison-rapide","status":"publish","type":"product","link":"https:\/\/boreait.com\/fr\/produit\/carte-led-pour-ordinateur-portable-dell-latitude-rugged-e7204-piece-dorigine-pour-ordinateur-portable-livraison-rapide\/","title":{"rendered":"Carte LED pour ordinateur portable Dell Latitude Rugged E7204 \u2013 Pi\u00e8ce d&rsquo;origine pour ordinateur portable \u2013 Livraison rapide"},"content":{"rendered":"<p class=\"\" data-start=\"548\" data-end=\"631\"><strong data-start=\"548\" data-end=\"631\">Carte LED d&rsquo;origine pour DELL Latitude Rugged E7204 \u2013 Pi\u00e8ce de rechange de qualit\u00e9 SIGGMO<\/strong><\/p>\n<p class=\"\" data-start=\"633\" data-end=\"864\">Vous recherchez une carte LED de remplacement fiable pour votre DELL Latitude Rugged E7204\u00a0? Il s&rsquo;agit d&rsquo;une pi\u00e8ce d&rsquo;origine test\u00e9e, issue d&rsquo;un appareil en \u00e9tat de marche, id\u00e9ale pour une r\u00e9paration professionnelle ou la restauration de votre ordinateur portable.<\/p>\n<p class=\"\" data-start=\"866\" data-end=\"1121\">Cette carte LED est enti\u00e8rement fonctionnelle et id\u00e9ale pour ceux qui recherchent une pi\u00e8ce de rechange de haute qualit\u00e9 pour ordinateur portable, sans compromis. Comme toujours, les photos correspondent exactement \u00e0 ce que vous recevrez. Toutes les images sont r\u00e9elles et pr\u00e9sentent la carte m\u00e8re pour une transparence totale.<\/p>\n<p class=\"\" data-start=\"1123\" data-end=\"1147\">\ud83d\udccc <strong data-start=\"1126\" data-end=\"1146\">Caract\u00e9ristiques du produit<\/strong>\u00a0:<\/p>\n<ul data-start=\"1148\" data-end=\"1339\">\n<li class=\"\" data-start=\"1148\" data-end=\"1197\">\n<p class=\"\" data-start=\"1150\" data-end=\"1197\">Compatible avec\u00a0: <strong data-start=\"1167\" data-end=\"1197\">DELL Latitude Rugged E7204<\/strong><\/p>\n<\/li>\n<li class=\"\" data-start=\"1198\" data-end=\"1219\">\n<p class=\"\" data-start=\"1200\" data-end=\"1219\">Type\u00a0: <strong data-start=\"1206\" data-end=\"1219\">Carte LED<\/strong><\/p>\n<\/li>\n<li class=\"\" data-start=\"1220\" data-end=\"1266\">\n<p class=\"\" data-start=\"1222\" data-end=\"1266\">Pi\u00e8ce d&rsquo;origine DELL, pas de remplacement g\u00e9n\u00e9rique<\/p>\n<\/li>\n<li class=\"\" data-start=\"1267\" data-end=\"1297\">\n<p class=\"\" data-start=\"1269\" data-end=\"1297\">Test\u00e9 et fonctionnel<\/p>\n<\/li>\n<li class=\"\" data-start=\"1298\" data-end=\"1339\">\n<p class=\"\" data-start=\"1300\" data-end=\"1339\">Soigneusement retir\u00e9 d&rsquo;un ordinateur portable en \u00e9tat de marche<\/p>\n<\/li>\n<\/ul>\n<p class=\"\" data-start=\"1341\" data-end=\"1477\">\ud83d\udce6 <strong data-start=\"1344\" data-end=\"1356\">Exp\u00e9dition<\/strong>\u00a0:<br data-start=\"1357\" data-end=\"1360\" \/>Nous exp\u00e9dions rapidement depuis l&rsquo;Europe et livrons dans le monde entier. Si vous r\u00e9sidez dans l&rsquo;UE ou dans les r\u00e9gions voisines, attendez-vous \u00e0 des d\u00e9lais de livraison rapides.<\/p>\n<p class=\"\" data-start=\"1479\" data-end=\"1639\">\ud83d\udcac <strong data-start=\"1482\" data-end=\"1496\">Besoin d&rsquo;aide\u00a0?<\/strong><br data-start=\"1496\" data-end=\"1499\" \/>Nous ne fournissons pas d&rsquo;instructions d&rsquo;installation, mais si vous avez des questions avant ou apr\u00e8s l&rsquo;achat, n&rsquo;h\u00e9sitez pas \u00e0 nous contacter\u00a0; nous serons ravis de vous aider\u00a0!<\/p>\n","protected":false},"excerpt":{"rendered":"<p>Carte LED d&rsquo;origine pour Dell Latitude Rugged E7204. Pi\u00e8ce d&rsquo;origine test\u00e9e, id\u00e9ale pour les r\u00e9parations ou les remplacements. Livraison rapide depuis l&rsquo;Europe.<\/p>\n","protected":false},"featured_media":17587,"template":"","meta":[],"product_brand":[],"product_cat":[63],"product_tag":[53],"class_list":{"0":"post-17527","1":"product","2":"type-product","3":"status-publish","4":"has-post-thumbnail","6":"product_cat-motherboards-board-parts","7":"product_tag-dell","9":"first","10":"instock","11":"taxable","12":"shipping-taxable","13":"purchasable","14":"product-type-simple"},"_links":{"self":[{"href":"https:\/\/boreait.com\/fr\/wp-json\/wp\/v2\/product\/17527","targetHints":{"allow":["GET"]}}],"collection":[{"href":"https:\/\/boreait.com\/fr\/wp-json\/wp\/v2\/product"}],"about":[{"href":"https:\/\/boreait.com\/fr\/wp-json\/wp\/v2\/types\/product"}],"wp:featuredmedia":[{"embeddable":true,"href":"https:\/\/boreait.com\/fr\/wp-json\/wp\/v2\/media\/17587"}],"wp:attachment":[{"href":"https:\/\/boreait.com\/fr\/wp-json\/wp\/v2\/media?parent=17527"}],"wp:term":[{"taxonomy":"product_brand","embeddable":true,"href":"https:\/\/boreait.com\/fr\/wp-json\/wp\/v2\/product_brand?post=17527"},{"taxonomy":"product_cat","embeddable":true,"href":"https:\/\/boreait.com\/fr\/wp-json\/wp\/v2\/product_cat?post=17527"},{"taxonomy":"product_tag","embeddable":true,"href":"https:\/\/boreait.com\/fr\/wp-json\/wp\/v2\/product_tag?post=17527"}],"curies":[{"name":"wp","href":"https:\/\/api.w.org\/{rel}","templated":true}]}}