{"id":17522,"date":"2025-09-16T17:03:06","date_gmt":"2025-09-16T15:03:06","guid":{"rendered":"https:\/\/boreait.com\/fr\/?post_type=product&#038;p=17522"},"modified":"2025-09-16T17:05:21","modified_gmt":"2025-09-16T15:05:21","slug":"cache-dalimentation-pour-tablette-dell-latitude-7212-rugged-pieces-dorigine-pour-ordinateur-portable-stock-ue","status":"publish","type":"product","link":"https:\/\/boreait.com\/fr\/produit\/cache-dalimentation-pour-tablette-dell-latitude-7212-rugged-pieces-dorigine-pour-ordinateur-portable-stock-ue\/","title":{"rendered":"Cache d&rsquo;alimentation pour tablette Dell Latitude 7212 Rugged, pi\u00e8ces d&rsquo;origine pour ordinateur portable, stock UE"},"content":{"rendered":"<p class=\"\" data-start=\"645\" data-end=\"873\">Vous recherchez des <strong data-start=\"666\" data-end=\"682\">pi\u00e8ces d\u00e9tach\u00e9es pour ordinateur portable<\/strong> fiables pour restaurer votre appareil Dell Rugged\u00a0? Ce <strong data-start=\"724\" data-end=\"788\">cache d&rsquo;alimentation pour tablette Dell Latitude 7212 Rugged Extreme<\/strong> est une pi\u00e8ce d&rsquo;origine Dell, id\u00e9ale pour remplacer un cache d&rsquo;alimentation endommag\u00e9 ou non fonctionnel.<\/p>\n<p class=\"\" data-start=\"875\" data-end=\"1138\">Nous nous approvisionnons uniquement en pi\u00e8ces d&rsquo;origine, et celle-ci a \u00e9t\u00e9 soigneusement contr\u00f4l\u00e9e pour garantir sa qualit\u00e9 et ses performances. Que vous r\u00e9pariez votre propre appareil ou que vous manipuliez la tablette robuste d&rsquo;un client, ce cache d&rsquo;alimentation garantit durabilit\u00e9 et compatibilit\u00e9 avec la s\u00e9rie Latitude 7212.<\/p>\n<p class=\"\" data-start=\"1140\" data-end=\"1163\">\ud83d\udce6 <strong data-start=\"1143\" data-end=\"1162\">D\u00e9tails du produit<\/strong>\u00a0:<\/p>\n<ul data-start=\"1164\" data-end=\"1426\">\n<li class=\"\" data-start=\"1164\" data-end=\"1188\">\n<p class=\"\" data-start=\"1166\" data-end=\"1188\">Produit\u00a0: Cache d&rsquo;alimentation<\/p>\n<\/li>\n<li class=\"\" data-start=\"1189\" data-end=\"1248\">\n<p class=\"\" data-start=\"1191\" data-end=\"1248\">Compatibilit\u00e9\u00a0: Tablette Dell Latitude 7212 Rugged Extreme<\/p>\n<\/li>\n<li class=\"\" data-start=\"1249\" data-end=\"1298\">\n<p class=\"\" data-start=\"1251\" data-end=\"1298\">\u00c9tat\u00a0: Occasion, test\u00e9 et enti\u00e8rement fonctionnel<\/p>\n<\/li>\n<li class=\"\" data-start=\"1299\" data-end=\"1354\">\n<p class=\"\" data-start=\"1301\" data-end=\"1354\">R\u00e9gion\u00a0: Exp\u00e9di\u00e9 depuis l&rsquo;Europe\u00a0\u2013 Livraison rapide dans l&rsquo;UE<\/p>\n<\/li>\n<li class=\"\" data-start=\"1355\" data-end=\"1426\">\n<p class=\"\" data-start=\"1357\" data-end=\"1426\">Photos\u00a0: Ce que vous voyez est ce que vous obtenez\u00a0\u2013 photos r\u00e9elles de l&rsquo;appareil pi\u00e8ce<\/p>\n<\/li>\n<\/ul>\n<p class=\"\" data-start=\"1428\" data-end=\"1650\">Ceci est une <strong data-start=\"1438\" data-end=\"1472\">pi\u00e8ce de rechange pour ordinateur portable de qualit\u00e9 professionnelle<\/strong>, id\u00e9ale pour les environnements difficiles o\u00f9 la fiabilit\u00e9 est primordiale. Aucune instruction d&rsquo;installation n&rsquo;est fournie, mais n&rsquo;h\u00e9sitez pas \u00e0 nous contacter si vous avez des questions\u00a0; nous serons ravis de vous aider.<\/p>\n","protected":false},"excerpt":{"rendered":"<p>Cache d&rsquo;alimentation d&rsquo;origine pour tablette Dell Latitude 7212 Rugged Extreme. Pi\u00e8ce d&rsquo;origine, test\u00e9e et pr\u00eate \u00e0 \u00eatre exp\u00e9di\u00e9e depuis l&rsquo;Europe. Photos authentiques\u00a0: vous recevrez ce que vous voyez.<\/p>\n","protected":false},"featured_media":17586,"template":"","meta":[],"product_brand":[],"product_cat":[52],"product_tag":[53],"class_list":{"0":"post-17522","1":"product","2":"type-product","3":"status-publish","4":"has-post-thumbnail","6":"product_cat-laptop-housing","7":"product_tag-dell","9":"first","10":"instock","11":"taxable","12":"shipping-taxable","13":"purchasable","14":"product-type-simple"},"_links":{"self":[{"href":"https:\/\/boreait.com\/fr\/wp-json\/wp\/v2\/product\/17522","targetHints":{"allow":["GET"]}}],"collection":[{"href":"https:\/\/boreait.com\/fr\/wp-json\/wp\/v2\/product"}],"about":[{"href":"https:\/\/boreait.com\/fr\/wp-json\/wp\/v2\/types\/product"}],"wp:featuredmedia":[{"embeddable":true,"href":"https:\/\/boreait.com\/fr\/wp-json\/wp\/v2\/media\/17586"}],"wp:attachment":[{"href":"https:\/\/boreait.com\/fr\/wp-json\/wp\/v2\/media?parent=17522"}],"wp:term":[{"taxonomy":"product_brand","embeddable":true,"href":"https:\/\/boreait.com\/fr\/wp-json\/wp\/v2\/product_brand?post=17522"},{"taxonomy":"product_cat","embeddable":true,"href":"https:\/\/boreait.com\/fr\/wp-json\/wp\/v2\/product_cat?post=17522"},{"taxonomy":"product_tag","embeddable":true,"href":"https:\/\/boreait.com\/fr\/wp-json\/wp\/v2\/product_tag?post=17522"}],"curies":[{"name":"wp","href":"https:\/\/api.w.org\/{rel}","templated":true}]}}