{"id":17520,"date":"2025-09-16T17:02:59","date_gmt":"2025-09-16T15:02:59","guid":{"rendered":"https:\/\/boreait.com\/fr\/?post_type=product&#038;p=17520"},"modified":"2025-09-16T17:05:10","modified_gmt":"2025-09-16T15:05:10","slug":"coque-arriere-dorigine-pour-tablette-dell-latitude-12-rugged-7202-pieces-detachees-pour-ordinateur-portable-ue","status":"publish","type":"product","link":"https:\/\/boreait.com\/fr\/produit\/coque-arriere-dorigine-pour-tablette-dell-latitude-12-rugged-7202-pieces-detachees-pour-ordinateur-portable-ue\/","title":{"rendered":"Coque arri\u00e8re d&rsquo;origine pour tablette Dell Latitude 12 Rugged 7202 | Pi\u00e8ces d\u00e9tach\u00e9es pour ordinateur portable (UE)"},"content":{"rendered":"<p class=\"\" data-start=\"593\" data-end=\"903\">Il s&rsquo;agit d&rsquo;une <strong data-start=\"604\" data-end=\"627\">coque arri\u00e8re d&rsquo;origine<\/strong> pour la <strong data-start=\"636\" data-end=\"675\">tablette robuste Dell Latitude 12 7202<\/strong>, parfaite pour restaurer la durabilit\u00e9 et la protection robuste de votre appareil. Que votre coque actuelle soit fissur\u00e9e, manquante ou us\u00e9e, cette coque de remplacement garantit \u00e0 votre tablette sa robustesse et ses performances fiables.<\/p>\n<p class=\"\" data-start=\"905\" data-end=\"1250\">\u2714\ufe0f <strong data-start=\"908\" data-end=\"924\">Type de produit<\/strong>\u00a0: Pi\u00e8ces pour ordinateur portable \u2013 Coque arri\u00e8re<br data-start=\"956\" data-end=\"959\" \/>\u2714\ufe0f <strong data-start=\"962\" data-end=\"979\">Compatibilit\u00e9<\/strong>\u00a0: Tablette Dell Latitude 12 Rugged 7202<br data-start=\"1016\" data-end=\"1019\" \/>\u2714\ufe0f <strong data-start=\"1022\" data-end=\"1035\">\u00c9tat<\/strong>\u00a0: Occasion \u2013 Pi\u00e8ce d&rsquo;origine Dell en bon \u00e9tat<br data-start=\"1080\" data-end=\"1083\" \/>\u2714\ufe0f <strong data-start=\"1086\" data-end=\"1096\">Photos<\/strong>\u00a0: Ce que vous voyez est ce que vous recevez\u00a0; la liste pr\u00e9sente des <strong data-start=\"1150\" data-end=\"1167\">photos r\u00e9elles<\/strong> de la pi\u00e8ce que vous recevrez.<br data-start=\"1194\" data-end=\"1197\" \/>\u2714\ufe0f <strong data-start=\"1200\" data-end=\"1210\">R\u00e9gion<\/strong>\u00a0: Exp\u00e9di\u00e9 depuis l&rsquo;Europe, disponible dans le monde entier.<\/p>\n<p class=\"\" data-start=\"1252\" data-end=\"1529\">Cette pi\u00e8ce est un excellent choix pour les r\u00e9parateurs professionnels, les techniciens amateurs ou les entreprises g\u00e9rant un parc de tablettes Dell robustes. Bien que les <strong data-start=\"1381\" data-end=\"1426\">instructions de remplacement ne soient pas incluses<\/strong>, n&rsquo;h\u00e9sitez pas \u00e0 nous contacter si vous avez besoin d&rsquo;aide ou des questions de compatibilit\u00e9\u00a0; nous serons ravis de vous aider\u00a0!<\/p>\n<p class=\"\" data-start=\"1531\" data-end=\"1638\">\ud83d\udee0\ufe0f Restaurez votre tablette avec des pi\u00e8ces d&rsquo;origine pour ordinateur portable Siggmo, approuv\u00e9es par des professionnels dans toute l&rsquo;Europe.<\/p>\n","protected":false},"excerpt":{"rendered":"<p class=\"\" data-start=\"382\" data-end=\"538\">Coque arri\u00e8re d&rsquo;origine pour tablette Dell Latitude 12 Rugged 7202. Id\u00e9ale pour remplacer un bo\u00eetier arri\u00e8re endommag\u00e9 ou manquant. Pi\u00e8ce d&rsquo;origine, photos authentiques\u00a0\u2014 exp\u00e9di\u00e9e depuis l&rsquo;Europe.<\/p>\n","protected":false},"featured_media":17578,"template":"","meta":[],"product_brand":[],"product_cat":[52],"product_tag":[53],"class_list":{"0":"post-17520","1":"product","2":"type-product","3":"status-publish","4":"has-post-thumbnail","6":"product_cat-laptop-housing","7":"product_tag-dell","9":"first","10":"instock","11":"taxable","12":"shipping-taxable","13":"purchasable","14":"product-type-simple"},"_links":{"self":[{"href":"https:\/\/boreait.com\/fr\/wp-json\/wp\/v2\/product\/17520","targetHints":{"allow":["GET"]}}],"collection":[{"href":"https:\/\/boreait.com\/fr\/wp-json\/wp\/v2\/product"}],"about":[{"href":"https:\/\/boreait.com\/fr\/wp-json\/wp\/v2\/types\/product"}],"wp:featuredmedia":[{"embeddable":true,"href":"https:\/\/boreait.com\/fr\/wp-json\/wp\/v2\/media\/17578"}],"wp:attachment":[{"href":"https:\/\/boreait.com\/fr\/wp-json\/wp\/v2\/media?parent=17520"}],"wp:term":[{"taxonomy":"product_brand","embeddable":true,"href":"https:\/\/boreait.com\/fr\/wp-json\/wp\/v2\/product_brand?post=17520"},{"taxonomy":"product_cat","embeddable":true,"href":"https:\/\/boreait.com\/fr\/wp-json\/wp\/v2\/product_cat?post=17520"},{"taxonomy":"product_tag","embeddable":true,"href":"https:\/\/boreait.com\/fr\/wp-json\/wp\/v2\/product_tag?post=17520"}],"curies":[{"name":"wp","href":"https:\/\/api.w.org\/{rel}","templated":true}]}}