{"id":17516,"date":"2025-09-16T17:02:27","date_gmt":"2025-09-16T15:02:27","guid":{"rendered":"https:\/\/boreait.com\/fr\/?post_type=product&#038;p=17516"},"modified":"2025-09-16T17:05:07","modified_gmt":"2025-09-16T15:05:07","slug":"cache-camera-arriere-pour-tablette-dell-latitude-12-rugged-7202-piece-dorigine-pour-ordinateur-portable","status":"publish","type":"product","link":"https:\/\/boreait.com\/fr\/produit\/cache-camera-arriere-pour-tablette-dell-latitude-12-rugged-7202-piece-dorigine-pour-ordinateur-portable\/","title":{"rendered":"Cache cam\u00e9ra arri\u00e8re pour tablette Dell Latitude 12 Rugged 7202 \u2013 Pi\u00e8ce d&rsquo;origine pour ordinateur portable"},"content":{"rendered":"<p class=\"\" data-start=\"576\" data-end=\"892\">Restaurez toutes les fonctionnalit\u00e9s de votre tablette Dell Latitude 12 Rugged 7202 avec ce <strong data-start=\"661\" data-end=\"690\">cache de cam\u00e9ra arri\u00e8re d&rsquo;origine<\/strong> \u2013 une <strong data-start=\"705\" data-end=\"720\">pi\u00e8ce d&rsquo;ordinateur portable<\/strong> indispensable pour quiconque souhaite r\u00e9parer ou compl\u00e9ter son appareil robuste. Cette <strong data-start=\"788\" data-end=\"817\">pi\u00e8ce de rechange d&rsquo;origine<\/strong> est id\u00e9ale si votre cache cam\u00e9ra actuel est manquant, endommag\u00e9 ou us\u00e9.<\/p>\n<p class=\"\" data-start=\"894\" data-end=\"1120\">Sp\u00e9cialement con\u00e7u pour la tablette Dell Latitude 12 7202 Rugged, ce cache cam\u00e9ra offre un ajustement pr\u00e9cis et une grande durabilit\u00e9, prot\u00e9geant ainsi la cam\u00e9ra arri\u00e8re de votre tablette de la poussi\u00e8re, des chocs et autres \u00e9l\u00e9ments externes.<\/p>\n<p class=\"\" data-start=\"1122\" data-end=\"1232\">Ceci est une <strong data-start=\"1132\" data-end=\"1165\">photo r\u00e9elle de la pi\u00e8ce<\/strong> que vous recevrez\u00a0; aucune image d&rsquo;archive. Vous obtiendrez exactement ce qui est pr\u00e9sent\u00e9.<\/p>\n<p class=\"\" data-start=\"1234\" data-end=\"1254\">\ud83d\udce6 <strong data-start=\"1237\" data-end=\"1254\">Principales caract\u00e9ristiques\u00a0:<\/strong><\/p>\n<ul data-start=\"1255\" data-end=\"1544\">\n<li class=\"\" data-start=\"1255\" data-end=\"1318\">\n<p class=\"\" data-start=\"1257\" data-end=\"1318\">Protecteur de cam\u00e9ra OEM compatible avec le Dell Latitude 12 Rugged 7202<\/p>\n<\/li>\n<li class=\"\" data-start=\"1319\" data-end=\"1369\">\n<p class=\"\" data-start=\"1321\" data-end=\"1369\">Durable et robuste \u2013 con\u00e7u pour les environnements difficiles environnements<\/p>\n<\/li>\n<li class=\"\" data-start=\"1370\" data-end=\"1433\">\n<p class=\"\" data-start=\"1372\" data-end=\"1433\">Facile \u00e0 installer et s&rsquo;adapte parfaitement (aucune notice fournie)<\/p>\n<\/li>\n<li class=\"\" data-start=\"1434\" data-end=\"1489\">\n<p class=\"\" data-start=\"1436\" data-end=\"1489\">Id\u00e9al pour les techniciens, les services informatiques ou les r\u00e9parations \u00e0 domicile<\/p>\n<\/li>\n<li class=\"\" data-start=\"1490\" data-end=\"1544\">\n<p class=\"\" data-start=\"1492\" data-end=\"1544\">Excellent compl\u00e9ment \u00e0 votre stock de pi\u00e8ces d\u00e9tach\u00e9es pour ordinateurs portables de qualit\u00e9<\/p>\n<\/li>\n<\/ul>\n<p class=\"\" data-start=\"1546\" data-end=\"1662\">\ud83d\udcac Si vous avez besoin d&rsquo;aide pour identifier la compatibilit\u00e9 ou si vous avez des questions, n&rsquo;h\u00e9sitez pas \u00e0 nous contacter. Nous serons ravis de vous aider.<\/p>\n","protected":false},"excerpt":{"rendered":"<p>Cache cam\u00e9ra arri\u00e8re d&rsquo;origine pour tablette Dell Latitude 12 Rugged 7202. Pi\u00e8ce de rechange id\u00e9ale pour restaurer une protection compl\u00e8te de la cam\u00e9ra arri\u00e8re de votre tablette.<\/p>\n","protected":false},"featured_media":17577,"template":"","meta":[],"product_brand":[],"product_cat":[59],"product_tag":[53],"class_list":{"0":"post-17516","1":"product","2":"type-product","3":"status-publish","4":"has-post-thumbnail","6":"product_cat-laptop-camera","7":"product_tag-dell","9":"first","10":"instock","11":"taxable","12":"shipping-taxable","13":"purchasable","14":"product-type-simple"},"_links":{"self":[{"href":"https:\/\/boreait.com\/fr\/wp-json\/wp\/v2\/product\/17516","targetHints":{"allow":["GET"]}}],"collection":[{"href":"https:\/\/boreait.com\/fr\/wp-json\/wp\/v2\/product"}],"about":[{"href":"https:\/\/boreait.com\/fr\/wp-json\/wp\/v2\/types\/product"}],"wp:featuredmedia":[{"embeddable":true,"href":"https:\/\/boreait.com\/fr\/wp-json\/wp\/v2\/media\/17577"}],"wp:attachment":[{"href":"https:\/\/boreait.com\/fr\/wp-json\/wp\/v2\/media?parent=17516"}],"wp:term":[{"taxonomy":"product_brand","embeddable":true,"href":"https:\/\/boreait.com\/fr\/wp-json\/wp\/v2\/product_brand?post=17516"},{"taxonomy":"product_cat","embeddable":true,"href":"https:\/\/boreait.com\/fr\/wp-json\/wp\/v2\/product_cat?post=17516"},{"taxonomy":"product_tag","embeddable":true,"href":"https:\/\/boreait.com\/fr\/wp-json\/wp\/v2\/product_tag?post=17516"}],"curies":[{"name":"wp","href":"https:\/\/api.w.org\/{rel}","templated":true}]}}