{"id":17515,"date":"2025-09-16T17:02:25","date_gmt":"2025-09-16T15:02:25","guid":{"rendered":"https:\/\/boreait.com\/fr\/?post_type=product&#038;p=17515"},"modified":"2025-09-16T17:05:02","modified_gmt":"2025-09-16T15:05:02","slug":"carte-dalimentation-pour-tablette-dell-latitude-12-rugged-7202-piece-dorigine-pour-ordinateur-portable","status":"publish","type":"product","link":"https:\/\/boreait.com\/fr\/produit\/carte-dalimentation-pour-tablette-dell-latitude-12-rugged-7202-piece-dorigine-pour-ordinateur-portable\/","title":{"rendered":"Carte d&rsquo;alimentation pour tablette Dell Latitude 12 Rugged 7202 \u2013 Pi\u00e8ce d&rsquo;origine pour ordinateur portable"},"content":{"rendered":"<p class=\"\" data-start=\"555\" data-end=\"841\">Voici une <strong data-start=\"565\" data-end=\"631\">carte bouton d&rsquo;alimentation 7202 d&rsquo;origine pour tablette Dell Latitude 12 Rugged Tablet<\/strong>, id\u00e9ale pour r\u00e9parer ou restaurer les fonctionnalit\u00e9s de votre appareil robuste. Si votre tablette ne s&rsquo;allume plus en raison d&rsquo;un bouton d\u00e9fectueux ou d&rsquo;une absence de r\u00e9ponse, cette <strong data-start=\"789\" data-end=\"816\">pi\u00e8ce de rechange pour ordinateur portable<\/strong> est la solution id\u00e9ale.<\/p>\n<p class=\"\" data-start=\"843\" data-end=\"1043\">Nous vendons uniquement des pi\u00e8ces d&rsquo;origine, et les photos que vous voyez sont exactement celles que vous recevrez\u00a0: <strong data-start=\"925\" data-end=\"958\">pas d&rsquo;images d&rsquo;archives, pas de mauvaises surprises<\/strong>. Cette carte de bouton d&rsquo;alimentation a \u00e9t\u00e9 soigneusement inspect\u00e9e et est pr\u00eate \u00e0 \u00eatre install\u00e9e.<\/p>\n<p class=\"\" data-start=\"1045\" data-end=\"1238\">Remarque\u00a0: Nous ne fournissons pas d&rsquo;instructions d&rsquo;installation. Cependant, si vous avez besoin d&rsquo;aide ou si vous avez des questions concernant la compatibilit\u00e9 ou l&rsquo;installation, n&rsquo;h\u00e9sitez pas \u00e0 nous <strong data-start=\"1192\" data-end=\"1215\">nous contacter directement<\/strong>\u00a0; nous serons ravis de vous aider.<\/p>\n<p class=\"\" data-start=\"1240\" data-end=\"1259\">\ud83d\udd27 <strong data-start=\"1243\" data-end=\"1259\">D\u00e9tails cl\u00e9s\u00a0:<\/strong><\/p>\n<ul data-start=\"1260\" data-end=\"1502\">\n<li class=\"\" data-start=\"1260\" data-end=\"1317\">\n<p class=\"\" data-start=\"1262\" data-end=\"1317\">Compatible avec la <strong data-start=\"1278\" data-end=\"1317\">tablette Dell Latitude 12 Rugged 7202<\/strong><\/p>\n<\/li>\n<li class=\"\" data-start=\"1318\" data-end=\"1378\">\n<p class=\"\" data-start=\"1320\" data-end=\"1378\">Carte du bouton d&rsquo;alimentation d&rsquo;origine, il ne s&rsquo;agit pas d&rsquo;une pi\u00e8ce de rechange tierce<\/p>\n<\/li>\n<li class=\"\" data-start=\"1379\" data-end=\"1418\">\n<p class=\"\" data-start=\"1381\" data-end=\"1418\">Id\u00e9al pour r\u00e9soudre les probl\u00e8mes d&rsquo;alimentation<\/p>\n<\/li>\n<li class=\"\" data-start=\"1419\" data-end=\"1448\">\n<p class=\"\" data-start=\"1421\" data-end=\"1448\">Exp\u00e9dition depuis l&rsquo;Europe dans le monde entier<\/p>\n<\/li>\n<li class=\"\" data-start=\"1449\" data-end=\"1502\">\n<p class=\"\" data-start=\"1451\" data-end=\"1502\">Photos r\u00e9elles utilis\u00e9es \u2013 <strong data-start=\"1470\" data-end=\"1502\">Ce que vous voyez est ce que vous obtenez<\/strong><\/p>\n<\/li>\n<\/ul>\n<p class=\"\" data-start=\"1504\" data-end=\"1719\">Cette <strong data-start=\"1527\" data-end=\"1542\">pi\u00e8ce d\u00e9tach\u00e9e pour ordinateur portable<\/strong> de haute qualit\u00e9 est destin\u00e9e aux professionnels comme aux bricoleurs amateurs. Que vous souhaitiez remettre \u00e0 neuf un appareil pour le revendre ou prolonger la dur\u00e9e de vie de votre appareil personnel, cette pi\u00e8ce est un choix fiable.<\/p>\n","protected":false},"excerpt":{"rendered":"<p class=\"\" data-start=\"402\" data-end=\"502\">Carte d&rsquo;alimentation d&rsquo;origine pour tablette Dell Latitude 12 Rugged 7202. Photos authentiques. Livraison dans le monde entier.<\/p>\n","protected":false},"featured_media":17576,"template":"","meta":[],"product_brand":[],"product_cat":[63],"product_tag":[53],"class_list":{"0":"post-17515","1":"product","2":"type-product","3":"status-publish","4":"has-post-thumbnail","6":"product_cat-motherboards-board-parts","7":"product_tag-dell","9":"first","10":"instock","11":"taxable","12":"shipping-taxable","13":"purchasable","14":"product-type-simple"},"_links":{"self":[{"href":"https:\/\/boreait.com\/fr\/wp-json\/wp\/v2\/product\/17515","targetHints":{"allow":["GET"]}}],"collection":[{"href":"https:\/\/boreait.com\/fr\/wp-json\/wp\/v2\/product"}],"about":[{"href":"https:\/\/boreait.com\/fr\/wp-json\/wp\/v2\/types\/product"}],"wp:featuredmedia":[{"embeddable":true,"href":"https:\/\/boreait.com\/fr\/wp-json\/wp\/v2\/media\/17576"}],"wp:attachment":[{"href":"https:\/\/boreait.com\/fr\/wp-json\/wp\/v2\/media?parent=17515"}],"wp:term":[{"taxonomy":"product_brand","embeddable":true,"href":"https:\/\/boreait.com\/fr\/wp-json\/wp\/v2\/product_brand?post=17515"},{"taxonomy":"product_cat","embeddable":true,"href":"https:\/\/boreait.com\/fr\/wp-json\/wp\/v2\/product_cat?post=17515"},{"taxonomy":"product_tag","embeddable":true,"href":"https:\/\/boreait.com\/fr\/wp-json\/wp\/v2\/product_tag?post=17515"}],"curies":[{"name":"wp","href":"https:\/\/api.w.org\/{rel}","templated":true}]}}