{"id":17511,"date":"2025-09-16T17:01:53","date_gmt":"2025-09-16T15:01:53","guid":{"rendered":"https:\/\/boreait.com\/fr\/?post_type=product&#038;p=17511"},"modified":"2025-09-16T17:04:56","modified_gmt":"2025-09-16T15:04:56","slug":"module-camera-pour-tablette-dell-latitude-12-rugged-7202-piece-dorigine-pour-ordinateur-portable","status":"publish","type":"product","link":"https:\/\/boreait.com\/fr\/produit\/module-camera-pour-tablette-dell-latitude-12-rugged-7202-piece-dorigine-pour-ordinateur-portable\/","title":{"rendered":"Module cam\u00e9ra pour tablette Dell Latitude 12 Rugged 7202 \u2013 Pi\u00e8ce d&rsquo;origine pour ordinateur portable"},"content":{"rendered":"<p class=\"\" data-start=\"647\" data-end=\"907\">Il s&rsquo;agit d&rsquo;un <strong data-start=\"657\" data-end=\"682\">module de cam\u00e9ra authentique<\/strong> retir\u00e9 d&rsquo;une <strong data-start=\"706\" data-end=\"745\">tablette robuste Dell Latitude 12 7202<\/strong> en \u00e9tat de marche. Id\u00e9ale pour remplacer une cam\u00e9ra endommag\u00e9e ou non fonctionnelle de votre tablette Dell robuste, cette pi\u00e8ce a \u00e9t\u00e9 enti\u00e8rement test\u00e9e et son excellent \u00e9tat de fonctionnement a \u00e9t\u00e9 confirm\u00e9.<\/p>\n<p class=\"\" data-start=\"909\" data-end=\"1235\">\u2714\ufe0f De <strong data-start=\"912\" data-end=\"927\">photos r\u00e9elles<\/strong> sont incluses dans l&rsquo;annonce, vous permettant ainsi de visualiser pr\u00e9cis\u00e9ment ce que vous achetez.<br data-start=\"1003\" data-end=\"1006\" \/>\u2714\ufe0f Il s&rsquo;agit d&rsquo;une <strong data-start=\"1019\" data-end=\"1034\">pi\u00e8ce d&rsquo;ordinateur portable<\/strong>, manipul\u00e9e par des professionnels, soigneusement retir\u00e9e et soigneusement emball\u00e9e pour la livraison.<br data-start=\"1112\" data-end=\"1115\" \/>\u2714\ufe0f Nous ne fournissons pas d&rsquo;instructions d&rsquo;installation, mais si vous avez besoin de conseils ou si vous avez des questions, n&rsquo;h\u00e9sitez pas \u00e0 nous contacter.<\/p>\n<p class=\"\" data-start=\"1237\" data-end=\"1395\">Que vous r\u00e9pariez ou revendiez un appareil, ce <strong data-start=\"1299\" data-end=\"1348\">module cam\u00e9ra fiable pour le Latitude 12 Rugged 7202<\/strong> contribue \u00e0 prolonger la dur\u00e9e de vie de votre investissement technologique.<\/p>\n<p class=\"\" data-start=\"1397\" data-end=\"1417\"><strong data-start=\"1397\" data-end=\"1415\">Compatibilit\u00e9\u00a0:<\/strong><\/p>\n<ul data-start=\"1418\" \u200b\u200bdata-end=\"1559\">\n<li class=\"\" data-start=\"1418\" \u200b\u200bdata-end=\"1559\">\n<p class=\"\" data-start=\"1420\" data-end=\"1559\">Tablette Dell Latitude 12 Rugged 7202<br data-start=\"1455\" data-end=\"1458\" \/>(Veuillez v\u00e9rifier la r\u00e9f\u00e9rence de votre pi\u00e8ce ou nous contacter avant l&rsquo;achat en cas de doute sur la compatibilit\u00e9.)<\/p>\n<\/li>\n<\/ul>\n<p class=\"\" data-start=\"1561\" data-end=\"1577\"><strong data-start=\"1561\" data-end=\"1575\">\u00c9tat\u00a0:<\/strong><\/p>\n<ul data-start=\"1578\" data-end=\"1667\">\n<li class=\"\" data-start=\"1578\" data-end=\"1603\">\n<p class=\"\" data-start=\"1580\" data-end=\"1603\">D&rsquo;occasion, enti\u00e8rement test\u00e9<\/p>\n<\/li>\n<li class=\"\" data-start=\"1604\" data-end=\"1628\">\n<p class=\"\" data-start=\"1606\" data-end=\"1628\">Propre et fonctionnel<\/p>\n<\/li>\n<li class=\"\" data-start=\"1629\" data-end=\"1667\">\n<p class=\"\" data-start=\"1631\" data-end=\"1667\">Pi\u00e8ce d&rsquo;origine, pas de pi\u00e8ce de rechange g\u00e9n\u00e9rique<\/p>\n<\/li>\n<\/ul>\n","protected":false},"excerpt":{"rendered":"<p class=\"\" data-start=\"409\" data-end=\"566\">Module cam\u00e9ra d&rsquo;origine pour tablette Dell Latitude 12 Rugged 7202. Test\u00e9 et pr\u00eat \u00e0 installer. Photos r\u00e9elles\u00a0: la pi\u00e8ce que vous voyez est exactement celle que vous recevrez.<\/p>\n","protected":false},"featured_media":17574,"template":"","meta":[],"product_brand":[],"product_cat":[59],"product_tag":[53],"class_list":{"0":"post-17511","1":"product","2":"type-product","3":"status-publish","4":"has-post-thumbnail","6":"product_cat-laptop-camera","7":"product_tag-dell","9":"first","10":"instock","11":"taxable","12":"shipping-taxable","13":"purchasable","14":"product-type-simple"},"_links":{"self":[{"href":"https:\/\/boreait.com\/fr\/wp-json\/wp\/v2\/product\/17511","targetHints":{"allow":["GET"]}}],"collection":[{"href":"https:\/\/boreait.com\/fr\/wp-json\/wp\/v2\/product"}],"about":[{"href":"https:\/\/boreait.com\/fr\/wp-json\/wp\/v2\/types\/product"}],"wp:featuredmedia":[{"embeddable":true,"href":"https:\/\/boreait.com\/fr\/wp-json\/wp\/v2\/media\/17574"}],"wp:attachment":[{"href":"https:\/\/boreait.com\/fr\/wp-json\/wp\/v2\/media?parent=17511"}],"wp:term":[{"taxonomy":"product_brand","embeddable":true,"href":"https:\/\/boreait.com\/fr\/wp-json\/wp\/v2\/product_brand?post=17511"},{"taxonomy":"product_cat","embeddable":true,"href":"https:\/\/boreait.com\/fr\/wp-json\/wp\/v2\/product_cat?post=17511"},{"taxonomy":"product_tag","embeddable":true,"href":"https:\/\/boreait.com\/fr\/wp-json\/wp\/v2\/product_tag?post=17511"}],"curies":[{"name":"wp","href":"https:\/\/api.w.org\/{rel}","templated":true}]}}