{"id":17506,"date":"2025-09-16T17:01:16","date_gmt":"2025-09-16T15:01:16","guid":{"rendered":"https:\/\/boreait.com\/fr\/?post_type=product&#038;p=17506"},"modified":"2025-09-16T17:04:39","modified_gmt":"2025-09-16T15:04:39","slug":"touche-de-remplacement-pour-clavier-lenovo-v330-v15-v17-choisissez-votre-touche","status":"publish","type":"product","link":"https:\/\/boreait.com\/fr\/produit\/touche-de-remplacement-pour-clavier-lenovo-v330-v15-v17-choisissez-votre-touche\/","title":{"rendered":"Touche de remplacement pour clavier Lenovo V330 V15 V17 \u2013 Choisissez votre touche"},"content":{"rendered":"<p class=\"\" data-start=\"200\" data-end=\"405\">Remplacez les touches manquantes ou endommag\u00e9es sur votre clavier Lenovo IdeaPad par des touches de remplacement individuelles de haute qualit\u00e9. Ce produit est compatible avec les mod\u00e8les <strong data-start=\"343\" data-end=\"397\">Lenovo IdeaPad V330-15ISK, V15 G1-IML et V17-IIL<\/strong>.<\/p>\n<p class=\"\" data-start=\"407\" data-end=\"601\">\ud83d\udfe2 <strong data-start=\"410\" data-end=\"430\">Contenu\u00a0:<\/strong><br data-start=\"430\" data-end=\"433\" \/>Vous recevrez une touche individuelle de votre choix (touche sup\u00e9rieure + charni\u00e8re + d\u00f4me en caoutchouc si n\u00e9cessaire)\u00a0; il vous suffit de s\u00e9lectionner la touche souhait\u00e9e dans l&rsquo;image de la fiche produit.<\/p>\n<p class=\"\" data-start=\"603\" data-end=\"628\">\u2705 <strong data-start=\"605\" data-end=\"626\">Caract\u00e9ristiques du produit\u00a0:<\/strong><\/p>\n<ul data-start=\"629\" data-end=\"880\">\n<li class=\"\" data-start=\"629\" data-end=\"663\">\n<p class=\"\" data-start=\"631\" data-end=\"663\">Touches de rechange 100 % d&rsquo;origine<\/p>\n<\/li>\n<li class=\"\" data-start=\"664\" data-end=\"726\">\n<p class=\"\" data-start=\"666\" data-end=\"726\">Comprend un capuchon de touche, un m\u00e9canisme de charni\u00e8re et un rev\u00eatement en caoutchouc (si n\u00e9cessaire)<\/p>\n<\/li>\n<li class=\"\" data-start=\"727\" data-end=\"770\">\n<p class=\"\" data-start=\"729\" data-end=\"770\">Installation facile\u00a0: aucune soudure requise<\/p>\n<\/li>\n<li class=\"\" data-start=\"771\" data-end=\"815\">\n<p class=\"\" data-start=\"773\" data-end=\"815\">Retir\u00e9e avec pr\u00e9caution des claviers en \u00e9tat de marche<\/p>\n<\/li>\n<li class=\"\" data-start=\"816\" data-end=\"880\">\n<p class=\"\" data-start=\"818\" data-end=\"880\">Parfaitement adapt\u00e9e \u00e0 votre Lenovo IdeaPad V330, V15 ou V17<\/p>\n<\/li>\n<\/ul>\n<p class=\"\" data-start=\"882\" data-end=\"1073\">\ud83d\udcf7 <strong data-start=\"885\" data-end=\"894\">Remarque\u00a0:<\/strong><br data-start=\"894\" data-end=\"897\" \/>Veuillez vous r\u00e9f\u00e9rer \u00e0 la photo de l&rsquo;annonce pour identifier et choisir la touche exacte dont vous avez besoin. En cas de doute sur la compatibilit\u00e9 ou l&rsquo;installation, n&rsquo;h\u00e9sitez pas \u00e0 nous contacter pour obtenir de l&rsquo;aide.<\/p>\n<p class=\"\" data-start=\"1075\" data-end=\"1166\">Restaurez toutes les fonctionnalit\u00e9s de votre clavier sans avoir \u00e0 le remplacer enti\u00e8rement\u00a0!<\/p>\n","protected":false},"excerpt":{"rendered":"<p>Touches de remplacement individuelles pour Lenovo IdeaPad V330-15ISK, V15 G1-IML, V17-IIL. Comprend un capuchon de touche, une charni\u00e8re et un d\u00f4me en caoutchouc si n\u00e9cessaire. Choisissez votre touche sur l&rsquo;image.<\/p>\n","protected":false},"featured_media":17563,"template":"","meta":[],"product_brand":[],"product_cat":[60],"product_tag":[62],"class_list":{"0":"post-17506","1":"product","2":"type-product","3":"status-publish","4":"has-post-thumbnail","6":"product_cat-individual-keyboard-keys","7":"product_tag-lenovo","9":"first","10":"instock","11":"taxable","12":"shipping-taxable","13":"purchasable","14":"product-type-simple"},"_links":{"self":[{"href":"https:\/\/boreait.com\/fr\/wp-json\/wp\/v2\/product\/17506","targetHints":{"allow":["GET"]}}],"collection":[{"href":"https:\/\/boreait.com\/fr\/wp-json\/wp\/v2\/product"}],"about":[{"href":"https:\/\/boreait.com\/fr\/wp-json\/wp\/v2\/types\/product"}],"wp:featuredmedia":[{"embeddable":true,"href":"https:\/\/boreait.com\/fr\/wp-json\/wp\/v2\/media\/17563"}],"wp:attachment":[{"href":"https:\/\/boreait.com\/fr\/wp-json\/wp\/v2\/media?parent=17506"}],"wp:term":[{"taxonomy":"product_brand","embeddable":true,"href":"https:\/\/boreait.com\/fr\/wp-json\/wp\/v2\/product_brand?post=17506"},{"taxonomy":"product_cat","embeddable":true,"href":"https:\/\/boreait.com\/fr\/wp-json\/wp\/v2\/product_cat?post=17506"},{"taxonomy":"product_tag","embeddable":true,"href":"https:\/\/boreait.com\/fr\/wp-json\/wp\/v2\/product_tag?post=17506"}],"curies":[{"name":"wp","href":"https:\/\/api.w.org\/{rel}","templated":true}]}}