{"id":17497,"date":"2025-09-16T16:59:56","date_gmt":"2025-09-16T14:59:56","guid":{"rendered":"https:\/\/boreait.com\/fr\/?post_type=product&#038;p=17497"},"modified":"2025-09-16T17:04:20","modified_gmt":"2025-09-16T15:04:20","slug":"carte-graphique-nvidia-quadro-nvs-295-256-mo-displayport-pcie-x16-hp-641462-001","status":"publish","type":"product","link":"https:\/\/boreait.com\/fr\/produit\/carte-graphique-nvidia-quadro-nvs-295-256-mo-displayport-pcie-x16-hp-641462-001\/","title":{"rendered":"Carte graphique NVIDIA Quadro NVS 295 256 Mo DisplayPort PCIe x16 HP 641462-001"},"content":{"rendered":"<p class=\"\" data-start=\"743\" data-end=\"1098\">Am\u00e9liorez les capacit\u00e9s d&rsquo;affichage de votre syst\u00e8me avec la <strong data-start=\"795\" data-end=\"834\">carte graphique NVIDIA Quadro NVS 295<\/strong>, une solution fiable pour les professionnels \u00e0 la recherche d&rsquo;une <strong data-start=\"881\" data-end=\"906\">prise en charge multi-\u00e9crans<\/strong> et de <strong data-start=\"911\" data-end=\"933\">performances stables<\/strong>. Cette carte compacte est con\u00e7ue pour une utilisation professionnelle, financi\u00e8re et g\u00e9n\u00e9rale sur les postes de travail, garantissant un fonctionnement fluide pour les applications n\u00e9cessitant plusieurs \u00e9crans.<\/p>\n<h4 class=\"\" data-start=\"1100\" data-end=\"1124\"><strong data-start=\"1105\" data-end=\"1122\">Principales caract\u00e9ristiques\u00a0:<\/strong><\/h4>\n<p class=\"\" data-start=\"1125\" data-end=\"1597\">\u2714 <strong data-start=\"1127\" data-end=\"1149\">256\u00a0Mo de m\u00e9moire GDDR3<\/strong> \u2013 Prise en charge des applications 2D, de la lecture vid\u00e9o et du multit\u00e2che.<br data-start=\"1218\" data-end=\"1221\" \/>\u2714 <strong data-start=\"1223\" data-end=\"1251\">Double DisplayPort Sorties<\/strong> \u2013 Prise en charge de plusieurs \u00e9crans pour un espace de travail \u00e9tendu.<br data-start=\"1307\" data-end=\"1310\" \/>\u2714 <strong data-start=\"1312\" data-end=\"1334\">Interface PCIe x16<\/strong> \u2013 Transfert de donn\u00e9es rapide et compatibilit\u00e9 avec les cartes m\u00e8res modernes.<br data-start=\"1407\" data-end=\"1410\" \/>\u2714 <strong data-start=\"1412\" data-end=\"1434\">Conception compacte<\/strong> \u2013 Id\u00e9al pour les syst\u00e8mes compacts (SFF) et les ordinateurs de bureau standard.<br data-start=\"1502\" data-end=\"1505\" \/>\u2714 <strong data-start=\"1507\" data-end=\"1527\">\u00c9conomie d&rsquo;\u00e9nergie<\/strong> \u2013 Con\u00e7u pour un fonctionnement silencieux et sans surchauffe, avec une faible consommation d&rsquo;\u00e9nergie.<\/p>\n<h4 class=\"\" data-start=\"1599\" data-end=\"1636\"><strong data-start=\"1604\" data-end=\"1634\">Compatibilit\u00e9 et \u00c9tat\u00a0:<\/strong><\/h4>\n<p class=\"\" data-start=\"1637\" data-end=\"1782\">\u2705 <strong data-start=\"1639\" data-end=\"1658\">R\u00e9f\u00e9rence HP\u00a0:<\/strong> 641462-001<br data-start=\"1669\" data-end=\"1672\" \/>\u2705 Enti\u00e8rement test\u00e9 et en <strong data-start=\"1694\" data-end=\"1715\">\u00e9tat de fonctionnement<\/strong>.<br data-start=\"1716\" data-end=\"1719\" \/>\u2705 <strong data-start=\"1721\" data-end=\"1744\">Photos r\u00e9elles du produit<\/strong> \u2013 Vous recevrez l&rsquo;article que vous voyez\u00a0!<\/p>\n<p class=\"\" data-start=\"1784\" data-end=\"1930\">\ud83d\udce9 <strong data-start=\"1787\" data-end=\"1801\">Besoin d&rsquo;aide\u00a0?<\/strong> Bien que nous ne fournissions pas d&rsquo;instructions d&rsquo;installation, n&rsquo;h\u00e9sitez pas \u00e0 nous envoyer un message pour toute assistance concernant la compatibilit\u00e9 ou la configuration.<\/p>\n","protected":false},"excerpt":{"rendered":"<p>Am\u00e9liorez votre station de travail avec la <strong data-start=\"389\" data-end=\"414\">NVIDIA Quadro NVS 295<\/strong>, une carte graphique professionnelle con\u00e7ue pour les configurations multi-\u00e9crans. Dot\u00e9e de <strong data-start=\"496\" data-end=\"518\">256 Mo de m\u00e9moire GDDR3<\/strong> et d&rsquo;une <strong data-start=\"523\" data-end=\"550\">double sortie DisplayPort<\/strong>, elle offre des performances fluides pour les applications professionnelles et les configurations boursi\u00e8res. <strong data-start=\"635\" data-end=\"657\">R\u00e9f\u00e9rence HP\u00a0: 641462-001<\/strong>.<\/p>\n","protected":false},"featured_media":17553,"template":"","meta":[],"product_brand":[],"product_cat":[108],"product_tag":[],"class_list":{"0":"post-17497","1":"product","2":"type-product","3":"status-publish","4":"has-post-thumbnail","6":"product_cat-graphics-cards","8":"first","9":"instock","10":"taxable","11":"shipping-taxable","12":"purchasable","13":"product-type-simple"},"_links":{"self":[{"href":"https:\/\/boreait.com\/fr\/wp-json\/wp\/v2\/product\/17497","targetHints":{"allow":["GET"]}}],"collection":[{"href":"https:\/\/boreait.com\/fr\/wp-json\/wp\/v2\/product"}],"about":[{"href":"https:\/\/boreait.com\/fr\/wp-json\/wp\/v2\/types\/product"}],"wp:featuredmedia":[{"embeddable":true,"href":"https:\/\/boreait.com\/fr\/wp-json\/wp\/v2\/media\/17553"}],"wp:attachment":[{"href":"https:\/\/boreait.com\/fr\/wp-json\/wp\/v2\/media?parent=17497"}],"wp:term":[{"taxonomy":"product_brand","embeddable":true,"href":"https:\/\/boreait.com\/fr\/wp-json\/wp\/v2\/product_brand?post=17497"},{"taxonomy":"product_cat","embeddable":true,"href":"https:\/\/boreait.com\/fr\/wp-json\/wp\/v2\/product_cat?post=17497"},{"taxonomy":"product_tag","embeddable":true,"href":"https:\/\/boreait.com\/fr\/wp-json\/wp\/v2\/product_tag?post=17497"}],"curies":[{"name":"wp","href":"https:\/\/api.w.org\/{rel}","templated":true}]}}