{"id":17496,"date":"2025-09-16T16:59:55","date_gmt":"2025-09-16T14:59:55","guid":{"rendered":"https:\/\/boreait.com\/fr\/?post_type=product&#038;p=17496"},"modified":"2025-09-16T17:04:15","modified_gmt":"2025-09-16T15:04:15","slug":"couvercle-arriere-robuste-pour-ecran-lcd-dell-latitude-14-5420-chc03-71cj1-piece-dorigine-pour-ordinateur-portable","status":"publish","type":"product","link":"https:\/\/boreait.com\/fr\/produit\/couvercle-arriere-robuste-pour-ecran-lcd-dell-latitude-14-5420-chc03-71cj1-piece-dorigine-pour-ordinateur-portable\/","title":{"rendered":"Couvercle arri\u00e8re robuste pour \u00e9cran LCD Dell Latitude 14 5420 (CHC03 71CJ1) &#8211; Pi\u00e8ce d&rsquo;origine pour ordinateur portable"},"content":{"rendered":"<p class=\"\" data-start=\"557\" data-end=\"815\">Mettez \u00e0 niveau votre <strong data-start=\"570\" data-end=\"609\">ordinateur portable Dell Latitude 14 5420 Rugged<\/strong> avec ce <strong data-start=\"620\" data-end=\"661\">couvercle arri\u00e8re LCD OEM (CHC03, 71CJ1)<\/strong>. Con\u00e7ue sp\u00e9cifiquement pour ce mod\u00e8le, cette pi\u00e8ce d&rsquo;origine pour ordinateur portable garantit durabilit\u00e9 et ajustement parfait, pr\u00e9servant ainsi la robustesse de votre appareil.<\/p>\n<h3 class=\"\" data-start=\"817\" data-end=\"840\"><strong data-start=\"821\" data-end=\"838\">Caract\u00e9ristiques principales\u00a0:<\/strong><\/h3>\n<p class=\"\" data-start=\"841\" data-end=\"1256\">\u2714 <strong data-start=\"843\" data-end=\"868\">Pi\u00e8ce d&rsquo;origine Dell OEM<\/strong> \u2013 Mod\u00e8le\u00a0: <strong data-start=\"878\" data-end=\"894\">CHC03, 71CJ1<\/strong><br data-start=\"894\" data-end=\"897\" \/>\u2714 <strong data-start=\"899\" data-end=\"947\">Compatible avec Dell Latitude 14 5420 Robuste<\/strong><br data-start=\"947\" data-end=\"950\" \/>\u2714 <strong data-start=\"952\" data-end=\"980\">Pi\u00e8ce de rechange de haute qualit\u00e9<\/strong> \u2013 Id\u00e9ale pour les coques endommag\u00e9es ou us\u00e9es<br data-start=\"1019\" data-end=\"1022\" \/>\u2714 <strong data-start=\"1024\" data-end=\"1041\">Conception robuste<\/strong> \u2013 Conserve les caract\u00e9ristiques de protection d&rsquo;origine de votre ordinateur portable<br data-start=\"1101\" data-end=\"1104\" \/>\u2714 <strong data-start=\"1106\" data-end=\"1127\">Installation facile<\/strong> \u2013 S&rsquo;adapte parfaitement sans modifications<br data-start=\"1166\" data-end=\"1169\" \/>\u2714 <strong data-start=\"1171\" data-end=\"1186\">Photos r\u00e9elles<\/strong> \u2013 Les images de cette annonce montrent Le produit que vous recevrez<\/p>\n<p class=\"\" data-start=\"1258\" data-end=\"1485\">Ce <strong data-start=\"1263\" data-end=\"1303\">cache arri\u00e8re de l&rsquo;\u00e9cran LCD du Dell Latitude 14 5420<\/strong> est un remplacement indispensable pour les utilisateurs souhaitant restaurer la durabilit\u00e9 et l&rsquo;apparence de leur ordinateur portable. Aucune notice n&rsquo;est fournie, mais si vous avez besoin d&rsquo;aide, n&rsquo;h\u00e9sitez pas \u00e0 <strong data-start=\"1468\" data-end=\"1482\">nous contacter<\/strong>.<\/p>\n<p class=\"\" data-start=\"1487\" data-end=\"1570\">\ud83d\udce6 <strong data-start=\"1490\" data-end=\"1523\">Livraison internationale disponible\u00a0!<\/strong> Commandez d\u00e8s maintenant et offrez un nouveau look \u00e0 votre ordinateur portable.<\/p>\n","protected":false},"excerpt":{"rendered":"<p>Cache arri\u00e8re LCD robuste d&rsquo;origine pour Dell Latitude 14 5420 (CHC03, 71CJ1). Id\u00e9al pour remplacer un cache arri\u00e8re endommag\u00e9 ou us\u00e9, il garantit un maintien s\u00fbr et une grande durabilit\u00e9. Photos du produit incluses.<\/p>\n","protected":false},"featured_media":17551,"template":"","meta":[],"product_brand":[],"product_cat":[52],"product_tag":[53],"class_list":{"0":"post-17496","1":"product","2":"type-product","3":"status-publish","4":"has-post-thumbnail","6":"product_cat-laptop-housing","7":"product_tag-dell","9":"first","10":"instock","11":"taxable","12":"shipping-taxable","13":"purchasable","14":"product-type-simple"},"_links":{"self":[{"href":"https:\/\/boreait.com\/fr\/wp-json\/wp\/v2\/product\/17496","targetHints":{"allow":["GET"]}}],"collection":[{"href":"https:\/\/boreait.com\/fr\/wp-json\/wp\/v2\/product"}],"about":[{"href":"https:\/\/boreait.com\/fr\/wp-json\/wp\/v2\/types\/product"}],"wp:featuredmedia":[{"embeddable":true,"href":"https:\/\/boreait.com\/fr\/wp-json\/wp\/v2\/media\/17551"}],"wp:attachment":[{"href":"https:\/\/boreait.com\/fr\/wp-json\/wp\/v2\/media?parent=17496"}],"wp:term":[{"taxonomy":"product_brand","embeddable":true,"href":"https:\/\/boreait.com\/fr\/wp-json\/wp\/v2\/product_brand?post=17496"},{"taxonomy":"product_cat","embeddable":true,"href":"https:\/\/boreait.com\/fr\/wp-json\/wp\/v2\/product_cat?post=17496"},{"taxonomy":"product_tag","embeddable":true,"href":"https:\/\/boreait.com\/fr\/wp-json\/wp\/v2\/product_tag?post=17496"}],"curies":[{"name":"wp","href":"https:\/\/api.w.org\/{rel}","templated":true}]}}