{"id":17492,"date":"2025-09-16T16:59:27","date_gmt":"2025-09-16T14:59:27","guid":{"rendered":"https:\/\/boreait.com\/fr\/?post_type=product&#038;p=17492"},"modified":"2025-09-16T17:04:09","modified_gmt":"2025-09-16T15:04:09","slug":"charnieres-lcd-dorigine-pour-lenovo-ideapad-3-15iil05-ensemble-gauche-et-droit-pieces-detachees-pour-ordinateur-portable","status":"publish","type":"product","link":"https:\/\/boreait.com\/fr\/produit\/charnieres-lcd-dorigine-pour-lenovo-ideapad-3-15iil05-ensemble-gauche-et-droit-pieces-detachees-pour-ordinateur-portable\/","title":{"rendered":"Charni\u00e8res LCD d&rsquo;origine pour Lenovo IdeaPad 3 15IIL05 \u2013 Ensemble gauche et droit \u2013 Pi\u00e8ces d\u00e9tach\u00e9es pour ordinateur portable"},"content":{"rendered":"<p class=\"\" data-start=\"473\" data-end=\"655\">Vous recherchez des <strong data-start=\"485\" data-end=\"511\">charni\u00e8res LCD de remplacement<\/strong> pour votre <strong data-start=\"521\" data-end=\"549\">Lenovo IdeaPad 3 15IIL05<\/strong>\u00a0? Cet ensemble comprend des <strong data-start=\"569\" data-end=\"599\">charni\u00e8res gauche et droite<\/strong>, assurant un ajustement parfait pour un mouvement fluide de l&rsquo;\u00e9cran.<\/p>\n<p class=\"\" data-start=\"657\" data-end=\"678\">\u2728 <strong data-start=\"659\" data-end=\"676\">Caract\u00e9ristiques principales\u00a0:<\/strong><\/p>\n<ul data-start=\"679\" data-end=\"944\">\n<li class=\"\" data-start=\"679\" data-end=\"733\">\n<p class=\"\" data-start=\"681\" data-end=\"733\"><strong data-start=\"681\" data-end=\"701\">Mod\u00e8le compatible<\/strong>\u00a0: Lenovo <strong data-start=\"710\" data-end=\"731\">IdeaPad 3 15IIL05<\/strong><\/p>\n<\/li>\n<li class=\"\" data-start=\"734\" data-end=\"777\">\n<p class=\"\" data-start=\"736\" data-end=\"777\"><strong data-start=\"736\" data-end=\"749\">\u00c9tat<\/strong>\u00a0: Pi\u00e8ce de rechange d&rsquo;origine<\/p>\n<\/li>\n<li class=\"\" data-start=\"778\" data-end=\"819\">\n<p class=\"\" data-start=\"780\" data-end=\"819\"><strong data-start=\"780\" data-end=\"796\">L&rsquo;ensemble comprend<\/strong>\u00a0: Charni\u00e8res gauche et droite<\/p>\n<\/li>\n<li class=\"\" data-start=\"820\" data-end=\"885\">\n<p class=\"\" data-start=\"822\" data-end=\"885\"><strong data-start=\"822\" data-end=\"844\">Durable et Fiable\u00a0: Con\u00e7u pour des performances durables.<\/p>\n<\/li>\n<li class=\"\" data-start=\"886\" data-end=\"944\">\n<p class=\"\" data-start=\"888\" data-end=\"944\"><strong data-start=\"888\" data-end=\"903\">Photos r\u00e9elles<\/strong>\u00a0: Ce que vous voyez est exactement ce que vous obtenez\u00a0!<\/p>\n<\/li>\n<\/ul>\n<p class=\"\" data-start=\"946\" data-end=\"1094\">\ud83d\udd27 <strong data-start=\"949\" data-end=\"971\">Remarque d&rsquo;installation\u00a0:<\/strong><br data-start=\"971\" data-end=\"974\" \/>Nous ne fournissons pas d&rsquo;instructions pour le remplacement des pi\u00e8ces d&rsquo;un ordinateur portable, mais <strong data-start=\"1037\" data-end=\"1091\">n&rsquo;h\u00e9sitez pas \u00e0 nous contacter si vous avez besoin d&rsquo;aide. Assistance.<\/p>\n<p class=\"\" data-start=\"1096\" data-end=\"1156\">\ud83d\udce6 <strong data-start=\"1099\" data-end=\"1131\">Livraison internationale disponible<\/strong> \u2013 Achetez en toute confiance\u00a0!<\/p>\n<p class=\"\" data-start=\"1158\" data-end=\"1289\">Cette offre fait partie de notre <strong data-start=\"1186\" data-end=\"1224\">collection premium de pi\u00e8ces d\u00e9tach\u00e9es pour ordinateurs portables<\/strong>, garantissant des <strong data-start=\"1235\" data-end=\"1264\">pi\u00e8ces de rechange de haute qualit\u00e9<\/strong> pour vos besoins de r\u00e9paration.<\/p>\n","protected":false},"excerpt":{"rendered":"<p>Remplacez vos charni\u00e8res us\u00e9es ou cass\u00e9es par cet ensemble de charni\u00e8res LCD authentiques pour Lenovo IdeaPad 3 15IIL05. Ajustement parfait pour un mouvement fluide de l&rsquo;\u00e9cran et une durabilit\u00e9 accrue. Photos du produit pr\u00e9sent\u00e9es\u00a0!<\/p>\n","protected":false},"featured_media":17550,"template":"","meta":[],"product_brand":[],"product_cat":[55],"product_tag":[62],"class_list":{"0":"post-17492","1":"product","2":"type-product","3":"status-publish","4":"has-post-thumbnail","6":"product_cat-screen-hinge","7":"product_tag-lenovo","9":"first","10":"instock","11":"taxable","12":"shipping-taxable","13":"purchasable","14":"product-type-simple"},"_links":{"self":[{"href":"https:\/\/boreait.com\/fr\/wp-json\/wp\/v2\/product\/17492","targetHints":{"allow":["GET"]}}],"collection":[{"href":"https:\/\/boreait.com\/fr\/wp-json\/wp\/v2\/product"}],"about":[{"href":"https:\/\/boreait.com\/fr\/wp-json\/wp\/v2\/types\/product"}],"wp:featuredmedia":[{"embeddable":true,"href":"https:\/\/boreait.com\/fr\/wp-json\/wp\/v2\/media\/17550"}],"wp:attachment":[{"href":"https:\/\/boreait.com\/fr\/wp-json\/wp\/v2\/media?parent=17492"}],"wp:term":[{"taxonomy":"product_brand","embeddable":true,"href":"https:\/\/boreait.com\/fr\/wp-json\/wp\/v2\/product_brand?post=17492"},{"taxonomy":"product_cat","embeddable":true,"href":"https:\/\/boreait.com\/fr\/wp-json\/wp\/v2\/product_cat?post=17492"},{"taxonomy":"product_tag","embeddable":true,"href":"https:\/\/boreait.com\/fr\/wp-json\/wp\/v2\/product_tag?post=17492"}],"curies":[{"name":"wp","href":"https:\/\/api.w.org\/{rel}","templated":true}]}}