{"id":17486,"date":"2025-09-16T16:59:23","date_gmt":"2025-09-16T14:59:23","guid":{"rendered":"https:\/\/boreait.com\/fr\/?post_type=product&#038;p=17486"},"modified":"2026-02-09T10:55:57","modified_gmt":"2026-02-09T09:55:57","slug":"camera-lenovo-ideapad-3-15iil05-01fr083-piece-de-rechange-pour-reparation-dordinateur-portable-authentique-et-de-haute-qualite","status":"publish","type":"product","link":"https:\/\/boreait.com\/fr\/produit\/camera-lenovo-ideapad-3-15iil05-01fr083-piece-de-rechange-pour-reparation-dordinateur-portable-authentique-et-de-haute-qualite\/","title":{"rendered":"Cam\u00e9ra Lenovo IdeaPad 3-15IIL05, 01FR083 \u2013 Pi\u00e8ce de rechange pour r\u00e9paration d&rsquo;ordinateur portable, authentique et de haute qualit\u00e9"},"content":{"rendered":"<p class=\"\" data-start=\"682\" data-end=\"1139\">Am\u00e9liorez ou remplacez la cam\u00e9ra de votre <strong data-start=\"720\" data-end=\"748\">Lenovo IdeaPad 3-15IIL05<\/strong> avec ce module de cam\u00e9ra authentique <strong data-start=\"767\" data-end=\"778\">01FR083<\/strong>. Que vous ayez une cam\u00e9ra endommag\u00e9e ou que vous souhaitiez simplement mettre \u00e0 niveau votre ordinateur portable, cette pi\u00e8ce de rechange de haute qualit\u00e9 est con\u00e7ue pour offrir une qualit\u00e9 vid\u00e9o et des performances exceptionnelles. Cette cam\u00e9ra est enti\u00e8rement compatible avec le mod\u00e8le <strong data-start=\"1012\" data-end=\"1040\">Lenovo IdeaPad 3-15IIL05<\/strong>, ce qui en fait le choix id\u00e9al pour maintenir ou restaurer les fonctionnalit\u00e9s de la webcam de votre ordinateur portable.<\/p>\n<p class=\"\" data-start=\"1141\" data-end=\"1158\"><strong data-start=\"1141\" data-end=\"1158\">Principales caract\u00e9ristiques\u00a0:<\/strong><\/p>\n<ul data-start=\"1159\" data-end=\"1716\">\n<li class=\"\" data-start=\"1159\" data-end=\"1292\">\n<p class=\"\" data-start=\"1161\" data-end=\"1292\"><strong data-start=\"1161\" data-end=\"1184\">Pi\u00e8ce de rechange d&rsquo;origine<\/strong>\u00a0: Ce module de cam\u00e9ra est une pi\u00e8ce d&rsquo;origine Lenovo, garantissant une compatibilit\u00e9 optimale et une longue dur\u00e9e de vie. Performances.<\/p>\n<\/li>\n<li class=\"\" data-start=\"1293\" data-end=\"1452\">\n<p class=\"\" data-start=\"1295\" data-end=\"1452\"><strong data-start=\"1295\" data-end=\"1318\">Id\u00e9al pour les r\u00e9parations<\/strong>\u00a0: Que vous souhaitiez r\u00e9parer une webcam d\u00e9fectueuse ou mettre \u00e0 niveau votre appareil, cette cam\u00e9ra de remplacement est une solution simple et \u00e9conomique.<\/p>\n<\/li>\n<li class=\"\" data-start=\"1453\" data-end=\"1575\">\n<p class=\"\" data-start=\"1455\" data-end=\"1575\"><strong data-start=\"1455\" data-end=\"1472\">Compatibilit\u00e9<\/strong>\u00a0: Sp\u00e9cialement con\u00e7ue pour le <strong data-start=\"1504\" data-end=\"1532\">Lenovo IdeaPad 3-15IIL05<\/strong>, garantissant un ajustement pr\u00e9cis et une fonctionnalit\u00e9 optimale.<\/p>\n<\/li>\n<li class=\"\" data-start=\"1576\" data-end=\"1716\">\n<p class=\"\" data-start=\"1578\" data-end=\"1716\"><strong data-start=\"1578\" data-end=\"1593\">Photos r\u00e9elles<\/strong>\u00a0: Les images pr\u00e9sent\u00e9es sont des photos r\u00e9elles de l&rsquo;appareil photo que vous recevrez. Soyez assur\u00e9 que vous recevrez la pi\u00e8ce exactement comme sur la photo.<\/p>\n<\/li>\n<\/ul>\n<p class=\"\" data-start=\"1718\" data-end=\"1856\">Si vous avez besoin d&rsquo;aide pour l&rsquo;installation ou si vous avez des questions sur la compatibilit\u00e9, n&rsquo;h\u00e9sitez pas \u00e0 me contacter directement\u00a0; je serai ravi de vous aider\u00a0!<\/p>\n<p class=\"\" data-start=\"1858\" data-end=\"1942\">Am\u00e9liorez d\u00e8s aujourd&rsquo;hui les fonctionnalit\u00e9s de votre ordinateur portable avec cette cam\u00e9ra de remplacement de haute qualit\u00e9\u00a0!<\/p>\n","protected":false},"excerpt":{"rendered":"<p>Remplacez votre cam\u00e9ra endommag\u00e9e ou d\u00e9fectueuse par ce module de cam\u00e9ra Lenovo IdeaPad 3-15IIL05, 01FR083, de haute qualit\u00e9. Compatible avec le mod\u00e8le Lenovo IdeaPad 3-15IIL05, cette pi\u00e8ce d&rsquo;origine garantit une vid\u00e9o nette et des performances fiables pour votre ordinateur portable. Id\u00e9al pour les r\u00e9parations ou les mises \u00e0 niveau, il est livr\u00e9 avec des photos de la pi\u00e8ce d&rsquo;origine.<\/p>\n","protected":false},"featured_media":17535,"template":"","meta":[],"product_brand":[],"product_cat":[59],"product_tag":[62],"class_list":{"0":"post-17486","1":"product","2":"type-product","3":"status-publish","4":"has-post-thumbnail","6":"product_cat-laptop-camera","7":"product_tag-lenovo","9":"first","10":"instock","11":"taxable","12":"shipping-taxable","13":"purchasable","14":"product-type-simple"},"_links":{"self":[{"href":"https:\/\/boreait.com\/fr\/wp-json\/wp\/v2\/product\/17486","targetHints":{"allow":["GET"]}}],"collection":[{"href":"https:\/\/boreait.com\/fr\/wp-json\/wp\/v2\/product"}],"about":[{"href":"https:\/\/boreait.com\/fr\/wp-json\/wp\/v2\/types\/product"}],"wp:featuredmedia":[{"embeddable":true,"href":"https:\/\/boreait.com\/fr\/wp-json\/wp\/v2\/media\/17535"}],"wp:attachment":[{"href":"https:\/\/boreait.com\/fr\/wp-json\/wp\/v2\/media?parent=17486"}],"wp:term":[{"taxonomy":"product_brand","embeddable":true,"href":"https:\/\/boreait.com\/fr\/wp-json\/wp\/v2\/product_brand?post=17486"},{"taxonomy":"product_cat","embeddable":true,"href":"https:\/\/boreait.com\/fr\/wp-json\/wp\/v2\/product_cat?post=17486"},{"taxonomy":"product_tag","embeddable":true,"href":"https:\/\/boreait.com\/fr\/wp-json\/wp\/v2\/product_tag?post=17486"}],"curies":[{"name":"wp","href":"https:\/\/api.w.org\/{rel}","templated":true}]}}