{"id":17476,"date":"2025-09-16T16:58:55","date_gmt":"2025-09-16T14:58:55","guid":{"rendered":"https:\/\/boreait.com\/fr\/?post_type=product&#038;p=17476"},"modified":"2026-02-09T10:55:37","modified_gmt":"2026-02-09T09:55:37","slug":"carte-reseau-sans-fil-hp-chromebook-14b-ca0015cl-9560ngw-dp-n-l41693-001-piece-de-rechange-pour-ordinateur-portable","status":"publish","type":"product","link":"https:\/\/boreait.com\/fr\/produit\/carte-reseau-sans-fil-hp-chromebook-14b-ca0015cl-9560ngw-dp-n-l41693-001-piece-de-rechange-pour-ordinateur-portable\/","title":{"rendered":"Carte r\u00e9seau sans fil HP Chromebook 14b-ca0015cl 9560NGW DP\/N L41693-001 \u2013 Pi\u00e8ce de rechange pour ordinateur portable"},"content":{"rendered":"<p class=\"\" data-start=\"732\" data-end=\"1064\">Mettez \u00e0 niveau ou remplacez votre carte sans fil avec cette carte sans fil HP <strong data-start=\"780\" data-end=\"852\">Chromebook 14b-ca0015cl Series 9560NGW DP\/N L41693-001<\/strong>, con\u00e7ue pour apporter une connectivit\u00e9 rapide et fiable \u00e0 votre appareil. Que vous souhaitiez d\u00e9panner ou mettre \u00e0 niveau votre ordinateur, cette pi\u00e8ce de rechange d&rsquo;origine est con\u00e7ue pour s&rsquo;adapter parfaitement \u00e0 la <strong data-start=\"1019\" data-end=\"1053\">s\u00e9rie Chromebook 14b-ca0015cl<\/strong>.<\/p>\n<p class=\"\" data-start=\"1066\" data-end=\"1343\">La carte sans fil <strong data-start=\"1070\" data-end=\"1081\">9560NGW<\/strong> prend en charge le Wi-Fi 6 (802.11ax), garantissant des connexions sans fil plus rapides et plus stables, essentielles aux t\u00e2ches en ligne exigeantes d&rsquo;aujourd&rsquo;hui. Elle int\u00e8gre le Bluetooth 5.0 pour une meilleure compatibilit\u00e9 avec les appareils, id\u00e9ale pour le streaming, les jeux ou la navigation en g\u00e9n\u00e9ral.<\/p>\n<p class=\"\" data-start=\"1345\" data-end=\"1604\">Cette carte est facile \u00e0 installer et est accompagn\u00e9e de photos de la pi\u00e8ce que vous recevrez. Bien que nous ne fournissions pas d&rsquo;instructions d&rsquo;installation, nous sommes toujours heureux de vous aider pour toute question que vous pourriez avoir. N&rsquo;h\u00e9sitez pas \u00e0 nous contacter pour obtenir une assistance suppl\u00e9mentaire\u00a0!<\/p>\n<p class=\"\" data-start=\"1606\" data-end=\"1623\"><strong data-start=\"1606\" data-end=\"1623\">Principales caract\u00e9ristiques\u00a0:<\/strong><\/p>\n<ul data-start=\"1624\" data-end=\"1989\">\n<li class=\"\" data-start=\"1624\" data-end=\"1644\">\n<p class=\"\" data-start=\"1626\" data-end=\"1644\"><strong data-start=\"1626\" data-end=\"1636\">Mod\u00e8le\u00a0:<\/strong> 9560NGW<\/p>\n<\/li>\n<li class=\"\" data-start=\"1645\" data-end=\"1698\">\n<p class=\"\" data-start=\"1647\" data-end=\"1698\"><strong data-start=\"1647\" data-end=\"1667\">Compatible avec\u00a0: Chromebook s\u00e9rie 14b-ca0015cl<\/p>\n<\/li>\n<li class=\"\" data-start=\"1699\" data-end=\"1776\">\n<p class=\"\" data-start=\"1701\" data-end=\"1776\"><strong data-start=\"1701\" data-end=\"1720\">Norme Wi-Fi\u00a0: Wi-Fi 6 (802.11ax) pour des vitesses plus rapides et une port\u00e9e \u00e9tendue<\/p>\n<\/li>\n<li class=\"\" data-start=\"1777\" data-end=\"1846\">\n<p class=\"\" data-start=\"1779\" data-end=\"1846\"><strong data-start=\"1779\" data-end=\"1801\">Version Bluetooth\u00a0:<\/strong> 5.0 pour une connexion sans fil fluide Connexions des appareils<\/p>\n<\/li>\n<li class=\"\" data-start=\"1847\" data-end=\"1883\">\n<p class=\"\" data-start=\"1849\" data-end=\"1883\"><strong data-start=\"1849\" data-end=\"1872\">R\u00e9f\u00e9rence (DP\/N)\u00a0:<\/strong> L41693-001<\/p>\n<\/li>\n<li class=\"\" data-start=\"1884\" data-end=\"1927\">\n<p class=\"\" data-start=\"1886\" data-end=\"1927\"><strong data-start=\"1886\" data-end=\"1900\">\u00c9tat\u00a0:<\/strong> Pi\u00e8ce neuve et d&rsquo;origine<\/p>\n<\/li>\n<li class=\"\" data-start=\"1928\" data-end=\"1989\">\n<p class=\"\" data-start=\"1930\" data-end=\"1989\"><strong data-start=\"1930\" data-end=\"1941\">Photos\u00a0:<\/strong> Images r\u00e9elles de l&rsquo;article que vous recevrez.<\/p>\n<\/li>\n<\/ul>\n<p class=\"\" data-start=\"1991\" data-end=\"2127\">Cette carte sans fil de remplacement garantit des performances sans fil optimales pour votre ordinateur portable, vous offrant une exp\u00e9rience Internet sans souci.<\/p>\n<p class=\"\" data-start=\"2129\" data-end=\"2303\"><strong data-start=\"2129\" data-end=\"2148\">Remarque importante\u00a0:<\/strong> Veuillez v\u00e9rifier la compatibilit\u00e9 avec votre mod\u00e8le d&rsquo;ordinateur portable avant l&rsquo;achat. En cas de doute, n&rsquo;h\u00e9sitez pas \u00e0 nous contacter pour plus d&rsquo;informations\u00a0!<\/p>\n","protected":false},"excerpt":{"rendered":"<p>Cette carte sans fil 9560NGW (DP\/N L41693-001) d&rsquo;origine est une pi\u00e8ce de rechange pour votre Chromebook s\u00e9rie 14b-ca0015cl. Elle assure une connectivit\u00e9 sans fil fiable et rapide \u00e0 votre ordinateur portable, prenant en charge le Wi-Fi 6 (802.11ax) pour une vitesse et des performances am\u00e9lior\u00e9es. Id\u00e9ale pour remplacer ou mettre \u00e0 niveau votre ancienne carte sans fil, cette pi\u00e8ce est accompagn\u00e9e de photos de l&rsquo;article que vous recevrez.<\/p>\n","protected":false},"featured_media":17533,"template":"","meta":[],"product_brand":[],"product_cat":[63],"product_tag":[61],"class_list":{"0":"post-17476","1":"product","2":"type-product","3":"status-publish","4":"has-post-thumbnail","6":"product_cat-motherboards-board-parts","7":"product_tag-hp","9":"first","10":"instock","11":"taxable","12":"shipping-taxable","13":"purchasable","14":"product-type-simple"},"_links":{"self":[{"href":"https:\/\/boreait.com\/fr\/wp-json\/wp\/v2\/product\/17476","targetHints":{"allow":["GET"]}}],"collection":[{"href":"https:\/\/boreait.com\/fr\/wp-json\/wp\/v2\/product"}],"about":[{"href":"https:\/\/boreait.com\/fr\/wp-json\/wp\/v2\/types\/product"}],"wp:featuredmedia":[{"embeddable":true,"href":"https:\/\/boreait.com\/fr\/wp-json\/wp\/v2\/media\/17533"}],"wp:attachment":[{"href":"https:\/\/boreait.com\/fr\/wp-json\/wp\/v2\/media?parent=17476"}],"wp:term":[{"taxonomy":"product_brand","embeddable":true,"href":"https:\/\/boreait.com\/fr\/wp-json\/wp\/v2\/product_brand?post=17476"},{"taxonomy":"product_cat","embeddable":true,"href":"https:\/\/boreait.com\/fr\/wp-json\/wp\/v2\/product_cat?post=17476"},{"taxonomy":"product_tag","embeddable":true,"href":"https:\/\/boreait.com\/fr\/wp-json\/wp\/v2\/product_tag?post=17476"}],"curies":[{"name":"wp","href":"https:\/\/api.w.org\/{rel}","templated":true}]}}