{"id":17475,"date":"2025-09-16T16:58:55","date_gmt":"2025-09-16T14:58:55","guid":{"rendered":"https:\/\/boreait.com\/fr\/?post_type=product&#038;p=17475"},"modified":"2026-02-09T10:37:46","modified_gmt":"2026-02-09T09:37:46","slug":"memoire-ram-kingston-99p5316-014-a00lf-ddr2-2-go-pour-ordinateur-portable-piece-de-rechange-dorigine","status":"publish","type":"product","link":"https:\/\/boreait.com\/fr\/produit\/memoire-ram-kingston-99p5316-014-a00lf-ddr2-2-go-pour-ordinateur-portable-piece-de-rechange-dorigine\/","title":{"rendered":"M\u00e9moire RAM Kingston 99P5316-014.A00LF DDR2 2 Go pour ordinateur portable \u2013 Pi\u00e8ce de rechange d&rsquo;origine"},"content":{"rendered":"<p class=\"\" data-start=\"706\" data-end=\"1045\">La <strong data-start=\"710\" data-end=\"753\">RAM Kingston 99P5316-014.A00LF DDR2 2 Go<\/strong> est une pi\u00e8ce de rechange authentique de haute qualit\u00e9 con\u00e7ue pour am\u00e9liorer les performances de votre ordinateur portable. Que vous mettiez \u00e0 niveau un syst\u00e8me existant ou que vous remplaciez un module d\u00e9fectueux, cette m\u00e9moire RAM DDR2 de 2 Go offrira \u00e0 votre ordinateur portable la vitesse et la fiabilit\u00e9 accrues dont il a besoin pour ex\u00e9cuter des applications plus fluidement.<\/p>\n<p class=\"\" data-start=\"1047\" data-end=\"1060\">Principales caract\u00e9ristiques\u00a0:<\/p>\n<ul data-start=\"1061\" data-end=\"1267\">\n<li class=\"\" data-start=\"1061\" data-end=\"1080\">\n<p class=\"\" data-start=\"1063\" data-end=\"1080\"><strong data-start=\"1063\" data-end=\"1075\">Capacit\u00e9<\/strong>\u00a0: 2 Go<\/p>\n<\/li>\n<li class=\"\" data-start=\"1081\" data-end=\"1103\">\n<p class=\"\" data-start=\"1083\" data-end=\"1103\"><strong data-start=\"1083\" data-end=\"1091\">Type<\/strong>\u00a0: DDR2 SDRAM<\/p>\n<\/li>\n<li class=\"\" data-start=\"1104\" data-end=\"1165\">\n<p class=\"\" data-start=\"1106\" data-end=\"1165\"><strong data-start=\"1106\" data-end=\"1115\">Vitesse<\/strong>\u00a0: Compatible avec les syst\u00e8mes prenant en charge la m\u00e9moire DDR2<\/p>\n<\/li>\n<li class=\"\" data-start=\"1166\" data-end=\"1223\">\n<p class=\"\" data-start=\"1168\" data-end=\"1223\"><strong data-start=\"1168\" data-end=\"1177\">Marque<\/strong>\u00a0: Kingston, une marque de confiance en solutions m\u00e9moire<\/p>\n<\/li>\n<li class=\"\" data-start=\"1224\" data-end=\"1267\">\n<p class=\"\" data-start=\"1226\" data-end=\"1267\"><strong data-start=\"1226\" data-end=\"1239\">\u00c9tat<\/strong>\u00a0: Pi\u00e8ce neuve et d&rsquo;origine.<\/p>\n<\/li>\n<\/ul>\n<p class=\"\" data-start=\"1269\" data-end=\"1541\">Cette m\u00e9moire RAM DDR2 de 2\u00a0Go est compatible avec les ordinateurs portables compatibles avec les modules DDR2, garantissant ainsi des mises \u00e0 niveau fluides des performances sur une grande vari\u00e9t\u00e9 de syst\u00e8mes. C&rsquo;est la solution id\u00e9ale pour les utilisateurs souhaitant optimiser la vitesse de leur ordinateur portable pour des t\u00e2ches telles que la navigation, le streaming vid\u00e9o et l&rsquo;informatique en g\u00e9n\u00e9ral.<\/p>\n<p class=\"\" data-start=\"1543\" data-end=\"1858\">Veuillez noter que les photos de cette annonce repr\u00e9sentent le produit exact que vous recevrez. Vous pouvez donc \u00eatre s\u00fbr de l&rsquo;\u00e9tat et de l&rsquo;authenticit\u00e9 de la pi\u00e8ce. <strong data-start=\"1695\" data-end=\"1742\">Nous ne fournissons pas d&rsquo;instructions d&rsquo;installation<\/strong> avec ce produit, mais si vous avez besoin d&rsquo;aide ou si vous avez des questions, n&rsquo;h\u00e9sitez pas \u00e0 nous contacter\u00a0; nous sommes l\u00e0 pour vous aider\u00a0!<\/p>\n<p class=\"\" data-start=\"1860\" data-end=\"2097\">Am\u00e9liorez les performances de votre ordinateur portable d\u00e8s aujourd&rsquo;hui avec la <strong data-start=\"1909\" data-end=\"1952\">RAM Kingston 99P5316-014.A00LF DDR2 2\u00a0Go<\/strong>. Que vous souhaitiez remplacer une pi\u00e8ce d\u00e9fectueuse ou simplement am\u00e9liorer les performances de votre syst\u00e8me, cette pi\u00e8ce de rechange d&rsquo;origine est la solution id\u00e9ale.<\/p>\n","protected":false},"excerpt":{"rendered":"<p>Am\u00e9liorez les performances de votre ordinateur portable avec la RAM Kingston DDR2 2 Go 99P5316-014.A00LF. Cette pi\u00e8ce de rechange d&rsquo;origine est id\u00e9ale pour am\u00e9liorer la vitesse et l&rsquo;efficacit\u00e9 de votre syst\u00e8me. Id\u00e9ale pour les ordinateurs portables compatibles avec la RAM DDR2, elle garantit des performances fiables et est pr\u00eate \u00e0 \u00eatre install\u00e9e. Les photos pr\u00e9sent\u00e9es correspondent exactement \u00e0 la pi\u00e8ce que vous recevrez. Pour obtenir de l&rsquo;aide pour l&rsquo;installation, n&rsquo;h\u00e9sitez pas \u00e0 nous contacter.<\/p>\n","protected":false},"featured_media":17532,"template":"","meta":[],"product_brand":[],"product_cat":[77,72],"product_tag":[],"class_list":{"0":"post-17475","1":"product","2":"type-product","3":"status-publish","4":"has-post-thumbnail","6":"product_cat-ddr2","7":"product_cat-ram-memory","9":"first","10":"instock","11":"taxable","12":"shipping-taxable","13":"purchasable","14":"product-type-simple"},"_links":{"self":[{"href":"https:\/\/boreait.com\/fr\/wp-json\/wp\/v2\/product\/17475","targetHints":{"allow":["GET"]}}],"collection":[{"href":"https:\/\/boreait.com\/fr\/wp-json\/wp\/v2\/product"}],"about":[{"href":"https:\/\/boreait.com\/fr\/wp-json\/wp\/v2\/types\/product"}],"wp:featuredmedia":[{"embeddable":true,"href":"https:\/\/boreait.com\/fr\/wp-json\/wp\/v2\/media\/17532"}],"wp:attachment":[{"href":"https:\/\/boreait.com\/fr\/wp-json\/wp\/v2\/media?parent=17475"}],"wp:term":[{"taxonomy":"product_brand","embeddable":true,"href":"https:\/\/boreait.com\/fr\/wp-json\/wp\/v2\/product_brand?post=17475"},{"taxonomy":"product_cat","embeddable":true,"href":"https:\/\/boreait.com\/fr\/wp-json\/wp\/v2\/product_cat?post=17475"},{"taxonomy":"product_tag","embeddable":true,"href":"https:\/\/boreait.com\/fr\/wp-json\/wp\/v2\/product_tag?post=17475"}],"curies":[{"name":"wp","href":"https:\/\/api.w.org\/{rel}","templated":true}]}}