{"id":17472,"date":"2025-09-16T16:58:54","date_gmt":"2025-09-16T14:58:54","guid":{"rendered":"https:\/\/boreait.com\/fr\/?post_type=product&#038;p=17472"},"modified":"2026-02-09T10:37:28","modified_gmt":"2026-02-09T09:37:28","slug":"4-go-de-ram-de-bureau-pc3l-12800u-2rx8-1600-mhz-ddr3l-testee-et-prete-a-lemploi","status":"publish","type":"product","link":"https:\/\/boreait.com\/fr\/produit\/4-go-de-ram-de-bureau-pc3l-12800u-2rx8-1600-mhz-ddr3l-testee-et-prete-a-lemploi\/","title":{"rendered":"4 Go de RAM de bureau PC3L-12800U 2Rx8 1600 MHz DDR3L \u2013 Test\u00e9e et pr\u00eate \u00e0 l&#8217;emploi"},"content":{"rendered":"<p class=\"\" data-start=\"473\" data-end=\"742\">Augmentez la vitesse et l&rsquo;efficacit\u00e9 de votre ordinateur de bureau avec ce module de <strong data-start=\"525\" data-end=\"556\">RAM DDR3L (PC3L-12800U) de 4 Go<\/strong>, con\u00e7u pour un multit\u00e2che fluide et des performances syst\u00e8me am\u00e9lior\u00e9es. Cette <strong data-start=\"636\" data-end=\"672\">m\u00e9moire DDR3L basse tension (1,35 V)<\/strong> est compatible avec la plupart des ordinateurs de bureau prenant en charge la m\u00e9moire DDR3 \u00e0 1600 MHz.<\/p>\n<p class=\"\" data-start=\"744\" data-end=\"769\">\u2705 <strong data-start=\"746\" data-end=\"767\">Caract\u00e9ristiques du produit\u00a0:<\/strong><\/p>\n<ul data-start=\"770\" data-end=\"967\">\n<li class=\"\" data-start=\"770\" data-end=\"791\">\n<p class=\"\" data-start=\"772\" data-end=\"791\"><strong data-start=\"772\" data-end=\"785\">Capacit\u00e9\u00a0:<\/strong> 4 Go<\/p>\n<\/li>\n<li class=\"\" data-start=\"792\" data-end=\"825\">\n<p class=\"\" data-start=\"794\" data-end=\"825\"><strong data-start=\"794\" data-end=\"803\">Type\u00a0: DDR3L (basse tension)<\/p>\n<\/li>\n<li class=\"\" data-start=\"826\" data-end=\"862\">\n<p class=\"\" data-start=\"828\" data-end=\"862\"><strong data-start=\"828\" data-end=\"838\">Vitesse\u00a0: 1\u00a0600\u00a0MHz (PC3L-12800U)<\/p>\n<\/li>\n<li class=\"\" data-start=\"863\" data-end=\"890\">\n<p class=\"\" data-start=\"865\" data-end=\"890\"><strong data-start=\"865\" data-end=\"883\">Configuration\u00a0: 2Rx8<\/p>\n<\/li>\n<li class=\"\" data-start=\"891\" data-end=\"916\">\n<p class=\"\" data-start=\"893\" data-end=\"916\"><strong data-start=\"893\" data-end=\"905\">Latence\u00a0:<\/strong> 11-11-B1<\/p>\n<\/li>\n<li class=\"\" data-start=\"917\" data-end=\"967\">\n<p class=\"\" data-start=\"919\" data-end=\"967\"><strong data-start=\"919\" data-end=\"933\">\u00c9tat\u00a0:<\/strong> Enti\u00e8rement test\u00e9, fonctionne parfaitement<\/p>\n<\/li>\n<\/ul>\n<p class=\"\" data-start=\"969\" data-end=\"1307\"><strong data-start=\"969\" data-end=\"989\">Pourquoi acheter chez Nous\u00a0?<\/strong><br data-start=\"989\" data-end=\"992\" \/>\u2714\ufe0f <strong data-start=\"995\" data-end=\"1018\">Photos r\u00e9elles du produit<\/strong> \u2013 Les images de la liste montrent le module RAM exact que vous recevrez.<br data-start=\"1092\" data-end=\"1095\" \/>\u2714\ufe0f <strong data-start=\"1098\" data-end=\"1125\">Enti\u00e8rement test\u00e9 et V\u00e9rifi\u00e9<\/strong> \u2013 La fiabilit\u00e9 et les performances de chaque module sont test\u00e9es avant exp\u00e9dition.<br data-start=\"1198\" data-end=\"1201\" \/>\u2714\ufe0f <strong data-start=\"1204\" data-end=\"1236\">Livraison internationale disponible<\/strong> \u2013 Nous livrons principalement en Europe, mais proposons \u00e9galement des livraisons internationales.<\/p>\n<p class=\"\" data-start=\"1309\" data-end=\"1435\">\ud83d\udce9 <strong data-start=\"1312\" data-end=\"1326\">Besoin d&rsquo;aide\u00a0?<\/strong> Pour toute question concernant la compatibilit\u00e9, n&rsquo;h\u00e9sitez pas \u00e0 nous contacter avant d&rsquo;acheter. Nous serons ravis de vous aider\u00a0!<\/p>\n","protected":false},"excerpt":{"rendered":"<p>Am\u00e9liorez les performances de votre ordinateur de bureau avec cette <strong data-start=\"292\" data-end=\"321\">RAM DDR3L PC3L-12800U 4 Go<\/strong> (2Rx8, 1600 MHz). Id\u00e9ale pour booster la vitesse et le multit\u00e2che. Enti\u00e8rement test\u00e9e et pr\u00eate \u00e0 installer.<\/p>\n","protected":false},"featured_media":17525,"template":"","meta":[],"product_brand":[],"product_cat":[73,72],"product_tag":[],"class_list":{"0":"post-17472","1":"product","2":"type-product","3":"status-publish","4":"has-post-thumbnail","6":"product_cat-ddr3-ddr3l","7":"product_cat-ram-memory","9":"first","10":"instock","11":"taxable","12":"shipping-taxable","13":"purchasable","14":"product-type-simple"},"_links":{"self":[{"href":"https:\/\/boreait.com\/fr\/wp-json\/wp\/v2\/product\/17472","targetHints":{"allow":["GET"]}}],"collection":[{"href":"https:\/\/boreait.com\/fr\/wp-json\/wp\/v2\/product"}],"about":[{"href":"https:\/\/boreait.com\/fr\/wp-json\/wp\/v2\/types\/product"}],"wp:featuredmedia":[{"embeddable":true,"href":"https:\/\/boreait.com\/fr\/wp-json\/wp\/v2\/media\/17525"}],"wp:attachment":[{"href":"https:\/\/boreait.com\/fr\/wp-json\/wp\/v2\/media?parent=17472"}],"wp:term":[{"taxonomy":"product_brand","embeddable":true,"href":"https:\/\/boreait.com\/fr\/wp-json\/wp\/v2\/product_brand?post=17472"},{"taxonomy":"product_cat","embeddable":true,"href":"https:\/\/boreait.com\/fr\/wp-json\/wp\/v2\/product_cat?post=17472"},{"taxonomy":"product_tag","embeddable":true,"href":"https:\/\/boreait.com\/fr\/wp-json\/wp\/v2\/product_tag?post=17472"}],"curies":[{"name":"wp","href":"https:\/\/api.w.org\/{rel}","templated":true}]}}