{"id":17460,"date":"2025-09-16T16:58:26","date_gmt":"2025-09-16T14:58:26","guid":{"rendered":"https:\/\/boreait.com\/fr\/?post_type=product&#038;p=17460"},"modified":"2026-02-09T10:37:10","modified_gmt":"2026-02-09T09:37:10","slug":"ram-4-go-2rx8-pc3-12800s-ddr3-1600-mhz-pour-ordinateur-portable-testee-et-fonctionnelle","status":"publish","type":"product","link":"https:\/\/boreait.com\/fr\/produit\/ram-4-go-2rx8-pc3-12800s-ddr3-1600-mhz-pour-ordinateur-portable-testee-et-fonctionnelle\/","title":{"rendered":"RAM 4 Go 2Rx8 PC3-12800S DDR3-1600 MHz pour ordinateur portable \u2013 Test\u00e9e et fonctionnelle"},"content":{"rendered":"<p class=\"\" data-start=\"628\" data-end=\"965\">Vous recherchez une <strong data-start=\"642\" data-end=\"688\">mise \u00e0 niveau de RAM fiable et abordable pour votre ordinateur portable<\/strong>\u00a0? Cette <strong data-start=\"695\" data-end=\"735\">RAM 4\u00a0Go 2Rx8 PC3-12800S DDR3-1600\u00a0MHz<\/strong> est le choix id\u00e9al pour am\u00e9liorer la vitesse du syst\u00e8me et les performances multit\u00e2ches. Que vous mettiez \u00e0 niveau un vieil ordinateur portable ou que vous remplaciez une barrette de RAM d\u00e9fectueuse, ce module garantit un <strong data-start=\"905\" data-end=\"962\">fonctionnement fluide et des temps de chargement des applications plus rapides<\/strong>.<\/p>\n<h3 class=\"\" data-start=\"967\" data-end=\"990\"><strong data-start=\"971\" data-end=\"988\">Principales caract\u00e9ristiques\u00a0:<\/strong><\/h3>\n<p class=\"\" data-start=\"991\" data-end=\"1328\">\u2705 <strong data-start=\"993\" data-end=\"1005\">Capacit\u00e9<\/strong>\u00a0: 4\u00a0Go<br data-start=\"1010\" data-end=\"1013\" \/>\u2705 <strong data-start=\"1015\" data-end=\"1023\">Type<\/strong>\u00a0: DDR3 SODIMM (204\u00a0broches)<br data-start=\"1046\" data-end=\"1049\" \/>\u2705 <strong data-start=\"1051\" data-end=\"1060\">Vitesse<\/strong>\u00a0: 1\u00a0600\u00a0MHz (PC3-12800S)<br data-start=\"1082\" data-end=\"1085\" \/>\u2705 <strong data-start=\"1087\" data-end=\"1095\">Rang<\/strong>\u00a0: 2Rx8 \u2013 Double face pour une meilleure compatibilit\u00e9<br data-start=\"1141\" data-end=\"1144\" \/>\u2705 <strong data-start=\"1146\" data-end=\"1157\">Latence<\/strong>\u00a0: CL11 pour des performances stables<br data-start=\"1186\" data-end=\"1189\" \/>\u2705 <strong data-start=\"1191\" data-end=\"1204\">\u00c9tat<\/strong>\u00a0: Enti\u00e8rement test\u00e9 et en excellent \u00e9tat de fonctionnement<br data-start=\"1253\" data-end=\"1256\" \/>\u2705 <strong data-start=\"1258\" data-end=\"1275\">Compatibilit\u00e9<\/strong>\u00a0: Convient aux ordinateurs portables prenant en charge la RAM DDR3 SODIMM.<\/p>\n<h3 class=\"\" data-start=\"1330\" data-end=\"1360\"><strong data-start=\"1334\" data-end=\"1358\">Pourquoi choisir cette RAM\u00a0?<\/strong><\/h3>\n<ul data-start=\"1361\" data-end=\"1667\">\n<li class=\"\" data-start=\"1361\" data-end=\"1462\">\n<p class=\"\" data-start=\"1363\" data-end=\"1462\">Am\u00e9liore les performances du syst\u00e8me pour les t\u00e2ches quotidiennes comme la navigation Web, le streaming vid\u00e9o et la bureautique.<\/p>\n<\/li>\n<li class=\"\" data-start=\"1463\" data-end=\"1536\">\n<p class=\"\" data-start=\"1465\" data-end=\"1536\"><strong data-start=\"1465\" data-end=\"1500\">Installation plug-and-play facile<\/strong> \u2013 Aucune configuration suppl\u00e9mentaire requise.<\/p>\n<\/li>\n<li class=\"\" data-start=\"1537\" data-end=\"1598\">\n<p class=\"\" data-start=\"1539\" data-end=\"1598\">Compatible avec la plupart des ordinateurs portables \u00e9quip\u00e9s d&rsquo;<strong data-start=\"1574\" data-end=\"1595\">emplacements DDR3 SODIMM<\/strong>.<\/p>\n<\/li>\n<li class=\"\" data-start=\"1599\" data-end=\"1667\">\n<p class=\"\" data-start=\"1601\" data-end=\"1667\"><strong data-start=\"1601\" data-end=\"1635\">Produit authentique \u2013 Photos authentiques\u00a0!<\/strong> Ce que vous voyez est ce que vous obtenez.<\/p>\n<\/li>\n<\/ul>\n<p class=\"\" data-start=\"1669\" data-end=\"1769\">\ud83d\udce9 <strong data-start=\"1672\" data-end=\"1686\">Besoin d&rsquo;aide\u00a0?<\/strong> En cas de doute sur la compatibilit\u00e9, n&rsquo;h\u00e9sitez pas \u00e0 nous contacter avant d&rsquo;acheter.<\/p>\n<p class=\"\" data-start=\"1771\" data-end=\"1814\">\ud83d\ude80 <strong data-start=\"1774\" data-end=\"1791\">Livraison rapide<\/strong> \u2013 Nous livrons dans le monde entier\u00a0!<\/p>\n","protected":false},"excerpt":{"rendered":"<p>Am\u00e9liorez les performances de votre ordinateur portable avec ce module de RAM 4 Go 2Rx8 PC3-12800S DDR3-1600 MHz. Con\u00e7u pour un multit\u00e2che fluide, il offre des temps de r\u00e9ponse plus rapides et une meilleure stabilit\u00e9 du syst\u00e8me. Enti\u00e8rement test\u00e9 et pr\u00eat \u00e0 installer.<\/p>\n","protected":false},"featured_media":17523,"template":"","meta":[],"product_brand":[],"product_cat":[73,72],"product_tag":[],"class_list":{"0":"post-17460","1":"product","2":"type-product","3":"status-publish","4":"has-post-thumbnail","6":"product_cat-ddr3-ddr3l","7":"product_cat-ram-memory","9":"first","10":"instock","11":"taxable","12":"shipping-taxable","13":"purchasable","14":"product-type-simple"},"_links":{"self":[{"href":"https:\/\/boreait.com\/fr\/wp-json\/wp\/v2\/product\/17460","targetHints":{"allow":["GET"]}}],"collection":[{"href":"https:\/\/boreait.com\/fr\/wp-json\/wp\/v2\/product"}],"about":[{"href":"https:\/\/boreait.com\/fr\/wp-json\/wp\/v2\/types\/product"}],"wp:featuredmedia":[{"embeddable":true,"href":"https:\/\/boreait.com\/fr\/wp-json\/wp\/v2\/media\/17523"}],"wp:attachment":[{"href":"https:\/\/boreait.com\/fr\/wp-json\/wp\/v2\/media?parent=17460"}],"wp:term":[{"taxonomy":"product_brand","embeddable":true,"href":"https:\/\/boreait.com\/fr\/wp-json\/wp\/v2\/product_brand?post=17460"},{"taxonomy":"product_cat","embeddable":true,"href":"https:\/\/boreait.com\/fr\/wp-json\/wp\/v2\/product_cat?post=17460"},{"taxonomy":"product_tag","embeddable":true,"href":"https:\/\/boreait.com\/fr\/wp-json\/wp\/v2\/product_tag?post=17460"}],"curies":[{"name":"wp","href":"https:\/\/api.w.org\/{rel}","templated":true}]}}