{"id":17458,"date":"2025-09-16T16:58:25","date_gmt":"2025-09-16T14:58:25","guid":{"rendered":"https:\/\/boreait.com\/fr\/?post_type=product&#038;p=17458"},"modified":"2026-02-09T10:36:26","modified_gmt":"2026-02-09T09:36:26","slug":"memoire-ram-pour-ordinateur-portable-4-go-2rx8-pc3l-12800s-ddr3l-1600-mhz-sodimm","status":"publish","type":"product","link":"https:\/\/boreait.com\/fr\/produit\/memoire-ram-pour-ordinateur-portable-4-go-2rx8-pc3l-12800s-ddr3l-1600-mhz-sodimm\/","title":{"rendered":"M\u00e9moire RAM pour ordinateur portable 4 Go 2Rx8 PC3L-12800S \u2013 DDR3L 1600 MHz SODIMM"},"content":{"rendered":"<p class=\"\" data-start=\"467\" data-end=\"760\">Augmentez la vitesse et l&rsquo;efficacit\u00e9 de votre ordinateur portable avec ce <strong data-start=\"518\" data-end=\"574\">module RAM SODIMM 4 Go 2Rx8 PC3L-12800S DDR3L 1600 MHz<\/strong>. Que vous mettiez \u00e0 niveau un ancien syst\u00e8me ou que vous remplaciez une m\u00e9moire d\u00e9fectueuse, cette barrette RAM garantit un multit\u00e2che fluide, des performances applicatives am\u00e9lior\u00e9es et un fonctionnement \u00e9conome en \u00e9nergie.<\/p>\n<h4 class=\"\" data-start=\"762\" data-end=\"796\"><strong data-start=\"767\" data-end=\"794\">Sp\u00e9cifications du produit\u00a0:<\/strong><\/h4>\n<ul data-start=\"797\" data-end=\"1065\">\n<li class=\"\" data-start=\"797\" data-end=\"818\">\n<p class=\"\" data-start=\"799\" data-end=\"818\"><strong data-start=\"799\" data-end=\"812\">Capacit\u00e9\u00a0:<\/strong> 4\u00a0Go<\/p>\n<\/li>\n<li class=\"\" data-start=\"819\" data-end=\"852\">\n<p class=\"\" data-start=\"821\" data-end=\"852\"><strong data-start=\"821\" data-end=\"830\">Type\u00a0: DDR3L (basse tension)<\/p>\n<\/li>\n<li class=\"\" data-start=\"853\" data-end=\"889\">\n<p class=\"\" data-start=\"855\" data-end=\"889\"><strong data-start=\"855\" data-end=\"865\">Vitesse\u00a0: 1\u00a0600\u00a0MHz (PC3L-12\u00a0800S)<\/p>\n<\/li>\n<li class=\"\" data-start=\"890\" data-end=\"908\">\n<p class=\"\" data-start=\"892\" data-end=\"908\"><strong data-start=\"892\" data-end=\"901\">Rang\u00a0: 2Rx8<\/p>\n<\/li>\n<li class=\"\" data-start=\"909\" data-end=\"946\">\n<p class=\"\" data-start=\"911\" data-end=\"946\"><strong data-start=\"911\" data-end=\"927\">Format\u00a0: SODIMM (204 broches)<\/p>\n<\/li>\n<li class=\"\" data-start=\"947\" data-end=\"991\">\n<p class=\"\" data-start=\"949\" data-end=\"991\"><strong data-start=\"949\" data-end=\"961\">Tension\u00a0: 1,35\u00a0V \/ 1,5\u00a0V (double tension)<\/p>\n<\/li>\n<li class=\"\" data-start=\"992\" data-end=\"1065\">\n<p class=\"\" data-start=\"994\" data-end=\"1065\"><strong data-start=\"994\" data-end=\"1008\">\u00c9tat\u00a0:<\/strong> D&rsquo;occasion, enti\u00e8rement test\u00e9 et en excellent \u00e9tat de fonctionnement.<\/p>\n<\/li>\n<\/ul>\n<h4 class=\"\" data-start=\"1067\" data-end=\"1098\"><strong data-start=\"1072\" data-end=\"1096\">Pourquoi choisir cette RAM\u00a0?<\/strong><\/h4>\n<p class=\"\" data-start=\"1099\" data-end=\"1510\">\u2714 <strong data-start=\"1101\" data-end=\"1125\">Performances fiables<\/strong> \u2013 Id\u00e9al pour l&rsquo;informatique quotidienne, les t\u00e2ches professionnelles et les jeux l\u00e9gers.<br data-start=\"1190\" data-end=\"1193\" \/>\u2714 <strong data-start=\"1195\" data-end=\"1215\">\u00c9conomie d&rsquo;\u00e9nergie<\/strong> \u2013 Basse tension. (1,35 V) r\u00e9duit la consommation d&rsquo;\u00e9nergie<br data-start=\"1270\" data-end=\"1273\" \/>\u2714 <strong data-start=\"1275\" data-end=\"1291\">Mise \u00e0 niveau facile<\/strong> \u2013 Compatible avec de nombreux mod\u00e8les d&rsquo;ordinateurs portables prenant en charge la DDR3L 1600 MHz<br data-start=\"1355\" data-end=\"1358\" \/>\u2714 <strong data-start=\"1360\" data-end=\"1381\">Test\u00e9 et V\u00e9rifi\u00e9<\/strong> \u2013 Chaque module est enti\u00e8rement test\u00e9 pour garantir sa fonctionnalit\u00e9.<br data-start=\"1435\" data-end=\"1438\" \/>\u2714 <strong data-start=\"1440\" data-end=\"1455\">Photos r\u00e9elles<\/strong> \u2013 Vous recevrez exactement l&rsquo;article pr\u00e9sent\u00e9 dans l&rsquo;annonce.<\/p>\n<p class=\"\" data-start=\"1512\" data-end=\"1594\"><strong data-start=\"1512\" data-end=\"1529\">\ud83d\udce9 Besoin d&rsquo;aide\u00a0?<\/strong> En cas de doute sur la compatibilit\u00e9, n&rsquo;h\u00e9sitez pas \u00e0 nous contacter\u00a0!<\/p>\n","protected":false},"excerpt":{"rendered":"<p class=\"\" data-start=\"226\" data-end=\"413\">Am\u00e9liorez les performances de votre ordinateur portable avec cette <strong data-start=\"270\" data-end=\"319\">RAM 4 Go 2Rx8 PC3L-12800S DDR3L 1600 MHz SODIMM<\/strong>. Enti\u00e8rement test\u00e9e et en excellent \u00e9tat de fonctionnement. Photos r\u00e9elles\u00a0: vous obtenez ce que vous voyez\u00a0!<\/p>\n","protected":false},"featured_media":17518,"template":"","meta":[],"product_brand":[],"product_cat":[73,72],"product_tag":[],"class_list":{"0":"post-17458","1":"product","2":"type-product","3":"status-publish","4":"has-post-thumbnail","6":"product_cat-ddr3-ddr3l","7":"product_cat-ram-memory","9":"first","10":"instock","11":"taxable","12":"shipping-taxable","13":"purchasable","14":"product-type-simple"},"_links":{"self":[{"href":"https:\/\/boreait.com\/fr\/wp-json\/wp\/v2\/product\/17458","targetHints":{"allow":["GET"]}}],"collection":[{"href":"https:\/\/boreait.com\/fr\/wp-json\/wp\/v2\/product"}],"about":[{"href":"https:\/\/boreait.com\/fr\/wp-json\/wp\/v2\/types\/product"}],"wp:featuredmedia":[{"embeddable":true,"href":"https:\/\/boreait.com\/fr\/wp-json\/wp\/v2\/media\/17518"}],"wp:attachment":[{"href":"https:\/\/boreait.com\/fr\/wp-json\/wp\/v2\/media?parent=17458"}],"wp:term":[{"taxonomy":"product_brand","embeddable":true,"href":"https:\/\/boreait.com\/fr\/wp-json\/wp\/v2\/product_brand?post=17458"},{"taxonomy":"product_cat","embeddable":true,"href":"https:\/\/boreait.com\/fr\/wp-json\/wp\/v2\/product_cat?post=17458"},{"taxonomy":"product_tag","embeddable":true,"href":"https:\/\/boreait.com\/fr\/wp-json\/wp\/v2\/product_tag?post=17458"}],"curies":[{"name":"wp","href":"https:\/\/api.w.org\/{rel}","templated":true}]}}