{"id":17457,"date":"2025-09-16T16:58:25","date_gmt":"2025-09-16T14:58:25","guid":{"rendered":"https:\/\/boreait.com\/fr\/?post_type=product&#038;p=17457"},"modified":"2026-02-09T10:36:08","modified_gmt":"2026-02-09T09:36:08","slug":"2-x-1-go-de-ram-de-bureau-1rx8-pc3-8500e-ddr3-1066-mhz-ecc-sans-tampon","status":"publish","type":"product","link":"https:\/\/boreait.com\/fr\/produit\/2-x-1-go-de-ram-de-bureau-1rx8-pc3-8500e-ddr3-1066-mhz-ecc-sans-tampon\/","title":{"rendered":"2 x 1 Go de RAM de bureau 1Rx8 PC3-8500E DDR3 1066 MHz ECC sans tampon"},"content":{"rendered":"<p class=\"\" data-start=\"520\" data-end=\"761\">Am\u00e9liorez les performances de votre ordinateur de bureau avec ce module de RAM sans tampon ECC <strong>2 x (comme indiqu\u00e9 sur la photo)<\/strong><strong data-start=\"565\" data-end=\"619\">1 Go 1Rx8 PC3-8500E DDR3 1066 MHz<\/strong>. Con\u00e7u pour <strong data-start=\"641\" data-end=\"669\">stabilit\u00e9 et efficacit\u00e9<\/strong>, ce module m\u00e9moire assure un multit\u00e2che fluide et une meilleure r\u00e9activit\u00e9 globale du syst\u00e8me.<\/p>\n<p class=\"\" data-start=\"763\" data-end=\"1040\"><strong data-start=\"763\" data-end=\"780\">Caract\u00e9ristiques principales\u00a0:<\/strong><br data-start=\"780\" data-end=\"783\" \/>\u2714 <strong data-start=\"785\" data-end=\"798\">Capacit\u00e9\u00a0:<\/strong> 1\u00a0Go<br data-start=\"802\" data-end=\"805\" \/>\u2714 <strong data-start=\"807\" data-end=\"816\">Type\u00a0:<\/strong> DDR3 ECC sans tampon<br data-start=\"836\" data-end=\"839\" \/>\u2714 <strong data-start=\"841\" data-end=\"851\">Vitesse\u00a0:<\/strong> 1\u00a0066\u00a0MHz (PC3-8500E)<br data-start=\"871\" data-end=\"874\" \/>\u2714 <strong data-start=\"876\" data-end=\"885\">Rang\u00a0:<\/strong> 1Rx8<br data-start=\"890\" data-end=\"893\" \/>\u2714 <strong data-start=\"895\" data-end=\"911\">Latence CAS\u00a0:<\/strong> 7-10-D0<br data-start=\"919\" data-end=\"922\" data-is-only-node=\"\" \/>\u2714 <strong data-start=\"924\" data-end=\"942\">Compatibilit\u00e9\u00a0:<\/strong> Id\u00e9al pour les ordinateurs de bureau prenant en charge la m\u00e9moire ECC sans tampon<br data-start=\"996\" data-end=\"999\" \/>\u2714 <strong data-start=\"1001\" data-end=\"1015\">\u00c9tat\u00a0:<\/strong> Test\u00e9 et Enti\u00e8rement fonctionnel<\/p>\n<p class=\"\" data-start=\"1042\" data-end=\"1247\">\ud83d\udd39 <strong data-start=\"1045\" data-end=\"1060\">Photos r\u00e9elles<\/strong> \u2013 Les images de cette annonce repr\u00e9sentent le produit r\u00e9el que vous recevrez.<br data-start=\"1131\" data-end=\"1134\" \/>\ud83d\udd39 <strong data-start=\"1137\" data-end=\"1151\">Besoin d&rsquo;aide\u00a0?<\/strong> Bien que nous ne fournissions pas d&rsquo;instructions d&rsquo;installation, n&rsquo;h\u00e9sitez pas \u00e0 nous contacter pour toute assistance.<\/p>\n<p class=\"\" data-start=\"1249\" data-end=\"1391\">Mettez votre ordinateur \u00e0 niveau d\u00e8s aujourd&rsquo;hui avec cette <strong data-start=\"1285\" data-end=\"1330\">pi\u00e8ce d\u00e9tach\u00e9e pour ordinateur portable fiable et performante<\/strong> \u2013 disponible pour une livraison rapide en Europe et dans le monde entier\u00a0!<\/p>\n","protected":false},"excerpt":{"rendered":"<p>Am\u00e9liorez votre syst\u00e8me avec <strong data-start=\"313\" data-end=\"367\">1 Go de RAM 1Rx8 PC3-8500E DDR3 1066 MHz ECC sans tampon<\/strong>. Id\u00e9al pour des performances stables et fiables sur les ordinateurs de bureau compatibles. <strong data-start=\"444\" data-end=\"465\">Test\u00e9 et fonctionnel.<\/strong><\/p>\n","protected":false},"featured_media":17517,"template":"","meta":[],"product_brand":[],"product_cat":[73,72],"product_tag":[],"class_list":{"0":"post-17457","1":"product","2":"type-product","3":"status-publish","4":"has-post-thumbnail","6":"product_cat-ddr3-ddr3l","7":"product_cat-ram-memory","9":"first","10":"instock","11":"taxable","12":"shipping-taxable","13":"purchasable","14":"product-type-simple"},"_links":{"self":[{"href":"https:\/\/boreait.com\/fr\/wp-json\/wp\/v2\/product\/17457","targetHints":{"allow":["GET"]}}],"collection":[{"href":"https:\/\/boreait.com\/fr\/wp-json\/wp\/v2\/product"}],"about":[{"href":"https:\/\/boreait.com\/fr\/wp-json\/wp\/v2\/types\/product"}],"wp:featuredmedia":[{"embeddable":true,"href":"https:\/\/boreait.com\/fr\/wp-json\/wp\/v2\/media\/17517"}],"wp:attachment":[{"href":"https:\/\/boreait.com\/fr\/wp-json\/wp\/v2\/media?parent=17457"}],"wp:term":[{"taxonomy":"product_brand","embeddable":true,"href":"https:\/\/boreait.com\/fr\/wp-json\/wp\/v2\/product_brand?post=17457"},{"taxonomy":"product_cat","embeddable":true,"href":"https:\/\/boreait.com\/fr\/wp-json\/wp\/v2\/product_cat?post=17457"},{"taxonomy":"product_tag","embeddable":true,"href":"https:\/\/boreait.com\/fr\/wp-json\/wp\/v2\/product_tag?post=17457"}],"curies":[{"name":"wp","href":"https:\/\/api.w.org\/{rel}","templated":true}]}}