{"id":17454,"date":"2025-09-16T16:58:25","date_gmt":"2025-09-16T14:58:25","guid":{"rendered":"https:\/\/boreait.com\/fr\/?post_type=product&#038;p=17454"},"modified":"2026-02-09T10:35:26","modified_gmt":"2026-02-09T09:35:26","slug":"2-x-2-go-de-ram-ddr3-1rx8-pc3-10600s-1333-mhz-pour-ordinateur-portable-performances-fiables-pour-un-calcul-fluide","status":"publish","type":"product","link":"https:\/\/boreait.com\/fr\/produit\/2-x-2-go-de-ram-ddr3-1rx8-pc3-10600s-1333-mhz-pour-ordinateur-portable-performances-fiables-pour-un-calcul-fluide\/","title":{"rendered":"2 x 2 Go de RAM DDR3 1Rx8 PC3-10600S 1333 MHz pour ordinateur portable \u2013 Performances fiables pour un calcul fluide"},"content":{"rendered":"<p class=\"\" data-start=\"478\" data-end=\"571\"><strong data-start=\"478\" data-end=\"569\">RAM DDR3 PC3-10600S 1333 MHz 2 Go 1Rx8 pour ordinateur portable \u2013 Des performances fiables pour une utilisation fluide<\/strong><\/p>\n<p class=\"\" data-start=\"573\" data-end=\"873\">Am\u00e9liorez les performances de votre ordinateur portable avec ce module de <strong>2 x 2 Go (comme illustr\u00e9 sur la photo) de RAM DDR3 PC3-10600S<\/strong>, con\u00e7u pour offrir des <strong data-start=\"673\" data-end=\"729\">vitesses plus rapides et des capacit\u00e9s multit\u00e2ches am\u00e9lior\u00e9es<\/strong>. Que vous mettiez \u00e0 niveau un ancien syst\u00e8me ou que vous remplaciez un module d\u00e9fectueux, cette cl\u00e9 USB garantit des <strong data-start=\"828\" data-end=\"852\">performances fluides<\/strong> et une <strong data-start=\"857\" data-end=\"870\">stabilit\u00e9<\/strong>.<\/p>\n<h3 class=\"\" data-start=\"875\" data-end=\"898\"><strong data-start=\"879\" data-end=\"896\">Principales caract\u00e9ristiques\u00a0:<\/strong><\/h3>\n<p class=\"\" data-start=\"899\" data-end=\"1112\">\u2714 <strong data-start=\"901\" data-end=\"914\">Capacit\u00e9\u00a0:<\/strong> 2\u00a0Go<br data-start=\"918\" data-end=\"921\" \/>\u2714 <strong data-start=\"923\" data-end=\"932\">Type\u00a0:<\/strong> DDR3 SODIMM<br data-start=\"944\" data-end=\"947\" \/>\u2714 <strong data-start=\"949\" data-end=\"959\">Vitesse\u00a0:<\/strong> 1\u00a0333\u00a0MHz (PC3-10600S)<br data-start=\"980\" data-end=\"983\" \/>\u2714 <strong data-start=\"985\" data-end=\"1003\">Configuration\u00a0:<\/strong> 1Rx8<br data-start=\"1008\" data-end=\"1011\" \/>\u2714 <strong data-start=\"1013\" data-end=\"1025\">Tension\u00a0:<\/strong> 1,5\u00a0V<br data-start=\"1030\" data-end=\"1033\" \/>\u2714 <strong data-start=\"1035\" data-end=\"1053\">Compatibilit\u00e9\u00a0:<\/strong> Fonctionne avec la plupart des ordinateurs portables prenant en charge la DDR3 1\u00a0333\u00a0MHz M\u00e9moire<\/p>\n<h3 class=\"\" data-start=\"1114\" data-end=\"1151\"><strong data-start=\"1118\" data-end=\"1149\">Pourquoi choisir cette RAM pour ordinateur portable\u00a0?<\/strong><\/h3>\n<ul data-start=\"1152\" data-end=\"1483\">\n<li class=\"\" data-start=\"1152\" data-end=\"1238\">\n<p class=\"\" data-start=\"1154\" data-end=\"1238\">\ud83d\udca1 <strong data-start=\"1157\" data-end=\"1187\">Optimis\u00e9 pour les performances\u00a0:<\/strong> Am\u00e9liore la vitesse et la r\u00e9activit\u00e9 globales du syst\u00e8me.<\/p>\n<\/li>\n<li class=\"\" data-start=\"1239\" data-end=\"1313\">\n<p class=\"\" data-start=\"1241\" data-end=\"1313\">\ud83d\udd27 <strong data-start=\"1244\" data-end=\"1264\">Facile \u00e0 installer\u00a0:<\/strong> Compatibilit\u00e9 plug-and-play pour des mises \u00e0 niveau rapides<\/p>\n<\/li>\n<li class=\"\" data-start=\"1314\" data-end=\"1394\">\n<p class=\"\" data-start=\"1316\" data-end=\"1394\">\ud83d\udee0 <strong data-start=\"1319\" data-end=\"1341\">Test\u00e9 et Fiable\u00a0: Enti\u00e8rement fonctionnel et contr\u00f4l\u00e9 pour l&rsquo;assurance qualit\u00e9.<\/p>\n<\/li>\n<li class=\"\" data-start=\"1395\" data-end=\"1483\">\n<p class=\"\" data-start=\"1397\" data-end=\"1483\">\ud83d\udcf8 <strong data-start=\"1400\" data-end=\"1416\">Photos r\u00e9elles\u00a0:<\/strong> Les photos de l&rsquo;annonce repr\u00e9sentent la RAM r\u00e9elle que vous recevrez.<\/p>\n<\/li>\n<\/ul>\n<p class=\"\" data-start=\"1485\" data-end=\"1667\">Ce <strong data-start=\"1490\" data-end=\"1524\">module RAM haute qualit\u00e9 pour ordinateur portable<\/strong> est un moyen \u00e9conomique de <strong data-start=\"1552\" data-end=\"1586\">prolonger la dur\u00e9e de vie de votre appareil<\/strong>, que vous souhaitiez le mettre \u00e0 niveau pour une meilleure efficacit\u00e9 ou remplacer un appareil endommag\u00e9. Module.<\/p>\n<p class=\"\" data-start=\"1669\" data-end=\"1783\">\ud83d\udce9 <strong data-start=\"1672\" data-end=\"1686\">Besoin d&rsquo;aide\u00a0?<\/strong> Si vous avez des questions sur la compatibilit\u00e9, n&rsquo;h\u00e9sitez pas \u00e0 nous contacter. Nous serons ravis de vous aider\u00a0!<\/p>\n","protected":false},"excerpt":{"rendered":"<p>Am\u00e9liorez les performances de votre ordinateur portable avec ce module de RAM DDR3 2 Go 1Rx8 PC3-10600S 1333 MHz. Id\u00e9al pour booster la vitesse et l&rsquo;efficacit\u00e9 multit\u00e2che. Enti\u00e8rement test\u00e9 et en excellent \u00e9tat de fonctionnement.<\/p>\n","protected":false},"featured_media":17510,"template":"","meta":[],"product_brand":[],"product_cat":[73,72],"product_tag":[],"class_list":{"0":"post-17454","1":"product","2":"type-product","3":"status-publish","4":"has-post-thumbnail","6":"product_cat-ddr3-ddr3l","7":"product_cat-ram-memory","9":"first","10":"instock","11":"taxable","12":"shipping-taxable","13":"purchasable","14":"product-type-simple"},"_links":{"self":[{"href":"https:\/\/boreait.com\/fr\/wp-json\/wp\/v2\/product\/17454","targetHints":{"allow":["GET"]}}],"collection":[{"href":"https:\/\/boreait.com\/fr\/wp-json\/wp\/v2\/product"}],"about":[{"href":"https:\/\/boreait.com\/fr\/wp-json\/wp\/v2\/types\/product"}],"wp:featuredmedia":[{"embeddable":true,"href":"https:\/\/boreait.com\/fr\/wp-json\/wp\/v2\/media\/17510"}],"wp:attachment":[{"href":"https:\/\/boreait.com\/fr\/wp-json\/wp\/v2\/media?parent=17454"}],"wp:term":[{"taxonomy":"product_brand","embeddable":true,"href":"https:\/\/boreait.com\/fr\/wp-json\/wp\/v2\/product_brand?post=17454"},{"taxonomy":"product_cat","embeddable":true,"href":"https:\/\/boreait.com\/fr\/wp-json\/wp\/v2\/product_cat?post=17454"},{"taxonomy":"product_tag","embeddable":true,"href":"https:\/\/boreait.com\/fr\/wp-json\/wp\/v2\/product_tag?post=17454"}],"curies":[{"name":"wp","href":"https:\/\/api.w.org\/{rel}","templated":true}]}}