{"id":17444,"date":"2025-09-16T16:57:56","date_gmt":"2025-09-16T14:57:56","guid":{"rendered":"https:\/\/boreait.com\/fr\/?post_type=product&#038;p=17444"},"modified":"2025-09-16T17:01:08","modified_gmt":"2025-09-16T15:01:08","slug":"processeur-intel-xeon-slanp-x5460-316-ghz-12-mo-de-cache-fsb-1333-mhz-quatre-coeurs-processeur-serveur","status":"publish","type":"product","link":"https:\/\/boreait.com\/fr\/produit\/processeur-intel-xeon-slanp-x5460-316-ghz-12-mo-de-cache-fsb-1333-mhz-quatre-coeurs-processeur-serveur\/","title":{"rendered":"Processeur Intel Xeon SLANP X5460 3,16 GHz, 12 Mo de cache, FSB 1333 MHz, quatre c\u0153urs | Processeur serveur"},"content":{"rendered":"<h4 class=\"\" data-start=\"697\" data-end=\"781\"><strong data-start=\"702\" data-end=\"779\">Intel Xeon X5460 3,16 GHz SLANP | 12 Mo de cache | FSB 1333 MHz | Processeur quadric\u0153ur<\/strong><\/h4>\n<p class=\"\" data-start=\"783\" data-end=\"1076\">Le <strong data-start=\"787\" data-end=\"807\">Intel Xeon X5460<\/strong> est un <strong data-start=\"813\" data-end=\"853\">processeur quadric\u0153ur hautes performances<\/strong> con\u00e7u pour une <strong data-start=\"864\" data-end=\"920\">fiabilit\u00e9 de niveau serveur et un multit\u00e2che efficace<\/strong>. Que vous mettiez \u00e0 niveau un syst\u00e8me existant ou que vous construisiez une station de travail puissante, ce <strong data-start=\"1007\" data-end=\"1073\">processeur Xeon offre une vitesse et une puissance de traitement exceptionnelles<\/strong>.<\/p>\n<h3 class=\"\" data-start=\"1078\" data-end=\"1101\"><strong data-start=\"1082\" data-end=\"1099\">Principales caract\u00e9ristiques\u00a0:<\/strong><\/h3>\n<p class=\"\" data-start=\"1102\" data-end=\"1450\">\u2714\ufe0f <strong data-start=\"1105\" data-end=\"1121\">Vitesse d&rsquo;horloge\u00a0:<\/strong> 3,16\u00a0GHz pour des performances ultra-rapides<br data-start=\"1156\" data-end=\"1159\" \/>\u2714\ufe0f <strong data-start=\"1162\" data-end=\"1172\">Cache\u00a0:<\/strong> 12\u00a0Mo L2 Cache pour des vitesses d&rsquo;acc\u00e8s aux donn\u00e9es am\u00e9lior\u00e9es<br data-start=\"1218\" data-end=\"1221\" \/>\u2714\ufe0f <strong data-start=\"1224\" data-end=\"1249\">Bus frontal (FSB)\u00a0:<\/strong> 1\u00a0333\u00a0MHz pour une communication haut d\u00e9bit<br data-start=\"1286\" data-end=\"1289\" \/>\u2714\ufe0f <strong data-start=\"1292\" data-end=\"1319\">Architecture quadric\u0153ur\u00a0:<\/strong> G\u00e8re efficacement plusieurs t\u00e2ches<br data-start=\"1354\" data-end=\"1357\" \/>\u2714\ufe0f <strong data-start=\"1360\" data-end=\"1389\">Performances de niveau serveur\u00a0:<\/strong> Id\u00e9al pour les serveurs, les stations de travail et les passionn\u00e9s d&rsquo;informatique<\/p>\n<h3 class=\"\" data-start=\"1452\" data-end=\"1488\"><strong data-start=\"1456\" data-end=\"1486\">Pourquoi choisir ce processeur\u00a0?<\/strong><\/h3>\n<ul data-start=\"1489\" data-end=\"1775\">\n<li class=\"\" data-start=\"1489\" data-end=\"1607\">\n<p class=\"\" data-start=\"1491\" data-end=\"1607\">\u2705 <strong data-start=\"1493\" data-end=\"1533\">Id\u00e9al pour le calcul haute performance<\/strong> comme la virtualisation, les applications multithread et les t\u00e2ches sur station de travail<\/p>\n<\/li>\n<li class=\"\" data-start=\"1608\" data-end=\"1684\">\n<p class=\"\" data-start=\"1610\" data-end=\"1684\">\u2705 <strong data-start=\"1612\" data-end=\"1636\">Fiable et durable<\/strong> avec Architecture serveur fiable de Xeon<\/p>\n<\/li>\n<li class=\"\" data-start=\"1685\" data-end=\"1775\">\n<p class=\"\" data-start=\"1687\" data-end=\"1775\">\u2705 <strong data-start=\"1689\" data-end=\"1726\">Optimisation des performances \u00e0 petit prix<\/strong> pour les anciens syst\u00e8mes serveurs ou postes de travail<\/p>\n<\/li>\n<\/ul>\n<p class=\"\" data-start=\"1777\" data-end=\"1894\">\ud83d\udca1 <strong data-start=\"1780\" data-end=\"1794\">Besoin d&rsquo;aide\u00a0?<\/strong> Bien que nous ne fournissions pas d&rsquo;instructions d&rsquo;installation, n&rsquo;h\u00e9sitez pas \u00e0 nous contacter si vous avez besoin d&rsquo;aide\u00a0!<\/p>\n<p class=\"\" data-start=\"1896\" data-end=\"2011\">\ud83d\udcf8 <strong data-start=\"1899\" data-end=\"1932\">Ce que vous voyez est ce que vous obtenez\u00a0!<\/strong> Les photos de la liste sont de vraies images du processeur que vous recevrez.<\/p>\n","protected":false},"excerpt":{"rendered":"<p>Mettez \u00e0 niveau votre syst\u00e8me avec l&rsquo;<strong data-start=\"378\" data-end=\"398\">Intel Xeon X5460<\/strong>, un puissant processeur <strong data-start=\"411\" data-end=\"434\">quadr\u0153ur<\/strong> dot\u00e9 d&rsquo;une fr\u00e9quence d&rsquo;horloge de <strong data-start=\"440\" data-end=\"463\">3,16 GHz<\/strong> et d&rsquo;un cache de <strong data-start=\"468\" data-end=\"482\">12 Mo<\/strong>. Con\u00e7u pour offrir <strong data-start=\"497\" data-end=\"526\">performances et stabilit\u00e9<\/strong>, il constitue le choix id\u00e9al pour les <strong data-start=\"553\" data-end=\"607\">applications serveur, les stations de travail et les passionn\u00e9s<\/strong> \u00e0 la recherche d&rsquo;une puissance de calcul \u00e9lev\u00e9e.<\/p>\n","protected":false},"featured_media":17505,"template":"","meta":[],"product_brand":[],"product_cat":[75],"product_tag":[],"class_list":{"0":"post-17444","1":"product","2":"type-product","3":"status-publish","4":"has-post-thumbnail","6":"product_cat-processors-cpu","8":"first","9":"instock","10":"taxable","11":"shipping-taxable","12":"purchasable","13":"product-type-simple"},"_links":{"self":[{"href":"https:\/\/boreait.com\/fr\/wp-json\/wp\/v2\/product\/17444","targetHints":{"allow":["GET"]}}],"collection":[{"href":"https:\/\/boreait.com\/fr\/wp-json\/wp\/v2\/product"}],"about":[{"href":"https:\/\/boreait.com\/fr\/wp-json\/wp\/v2\/types\/product"}],"wp:featuredmedia":[{"embeddable":true,"href":"https:\/\/boreait.com\/fr\/wp-json\/wp\/v2\/media\/17505"}],"wp:attachment":[{"href":"https:\/\/boreait.com\/fr\/wp-json\/wp\/v2\/media?parent=17444"}],"wp:term":[{"taxonomy":"product_brand","embeddable":true,"href":"https:\/\/boreait.com\/fr\/wp-json\/wp\/v2\/product_brand?post=17444"},{"taxonomy":"product_cat","embeddable":true,"href":"https:\/\/boreait.com\/fr\/wp-json\/wp\/v2\/product_cat?post=17444"},{"taxonomy":"product_tag","embeddable":true,"href":"https:\/\/boreait.com\/fr\/wp-json\/wp\/v2\/product_tag?post=17444"}],"curies":[{"name":"wp","href":"https:\/\/api.w.org\/{rel}","templated":true}]}}