{"id":17442,"date":"2025-09-16T16:57:55","date_gmt":"2025-09-16T14:57:55","guid":{"rendered":"https:\/\/boreait.com\/fr\/?post_type=product&#038;p=17442"},"modified":"2026-02-09T10:34:59","modified_gmt":"2026-02-09T09:34:59","slug":"memoire-ram-4-go-ddr3-1600-udimm-15-v-cl11-module-de-memoire-pour-ordinateur-de-bureau","status":"publish","type":"product","link":"https:\/\/boreait.com\/fr\/produit\/memoire-ram-4-go-ddr3-1600-udimm-15-v-cl11-module-de-memoire-pour-ordinateur-de-bureau\/","title":{"rendered":"M\u00e9moire RAM 4\u00a0Go DDR3-1600 UDIMM 1,5\u00a0V CL11 \u2013 Module de m\u00e9moire pour ordinateur de bureau"},"content":{"rendered":"<p class=\"\" data-start=\"677\" data-end=\"985\">Augmentez la vitesse et l&rsquo;efficacit\u00e9 de votre ordinateur de bureau avec ce <strong data-start=\"729\" data-end=\"763\">module RAM UDIMM DDR3-1600 de 4 Go<\/strong>. Con\u00e7u pour des <strong data-start=\"778\" data-end=\"816\">performances fluides et une fiabilit\u00e9 optimale<\/strong>, ce module m\u00e9moire fonctionne \u00e0 <strong data-start=\"849\" data-end=\"860\">1600 MHz<\/strong> avec une tension nominale de <strong data-start=\"868\" data-end=\"891\">1,5 V<\/strong> et une <strong data-start=\"898\" data-end=\"918\">latence CAS CL11<\/strong>, garantissant des performances syst\u00e8me r\u00e9actives et un multit\u00e2che fluide.<\/p>\n<h3 class=\"\" data-start=\"987\" data-end=\"1010\"><strong data-start=\"991\" data-end=\"1008\">Principales caract\u00e9ristiques\u00a0:<\/strong><\/h3>\n<p class=\"\" data-start=\"1011\" data-end=\"1304\">\u2714 <strong data-start=\"1013\" data-end=\"1026\">Capacit\u00e9\u00a0: 4\u00a0Go<br data-start=\"1030\" data-end=\"1033\" \/>\u2714 <strong data-start=\"1035\" data-end=\"1044\">Type\u00a0: DDR3 UDIMM (sans tampon)<br data-start=\"1068\" data-end=\"1071\" \/>\u2714 <strong data-start=\"1073\" data-end=\"1083\">Vitesse\u00a0: 1\u00a0600\u00a0MHz (PC3-12\u00a0800)<br data-start=\"1103\" data-end=\"1106\" \/>\u2714 <strong data-start=\"1108\" data-end=\"1120\">Tension\u00a0: 1,5\u00a0V<br data-start=\"1125\" data-end=\"1128\" \/>\u2714 <strong data-start=\"1130\" data-end=\"1146\">Latence CAS\u00a0:<\/strong> CL11<br data-start=\"1151\" data-end=\"1154\" \/>\u2714 <strong data-start=\"1156\" data-end=\"1174\">Compatibilit\u00e9\u00a0:<\/strong> Con\u00e7u pour les ordinateurs de bureau prenant en charge les modules UDIMM DDR3-1600<br data-start=\"1233\" data-end=\"1236\" \/>\u2714 <strong data-start=\"1238\" data-end=\"1259\">Test\u00e9 et Fonctionnement\u00a0: Enti\u00e8rement test\u00e9 pour ses performances et sa stabilit\u00e9.<\/p>\n<h3 class=\"\" data-start=\"1306\" data-end=\"1332\"><strong data-start=\"1310\" data-end=\"1330\">Pourquoi acheter chez nous\u00a0?<\/strong><\/h3>\n<p class=\"\" data-start=\"1333\" data-end=\"1646\">\ud83d\udd39 <strong data-start=\"1336\" data-end=\"1359\">Photos r\u00e9elles du produit<\/strong> \u2013 Ce que vous voyez est ce que vous obtenez\u00a0!<br data-start=\"1391\" data-end=\"1394\" \/>\ud83d\udd39 <strong data-start=\"1397\" data-end=\"1424\">Authentique et M\u00e9moire test\u00e9e<\/strong> \u2013 Chaque module est test\u00e9 pour garantir sa fonctionnalit\u00e9.<br data-start=\"1468\" data-end=\"1471\" \/>\ud83d\udd39 <strong data-start=\"1474\" data-end=\"1496\">Livraison internationale<\/strong> \u2013 Livraison rapide et s\u00e9curis\u00e9e disponible en Europe et au-del\u00e0.<br data-start=\"1559\" data-end=\"1562\" \/>\ud83d\udd39 <strong data-start=\"1565\" data-end=\"1579\">Besoin d&rsquo;aide\u00a0?<\/strong> \u2013 En cas de doute sur la compatibilit\u00e9, n&rsquo;h\u00e9sitez pas \u00e0 nous contacter.<\/p>\n<p class=\"\" data-start=\"1648\" data-end=\"1724\">Mettez votre ordinateur de bureau \u00e0 niveau d\u00e8s aujourd&rsquo;hui avec ce module de <strong data-start=\"1685\" data-end=\"1711\">RAM DDR3-1600 fiable<\/strong>\u00a0! \ud83d\ude80<\/p>\n","protected":false},"excerpt":{"rendered":"<p class=\"\" data-start=\"322\" data-end=\"579\">Am\u00e9liorez les performances de votre ordinateur de bureau avec ce <strong data-start=\"367\" data-end=\"401\">module de RAM UDIMM DDR3-1600 de 4 Go<\/strong>. Fonctionnant \u00e0 <strong data-start=\"416\" data-end=\"427\">1600 MHz<\/strong> avec une puissance nominale de <strong data-start=\"435\" data-end=\"443\">1,5 V<\/strong> et une <strong data-start=\"461\" data-end=\"477\">latence CL11<\/strong>, c&rsquo;est le choix id\u00e9al pour un multit\u00e2che fluide et la stabilit\u00e9 du syst\u00e8me. <strong data-start=\"546\" data-end=\"579\">Photos r\u00e9elles du produit incluses\u00a0!<\/strong><\/p>\n","protected":false},"featured_media":17503,"template":"","meta":[],"product_brand":[],"product_cat":[73,72],"product_tag":[],"class_list":{"0":"post-17442","1":"product","2":"type-product","3":"status-publish","4":"has-post-thumbnail","6":"product_cat-ddr3-ddr3l","7":"product_cat-ram-memory","9":"first","10":"instock","11":"taxable","12":"shipping-taxable","13":"purchasable","14":"product-type-simple"},"_links":{"self":[{"href":"https:\/\/boreait.com\/fr\/wp-json\/wp\/v2\/product\/17442","targetHints":{"allow":["GET"]}}],"collection":[{"href":"https:\/\/boreait.com\/fr\/wp-json\/wp\/v2\/product"}],"about":[{"href":"https:\/\/boreait.com\/fr\/wp-json\/wp\/v2\/types\/product"}],"wp:featuredmedia":[{"embeddable":true,"href":"https:\/\/boreait.com\/fr\/wp-json\/wp\/v2\/media\/17503"}],"wp:attachment":[{"href":"https:\/\/boreait.com\/fr\/wp-json\/wp\/v2\/media?parent=17442"}],"wp:term":[{"taxonomy":"product_brand","embeddable":true,"href":"https:\/\/boreait.com\/fr\/wp-json\/wp\/v2\/product_brand?post=17442"},{"taxonomy":"product_cat","embeddable":true,"href":"https:\/\/boreait.com\/fr\/wp-json\/wp\/v2\/product_cat?post=17442"},{"taxonomy":"product_tag","embeddable":true,"href":"https:\/\/boreait.com\/fr\/wp-json\/wp\/v2\/product_tag?post=17442"}],"curies":[{"name":"wp","href":"https:\/\/api.w.org\/{rel}","templated":true}]}}