{"id":17440,"date":"2025-09-16T16:57:55","date_gmt":"2025-09-16T14:57:55","guid":{"rendered":"https:\/\/boreait.com\/fr\/?post_type=product&#038;p=17440"},"modified":"2026-02-09T10:24:47","modified_gmt":"2026-02-09T09:24:47","slug":"kingston-ram-4-go-ddr3-1600-mhz-pc3-12800-sodimm-cl11-pour-ordinateur-portable-sr-x8","status":"publish","type":"product","link":"https:\/\/boreait.com\/fr\/produit\/kingston-ram-4-go-ddr3-1600-mhz-pc3-12800-sodimm-cl11-pour-ordinateur-portable-sr-x8\/","title":{"rendered":"Kingston RAM 4 Go DDR3 1600 MHz PC3-12800 SODIMM CL11 pour ordinateur portable SR x8"},"content":{"rendered":"<p class=\"\" data-start=\"751\" data-end=\"830\"><strong data-start=\"751\" data-end=\"828\">Optimisez la vitesse de votre ordinateur portable avec la m\u00e9moire Kingston ValueRAM 4 Go DDR3 1600 MHz SODIMM\u00a0!<\/strong><\/p>\n<p class=\"\" data-start=\"832\" data-end=\"1177\">Vous recherchez une solution fiable pour am\u00e9liorer les performances de votre ordinateur portable\u00a0? La <strong data-start=\"905\" data-end=\"960\">m\u00e9moire Kingston ValueRAM 4 Go DDR3 1600 MHz PC3-12800 SODIMM<\/strong> est un module de m\u00e9moire haute qualit\u00e9 con\u00e7u pour am\u00e9liorer la vitesse et l&rsquo;efficacit\u00e9 de votre syst\u00e8me. Que vous utilisiez plusieurs t\u00e2ches \u00e0 la fois, que vous diffusiez du contenu en streaming ou que vous g\u00e9riez vos t\u00e2ches informatiques quotidiennes, cette RAM offre des performances fluides et stables.<\/p>\n<h3 class=\"\" data-start=\"1179\" data-end=\"1202\"><strong data-start=\"1183\" data-end=\"1200\">Principales caract\u00e9ristiques\u00a0:<\/strong><\/h3>\n<p class=\"\" data-start=\"1203\" data-end=\"1650\">\u2705 <strong data-start=\"1205\" data-end=\"1231\">Module SODIMM DDR3 de 4\u00a0Go<\/strong> \u2013 Id\u00e9al pour mettre \u00e0 niveau la m\u00e9moire d&rsquo;un ordinateur portable.<br data-start=\"1268\" data-end=\"1271\" \/>\u2705 <strong data-start=\"1273\" data-end=\"1302\">Vitesse de 1\u00a0600\u00a0MHz (PC3-12800)<\/strong> \u2013 Am\u00e9liore la r\u00e9activit\u00e9 globale du syst\u00e8me.<br data-start=\"1344\" data-end=\"1347\" \/>\u2705 <strong data-start=\"1349\" data-end=\"1365\">Latence CL11<\/strong> \u2013 Performances efficaces avec des d\u00e9lais r\u00e9duits.<br data-start=\"1410\" data-end=\"1413\" \/>\u2705 <strong data-start=\"1415\" data-end=\"1445\">Conception x8 \u00e0 un seul rang (SR)<\/strong> \u2013 Optimis\u00e9e pour la compatibilit\u00e9 avec divers ordinateurs portables.<br data-start=\"1497\" data-end=\"1500\" \/>\u2705 <strong data-start=\"1502\" data-end=\"1526\">Non-ECC et sans tampon<\/strong> \u2013 M\u00e9moire standard pour un fonctionnement fiable.<br data-start=\"1568\" data-end=\"1571\" \/>\u2705 <strong data-start=\"1573\" data-end=\"1601\">Plug &amp; Installation Play<\/strong> \u2013 Installation facile sans expertise technique.<\/p>\n<h3 class=\"\" data-start=\"1652\" data-end=\"1682\"><strong data-start=\"1656\" data-end=\"1680\">Pourquoi choisir cette RAM\u00a0?<\/strong><\/h3>\n<ul data-start=\"1683\" data-end=\"1929\">\n<li class=\"\" data-start=\"1683\" data-end=\"1758\">\n<p class=\"\" data-start=\"1685\" data-end=\"1758\"><strong data-start=\"1685\" data-end=\"1710\">Multit\u00e2che am\u00e9lior\u00e9<\/strong>\u00a0: Ex\u00e9cutez plusieurs applications sans ralentissement.<\/p>\n<\/li>\n<li class=\"\" data-start=\"1759\" data-end=\"1851\">\n<p class=\"\" data-start=\"1761\" data-end=\"1851\"><strong data-start=\"1761\" data-end=\"1786\">Qualit\u00e9 et Fiabilit\u00e9\u00a0: B\u00e9n\u00e9ficiez de la r\u00e9putation de Kingston en mati\u00e8re de solutions m\u00e9moire durables.<\/p>\n<\/li>\n<li class=\"\" data-start=\"1852\" data-end=\"1929\">\n<p class=\"\" data-start=\"1854\" data-end=\"1929\"><strong data-start=\"1854\" data-end=\"1876\">Large compatibilit\u00e9<\/strong>\u00a0: Compatible avec la plupart des ordinateurs portables compatibles DDR3 SODIMM.<\/p>\n<\/li>\n<\/ul>\n<p class=\"\" data-start=\"1931\" data-end=\"2148\">\ud83d\udce2 <strong data-start=\"1934\" data-end=\"1943\">Remarque\u00a0:<\/strong> Les instructions d&rsquo;installation ne sont pas incluses, mais si vous avez besoin d&rsquo;aide, n&rsquo;h\u00e9sitez pas \u00e0 nous contacter\u00a0!<br data-start=\"2040\" data-end=\"2043\" \/>\ud83d\udcf7 <strong data-start=\"2046\" data-end=\"2061\">Photos r\u00e9elles<\/strong>\u00a0: Les photos de cette annonce sont des images r\u00e9elles du module m\u00e9moire que vous recevrez.<\/p>\n<p class=\"\" data-start=\"2150\" data-end=\"2279\">Am\u00e9liorez votre ordinateur portable d\u00e8s aujourd&rsquo;hui avec la <strong data-start=\"2185\" data-end=\"2230\">Kingston ValueRAM 4\u00a0Go DDR3 1600\u00a0MHz SODIMM<\/strong> et profitez d&rsquo;une vitesse et d&rsquo;une efficacit\u00e9 accrues\u00a0! \ud83d\ude80<\/p>\n","protected":false},"excerpt":{"rendered":"<p>Am\u00e9liorez les performances de votre ordinateur portable avec la <strong data-start=\"484\" data-end=\"529\">m\u00e9moire Kingston ValueRAM 4 Go DDR3 1600 MHz SODIMM<\/strong>. Con\u00e7ue pour un multit\u00e2che fluide, cette <strong data-start=\"572\" data-end=\"614\">m\u00e9moire PC3-12800, CL11, non-ECC<\/strong> assure un fonctionnement fluide. Compatible avec la plupart des ordinateurs portables prenant en charge la m\u00e9moire DDR3 SODIMM.<\/p>\n","protected":false},"featured_media":17499,"template":"","meta":[],"product_brand":[],"product_cat":[73,72],"product_tag":[],"class_list":{"0":"post-17440","1":"product","2":"type-product","3":"status-publish","4":"has-post-thumbnail","6":"product_cat-ddr3-ddr3l","7":"product_cat-ram-memory","9":"first","10":"instock","11":"taxable","12":"shipping-taxable","13":"purchasable","14":"product-type-simple"},"_links":{"self":[{"href":"https:\/\/boreait.com\/fr\/wp-json\/wp\/v2\/product\/17440","targetHints":{"allow":["GET"]}}],"collection":[{"href":"https:\/\/boreait.com\/fr\/wp-json\/wp\/v2\/product"}],"about":[{"href":"https:\/\/boreait.com\/fr\/wp-json\/wp\/v2\/types\/product"}],"wp:featuredmedia":[{"embeddable":true,"href":"https:\/\/boreait.com\/fr\/wp-json\/wp\/v2\/media\/17499"}],"wp:attachment":[{"href":"https:\/\/boreait.com\/fr\/wp-json\/wp\/v2\/media?parent=17440"}],"wp:term":[{"taxonomy":"product_brand","embeddable":true,"href":"https:\/\/boreait.com\/fr\/wp-json\/wp\/v2\/product_brand?post=17440"},{"taxonomy":"product_cat","embeddable":true,"href":"https:\/\/boreait.com\/fr\/wp-json\/wp\/v2\/product_cat?post=17440"},{"taxonomy":"product_tag","embeddable":true,"href":"https:\/\/boreait.com\/fr\/wp-json\/wp\/v2\/product_tag?post=17440"}],"curies":[{"name":"wp","href":"https:\/\/api.w.org\/{rel}","templated":true}]}}