{"id":17431,"date":"2025-09-16T16:57:33","date_gmt":"2025-09-16T14:57:33","guid":{"rendered":"https:\/\/boreait.com\/fr\/?post_type=product&#038;p=17431"},"modified":"2026-02-09T10:24:31","modified_gmt":"2026-02-09T09:24:31","slug":"lecteur-dvd-rw-dvd-ram-toshiba-su-228gb-lecteur-graveur-optique-pour-ordinateur-portable","status":"publish","type":"product","link":"https:\/\/boreait.com\/fr\/produit\/lecteur-dvd-rw-dvd-ram-toshiba-su-228gb-lecteur-graveur-optique-pour-ordinateur-portable\/","title":{"rendered":"Lecteur DVD-RW DVD-RAM Toshiba SU-228GB \u2013 Lecteur\/graveur optique pour ordinateur portable"},"content":{"rendered":"<p class=\"\" data-start=\"596\" data-end=\"680\"><strong data-start=\"596\" data-end=\"678\">Lecteur DVD-RAM DVD-RW Toshiba SU-228 Go \u2013 Un lecteur optique fiable pour votre ordinateur portable<\/strong><\/p>\n<p class=\"\" data-start=\"682\" data-end=\"1084\">Vous recherchez une solution de remplacement de haute qualit\u00e9 pour le lecteur optique de votre ordinateur portable\u00a0? Le lecteur DVD-RAM DVD-RW <strong data-start=\"758\" data-end=\"778\">Toshiba SU-228 Go<\/strong> est une solution <strong data-start=\"805\" data-end=\"837\">fine, durable et efficace<\/strong> pour la lecture et la gravure de DVD et de CD. Que vous ayez besoin d&rsquo;installer des logiciels, de cr\u00e9er des sauvegardes ou de regarder vos films pr\u00e9f\u00e9r\u00e9s, ce lecteur optique interne offre des <strong data-start=\"1007\" data-end=\"1057\">performances fluides et une excellente compatibilit\u00e9<\/strong> avec la plupart des mod\u00e8les d&rsquo;ordinateurs portables.<\/p>\n<h3 class=\"\" data-start=\"1086\" data-end=\"1109\"><strong data-start=\"1090\" data-end=\"1107\">Principales caract\u00e9ristiques\u00a0:<\/strong><\/h3>\n<p class=\"\" data-start=\"1110\" data-end=\"1534\">\u2714 <strong data-start=\"1112\" data-end=\"1137\">Lecture et Gravez des DVD\/CD &#8211; Prend en charge les formats DVD-R, DVD+R, DVD-RW, DVD+RW et CD<br data-start=\"1193\" data-end=\"1196\" \/>\u2714 <strong data-start=\"1198\" data-end=\"1223\">Conception compacte et fine<\/strong> &#8211; S&rsquo;adapte \u00e0 la plupart des ordinateurs portables \u00e9quip\u00e9s d&rsquo;une baie de lecteur optique SATA fine standard<br data-start=\"1287\" data-end=\"1290\" \/>\u2714 <strong data-start=\"1292\" data-end=\"1320\">Qualit\u00e9 Toshiba fiable<\/strong> &#8211; Con\u00e7u pour une long\u00e9vit\u00e9 et des performances stables<br data-start=\"1365\" data-end=\"1368\" \/>\u2714 <strong data-start=\"1370\" data-end=\"1398\">Plug &#038; Installation Play<\/strong> \u2013 Aucun pilote suppl\u00e9mentaire requis pour la plupart des syst\u00e8mes d&rsquo;exploitation.<br data-start=\"1458\" data-end=\"1461\" \/>\u2714 <strong data-start=\"1463\" data-end=\"1483\">Prise en charge des DVD-RAM<\/strong> \u2013 Id\u00e9al pour le stockage et l&rsquo;archivage de donn\u00e9es \u00e0 long terme.<\/p>\n<h3 class=\"\" data-start=\"1536\" data-end=\"1560\"><strong data-start=\"1540\" data-end=\"1558\">Compatibilit\u00e9\u00a0:<\/strong><\/h3>\n<ul data-start=\"1561\" data-end=\"1735\">\n<li class=\"\" data-start=\"1561\" data-end=\"1636\">\n<p class=\"\" data-start=\"1563\" data-end=\"1636\">Convient \u00e0 la plupart des ordinateurs portables \u00e9quip\u00e9s d&rsquo;un <strong data-start=\"1596\" data-end=\"1616\">Baie pour lecteur optique SATA slim 12,7 mm<\/strong><\/p>\n<\/li>\n<li class=\"\" data-start=\"1637\" data-end=\"1681\">\n<p class=\"\" data-start=\"1639\" data-end=\"1681\">Compatible avec <strong data-start=\"1650\" data-end=\"1679\">Windows, macOS et Linux<\/strong><\/p>\n<\/li>\n<li class=\"\" data-start=\"1682\" data-end=\"1735\">\n<p class=\"\" data-start=\"1684\" data-end=\"1735\">Fonctionnalit\u00e9 plug-and-play pour une installation facile<\/p>\n<\/li>\n<\/ul>\n<h3 class=\"\" data-start=\"1737\" data-end=\"1763\"><strong data-start=\"1741\" data-end=\"1761\">Pourquoi acheter chez nous\u00a0?<\/strong><\/h3>\n<p class=\"\" data-start=\"1764\" data-end=\"2030\">\ud83d\udccc <strong data-start=\"1767\" data-end=\"1782\">Photos r\u00e9elles<\/strong> \u2013 Les images de la fiche produit montrent le produit r\u00e9el que vous recevrez.<br data-start=\"1851\" data-end=\"1854\" \/>\ud83d\udccc <strong data-start=\"1857\" data-end=\"1875\">Contr\u00f4le qualit\u00e9<\/strong> \u2013 Tous les disques sont v\u00e9rifi\u00e9s avant exp\u00e9dition pour garantir leur pleine fonctionnalit\u00e9.<br data-start=\"1945\" data-end=\"1948\" \/>\ud83d\udccc <strong data-start=\"1951\" data-end=\"1969\">Assistance experte<\/strong> \u2013 Si vous avez besoin d&rsquo;aide, n&rsquo;h\u00e9sitez pas \u00e0 nous contacter.<\/p>\n<p class=\"\" data-start=\"2032\" data-end=\"2156\">Mettez \u00e0 niveau votre ordinateur portable avec le <strong data-start=\"2061\" data-end=\"2102\">lecteur DVD-RAM DVD-RW Toshiba SU-228GB<\/strong> d\u00e8s aujourd&rsquo;hui et profitez de performances de lecteur optique fiables\u00a0!<\/p>\n","protected":false},"excerpt":{"rendered":"<p>Mettez \u00e0 niveau ou remplacez le lecteur optique de votre ordinateur portable avec le lecteur DVD-RW DVD-RAM Toshiba SU-228 Go. Con\u00e7u pour la fiabilit\u00e9, ce lecteur DVD interne fin prend en charge la lecture et l&rsquo;\u00e9criture de DVD et de CD. Id\u00e9al pour les sauvegardes, l&rsquo;installation de logiciels et la lecture multim\u00e9dia.<\/p>\n","protected":false},"featured_media":17495,"template":"","meta":[],"product_brand":[],"product_cat":[63],"product_tag":[],"class_list":{"0":"post-17431","1":"product","2":"type-product","3":"status-publish","4":"has-post-thumbnail","6":"product_cat-motherboards-board-parts","8":"first","9":"instock","10":"taxable","11":"shipping-taxable","12":"purchasable","13":"product-type-simple"},"_links":{"self":[{"href":"https:\/\/boreait.com\/fr\/wp-json\/wp\/v2\/product\/17431","targetHints":{"allow":["GET"]}}],"collection":[{"href":"https:\/\/boreait.com\/fr\/wp-json\/wp\/v2\/product"}],"about":[{"href":"https:\/\/boreait.com\/fr\/wp-json\/wp\/v2\/types\/product"}],"wp:featuredmedia":[{"embeddable":true,"href":"https:\/\/boreait.com\/fr\/wp-json\/wp\/v2\/media\/17495"}],"wp:attachment":[{"href":"https:\/\/boreait.com\/fr\/wp-json\/wp\/v2\/media?parent=17431"}],"wp:term":[{"taxonomy":"product_brand","embeddable":true,"href":"https:\/\/boreait.com\/fr\/wp-json\/wp\/v2\/product_brand?post=17431"},{"taxonomy":"product_cat","embeddable":true,"href":"https:\/\/boreait.com\/fr\/wp-json\/wp\/v2\/product_cat?post=17431"},{"taxonomy":"product_tag","embeddable":true,"href":"https:\/\/boreait.com\/fr\/wp-json\/wp\/v2\/product_tag?post=17431"}],"curies":[{"name":"wp","href":"https:\/\/api.w.org\/{rel}","templated":true}]}}