{"id":17430,"date":"2025-09-16T16:57:33","date_gmt":"2025-09-16T14:57:33","guid":{"rendered":"https:\/\/boreait.com\/fr\/?post_type=product&#038;p=17430"},"modified":"2026-02-09T10:24:14","modified_gmt":"2026-02-09T09:24:14","slug":"graveur-de-dvd-hp-super-multi-509419-001-amck701-574285-6c0-pour-ordinateur-portable","status":"publish","type":"product","link":"https:\/\/boreait.com\/fr\/produit\/graveur-de-dvd-hp-super-multi-509419-001-amck701-574285-6c0-pour-ordinateur-portable\/","title":{"rendered":"Graveur de DVD HP Super Multi 509419-001 AMCK701 574285-6C0 pour ordinateur portable"},"content":{"rendered":"<p class=\"\" data-start=\"711\" data-end=\"904\">Am\u00e9liorez les fonctionnalit\u00e9s de votre ordinateur portable avec le <strong data-start=\"756\" data-end=\"821\">graveur de DVD HP Super Multi (509419-001, AMCK701, 574285-6C0)<\/strong>, une pi\u00e8ce de rechange de haute qualit\u00e9 con\u00e7ue pour des performances optimales des supports optiques.<\/p>\n<p class=\"\" data-start=\"906\" data-end=\"927\">\u2705 <strong data-start=\"908\" data-end=\"925\">Principales caract\u00e9ristiques\u00a0:<\/strong><\/p>\n<ul data-start=\"928\" data-end=\"1184\">\n<li class=\"\" data-start=\"928\" data-end=\"966\">\n<p class=\"\" data-start=\"930\" data-end=\"966\">Compatible avec divers mod\u00e8les HP Ordinateurs portables<\/p>\n<\/li>\n<li class=\"\" data-start=\"967\" data-end=\"1000\">\n<p class=\"\" data-start=\"969\" data-end=\"1000\">Lecture et \u00e9criture de CD et DVD<\/p>\n<\/li>\n<li class=\"\" data-start=\"1001\" data-end=\"1065\">\n<p class=\"\" data-start=\"1003\" data-end=\"1065\">Id\u00e9al pour l&rsquo;installation de logiciels, les sauvegardes et la lecture multim\u00e9dia<\/p>\n<\/li>\n<li class=\"\" data-start=\"1066\" data-end=\"1110\">\n<p class=\"\" data-start=\"1068\" data-end=\"1110\">Pi\u00e8ce HP d&rsquo;origine pour des performances fiables<\/p>\n<\/li>\n<li class=\"\" data-start=\"1111\" data-end=\"1184\">\n<p class=\"\" data-start=\"1113\" data-end=\"1184\"><strong data-start=\"1113\" data-end=\"1128\">Photos r\u00e9elles<\/strong>\u00a0: vous recevrez exactement ce que vous voyez dans l&rsquo;annonce\u00a0!<\/p>\n<\/li>\n<\/ul>\n<p class=\"\" data-start=\"1186\" data-end=\"1381\">\ud83d\udca1 <strong data-start=\"1189\" data-end=\"1203\">Besoin d&rsquo;aide\u00a0?<\/strong> Si vous avez des questions sur la compatibilit\u00e9, n&rsquo;h\u00e9sitez pas \u00e0 nous contacter\u00a0! Bien que nous ne fournissions pas d&rsquo;instructions d&rsquo;installation, nous serons heureux de vous aider \u00e0 choisir la pi\u00e8ce adapt\u00e9e.<\/p>\n<p class=\"\" data-start=\"1383\" data-end=\"1506\">\ud83d\udce6 <strong data-start=\"1386\" data-end=\"1409\">Livraison internationale\u00a0:<\/strong> Nous exp\u00e9dions des pi\u00e8ces d\u00e9tach\u00e9es pour ordinateurs portables dans toute l&rsquo;Europe et dans le monde entier. Commandez d\u00e8s maintenant pour une mise \u00e0 niveau rapide et sans tracas\u00a0!<\/p>\n","protected":false},"excerpt":{"rendered":"<p>Mettez \u00e0 niveau ou remplacez le lecteur optique de votre ordinateur portable avec ce <strong data-start=\"397\" data-end=\"462\">graveur de DVD HP Super Multi (509419-001, AMCK701, 574285-6C0)<\/strong>. Ce graveur DVD-RW fiable assure une lecture et une gravure fluides des CD et DVD, ce qui le rend id\u00e9al pour l&rsquo;installation de logiciels, les sauvegardes et l&rsquo;utilisation multim\u00e9dia.<\/p>\n","protected":false},"featured_media":17494,"template":"","meta":[],"product_brand":[],"product_cat":[63],"product_tag":[],"class_list":{"0":"post-17430","1":"product","2":"type-product","3":"status-publish","4":"has-post-thumbnail","6":"product_cat-motherboards-board-parts","8":"first","9":"instock","10":"taxable","11":"shipping-taxable","12":"purchasable","13":"product-type-simple"},"_links":{"self":[{"href":"https:\/\/boreait.com\/fr\/wp-json\/wp\/v2\/product\/17430","targetHints":{"allow":["GET"]}}],"collection":[{"href":"https:\/\/boreait.com\/fr\/wp-json\/wp\/v2\/product"}],"about":[{"href":"https:\/\/boreait.com\/fr\/wp-json\/wp\/v2\/types\/product"}],"wp:featuredmedia":[{"embeddable":true,"href":"https:\/\/boreait.com\/fr\/wp-json\/wp\/v2\/media\/17494"}],"wp:attachment":[{"href":"https:\/\/boreait.com\/fr\/wp-json\/wp\/v2\/media?parent=17430"}],"wp:term":[{"taxonomy":"product_brand","embeddable":true,"href":"https:\/\/boreait.com\/fr\/wp-json\/wp\/v2\/product_brand?post=17430"},{"taxonomy":"product_cat","embeddable":true,"href":"https:\/\/boreait.com\/fr\/wp-json\/wp\/v2\/product_cat?post=17430"},{"taxonomy":"product_tag","embeddable":true,"href":"https:\/\/boreait.com\/fr\/wp-json\/wp\/v2\/product_tag?post=17430"}],"curies":[{"name":"wp","href":"https:\/\/api.w.org\/{rel}","templated":true}]}}