{"id":17428,"date":"2025-09-16T16:57:32","date_gmt":"2025-09-16T14:57:32","guid":{"rendered":"https:\/\/boreait.com\/fr\/?post_type=product&#038;p=17428"},"modified":"2025-09-16T16:59:19","modified_gmt":"2025-09-16T14:59:19","slug":"dissipateur-thermique-de-refroidissement-pour-processeur-lenovo-ideapad-3-15iil05-156-pouces-at1k00010l0","status":"publish","type":"product","link":"https:\/\/boreait.com\/fr\/produit\/dissipateur-thermique-de-refroidissement-pour-processeur-lenovo-ideapad-3-15iil05-156-pouces-at1k00010l0\/","title":{"rendered":"Dissipateur thermique de refroidissement pour processeur Lenovo IdeaPad 3 15IIL05 15,6 pouces AT1K00010L0"},"content":{"rendered":"<p class=\"\" data-start=\"572\" data-end=\"923\">Gardez votre <strong data-start=\"582\" data-end=\"610\">Lenovo IdeaPad 3 15IIL05<\/strong> au frais et avec des performances optimales gr\u00e2ce \u00e0 ce <strong data-start=\"661\" data-end=\"697\">dissipateur thermique de refroidissement de processeur OEM d&rsquo;origine<\/strong> (num\u00e9ro de pi\u00e8ce\u00a0: <strong data-start=\"712\" data-end=\"727\">AT1K00010L0<\/strong>). Sp\u00e9cialement con\u00e7u pour l&rsquo;IdeaPad 3 15IIL05 15,6 pouces, ce composant de haute qualit\u00e9 assure une dissipation thermique efficace, r\u00e9duisant ainsi les risques de surchauffe et am\u00e9liorant la stabilit\u00e9 du syst\u00e8me.<\/p>\n<h3 class=\"\" data-start=\"925\" data-end=\"952\"><strong data-start=\"929\" data-end=\"950\">Caract\u00e9ristiques du produit\u00a0:<\/strong><\/h3>\n<p class=\"\" data-start=\"953\" data-end=\"1314\">\u2714 <strong data-start=\"955\" data-end=\"982\">Pi\u00e8ce d&rsquo;origine Lenovo OEM<\/strong> \u2013 Compatibilit\u00e9 et fiabilit\u00e9 garanties<br data-start=\"1025\" data-end=\"1028\" \/>\u2714 <strong data-start=\"1030\" data-end=\"1060\">Dissipation thermique optimis\u00e9e<\/strong> \u2013 Aide \u00e0 maintenir une temp\u00e9rature id\u00e9ale du processeur<br data-start=\"1099\" data-end=\"1102\" \/>\u2714 <strong data-start=\"1104\" data-end=\"1146\">Ajustement parfait pour Lenovo IdeaPad 3 15IIL05<\/strong> \u2013 Aucune modification n\u00e9cessaire<br data-start=\"1172\" data-end=\"1175\" \/>\u2714 <strong data-start=\"1177\" data-end=\"1209\">Durable et Construction de haute qualit\u00e9 \u2013 Con\u00e7u pour des performances durables<br data-start=\"1246\" data-end=\"1249\" \/>\u2714 <strong data-start=\"1251\" data-end=\"1266\">Photos r\u00e9elles<\/strong> \u2013 La pi\u00e8ce que vous voyez est celle que vous recevrez<\/p>\n<h3 class=\"\" data-start=\"1316\" data-end=\"1340\"><strong data-start=\"1320\" data-end=\"1338\">Compatibilit\u00e9\u00a0:<\/strong><\/h3>\n<p class=\"\" data-start=\"1341\" data-end=\"1447\">\ud83d\udd39 Compatible avec le <strong data-start=\"1360\" data-end=\"1388\">Lenovo IdeaPad 3 15IIL05<\/strong> (mod\u00e8les 15,6 pouces)<br data-start=\"1407\" data-end=\"1410\" \/>\ud83d\udd39 R\u00e9f\u00e9rence OEM\u00a0: <strong data-start=\"1430\" data-end=\"1445\">AT1K00010L0<\/strong><\/p>\n<h3 class=\"\" data-start=\"1449\" data-end=\"1475\"><strong data-start=\"1453\" data-end=\"1473\">Remarques importantes\u00a0:<\/strong><\/h3>\n<ul data-start=\"1476\" data-end=\"1660\">\n<li class=\"\" data-start=\"1476\" data-end=\"1577\">\n<p class=\"\" data-start=\"1478\" data-end=\"1577\"><strong data-start=\"1478\" data-end=\"1523\">Aucune notice d&rsquo;installation n&rsquo;est fournie<\/strong>, mais si vous avez besoin d&rsquo;aide, n&rsquo;h\u00e9sitez pas \u00e0 me contacter\u00a0!<\/p>\n<\/li>\n<li class=\"\" data-start=\"1578\" data-end=\"1660\">\n<p class=\"\" data-start=\"1580\" data-end=\"1660\"><strong data-start=\"1580\" data-end=\"1614\">Les photos pr\u00e9sent\u00e9es dans cette annonce sont r\u00e9elles<\/strong>, vous garantissant ainsi un r\u00e9sultat identique \u00e0 celui que vous voyez.<\/p>\n<\/li>\n<\/ul>\n<p class=\"\" data-start=\"1662\" data-end=\"1783\">Am\u00e9liorez le syst\u00e8me de refroidissement de votre ordinateur portable avec ce <strong data-start=\"1709\" data-end=\"1741\">dissipateur thermique pour processeur Lenovo d&rsquo;origine<\/strong>\u00a0\u2013 commandez-le d\u00e8s maintenant pour un remplacement fiable\u00a0!<\/p>\n","protected":false},"excerpt":{"rendered":"<p>Dissipateur thermique d&rsquo;origine pour processeur Lenovo IdeaPad 3 15IIL05 (<strong data-start=\"317\" data-end=\"332\">AT1K00010L0<\/strong>) con\u00e7u pour une dissipation thermique efficace et des performances optimales. Id\u00e9al pour un remplacement ou une r\u00e9paration. <strong data-start=\"441\" data-end=\"488\">Photos r\u00e9elles\u00a0: ce que vous voyez est ce que vous obtenez\u00a0!<\/strong><\/p>\n","protected":false},"featured_media":17484,"template":"","meta":[],"product_brand":[],"product_cat":[69],"product_tag":[],"class_list":{"0":"post-17428","1":"product","2":"type-product","3":"status-publish","4":"has-post-thumbnail","6":"product_cat-cpu-fans-heatsinks","8":"first","9":"instock","10":"taxable","11":"shipping-taxable","12":"purchasable","13":"product-type-simple"},"_links":{"self":[{"href":"https:\/\/boreait.com\/fr\/wp-json\/wp\/v2\/product\/17428","targetHints":{"allow":["GET"]}}],"collection":[{"href":"https:\/\/boreait.com\/fr\/wp-json\/wp\/v2\/product"}],"about":[{"href":"https:\/\/boreait.com\/fr\/wp-json\/wp\/v2\/types\/product"}],"wp:featuredmedia":[{"embeddable":true,"href":"https:\/\/boreait.com\/fr\/wp-json\/wp\/v2\/media\/17484"}],"wp:attachment":[{"href":"https:\/\/boreait.com\/fr\/wp-json\/wp\/v2\/media?parent=17428"}],"wp:term":[{"taxonomy":"product_brand","embeddable":true,"href":"https:\/\/boreait.com\/fr\/wp-json\/wp\/v2\/product_brand?post=17428"},{"taxonomy":"product_cat","embeddable":true,"href":"https:\/\/boreait.com\/fr\/wp-json\/wp\/v2\/product_cat?post=17428"},{"taxonomy":"product_tag","embeddable":true,"href":"https:\/\/boreait.com\/fr\/wp-json\/wp\/v2\/product_tag?post=17428"}],"curies":[{"name":"wp","href":"https:\/\/api.w.org\/{rel}","templated":true}]}}