{"id":17427,"date":"2025-09-16T16:57:31","date_gmt":"2025-09-16T14:57:31","guid":{"rendered":"https:\/\/boreait.com\/fr\/?post_type=product&#038;p=17427"},"modified":"2025-09-16T16:59:13","modified_gmt":"2025-09-16T14:59:13","slug":"camera-webcam-arriere-pour-tablette-robuste-dell-latitude-7202-5c7d2-05c7d2","status":"publish","type":"product","link":"https:\/\/boreait.com\/fr\/produit\/camera-webcam-arriere-pour-tablette-robuste-dell-latitude-7202-5c7d2-05c7d2\/","title":{"rendered":"Cam\u00e9ra webcam arri\u00e8re pour tablette robuste Dell Latitude 7202 5C7D2 05C7D2"},"content":{"rendered":"<p class=\"\" data-start=\"620\" data-end=\"962\">Mettez \u00e0 niveau ou remplacez la webcam arri\u00e8re de votre <strong data-start=\"670\" data-end=\"706\">tablette robuste Dell Latitude 7202<\/strong> avec cette pi\u00e8ce authentique de haute qualit\u00e9 <strong data-start=\"739\" data-end=\"755\">5C7D2 05C7D2<\/strong>. Sp\u00e9cialement con\u00e7ue pour le mod\u00e8le Latitude 7202, cette cam\u00e9ra de remplacement garantit que votre tablette continue de fonctionner de mani\u00e8re optimale avec des images claires et nettes pour tous vos besoins en visioconf\u00e9rence ou multim\u00e9dia.<\/p>\n<p class=\"\" data-start=\"964\" data-end=\"981\"><strong data-start=\"964\" data-end=\"981\">Principales caract\u00e9ristiques\u00a0:<\/strong><\/p>\n<ul data-start=\"982\" data-end=\"1287\">\n<li class=\"\" data-start=\"982\" data-end=\"1013\">\n<p class=\"\" data-start=\"984\" data-end=\"1013\"><strong data-start=\"984\" data-end=\"999\">R\u00e9f\u00e9rence\u00a0:<\/strong> 5C7D2 05C7D2<\/p>\n<\/li>\n<li class=\"\" data-start=\"1014\" data-end=\"1084\">\n<p class=\"\" data-start=\"1016\" data-end=\"1084\"><strong data-start=\"1016\" data-end=\"1033\">Compatibilit\u00e9<\/strong>\u00a0: Con\u00e7u pour la tablette robuste Dell Latitude 7202.<\/p>\n<\/li>\n<li class=\"\" data-start=\"1085\" data-end=\"1133\">\n<p class=\"\" data-start=\"1087\" data-end=\"1133\"><strong data-start=\"1087\" data-end=\"1100\">\u00c9tat<\/strong>\u00a0: Pi\u00e8ce de rechange d&rsquo;origine, neuve.<\/p>\n<\/li>\n<li class=\"\" data-start=\"1134\" data-end=\"1228\">\n<p class=\"\" data-start=\"1136\" data-end=\"1228\"><strong data-start=\"1136\" data-end=\"1160\">Performances fiables<\/strong>\u00a0: Restaure toutes les fonctionnalit\u00e9s de la cam\u00e9ra arri\u00e8re de votre tablette.<\/p>\n<\/li>\n<li class=\"\" data-start=\"1229\" data-end=\"1287\">\n<p class=\"\" data-start=\"1231\" data-end=\"1287\"><strong data-start=\"1231\" data-end=\"1241\">Photos<\/strong>\u00a0: Images r\u00e9elles de la pi\u00e8ce que vous recevrez.<\/p>\n<\/li>\n<\/ul>\n<p class=\"\" data-start=\"1289\" data-end=\"1604\">Que vous r\u00e9pariez votre tablette ou que vous mettiez \u00e0 niveau sa cam\u00e9ra, cette pi\u00e8ce de rechange garantit compatibilit\u00e9 et performances. Aucune notice n&rsquo;est fournie, mais si vous avez besoin d&rsquo;aide pour l&rsquo;installation ou si vous avez des questions, n&rsquo;h\u00e9sitez pas \u00e0 nous contacter. Nous serons ravis de vous aider \u00e0 remettre votre appareil en \u00e9tat de marche.<\/p>\n<p class=\"\" data-start=\"1606\" data-end=\"1869\">Id\u00e9ale pour les clients qui ont besoin de <strong data-start=\"1635\" data-end=\"1651\">pi\u00e8ces d\u00e9tach\u00e9es pour ordinateur portable<\/strong> pour des r\u00e9parations ou des mises \u00e0 niveau, cette pi\u00e8ce de cam\u00e9ra arri\u00e8re garantit que votre appareil reste en parfait \u00e9tat, que ce soit pour un usage professionnel ou personnel. Profitez de toutes les fonctionnalit\u00e9s de votre Dell Latitude 7202 gr\u00e2ce \u00e0 une pi\u00e8ce de rechange fiable.<\/p>\n","protected":false},"excerpt":{"rendered":"<p>Cette cam\u00e9ra webcam arri\u00e8re d&rsquo;origine pour tablette Dell Latitude 7202 Rugged (r\u00e9f\u00e9rence\u00a0: 5C7D2 05C7D2) est la pi\u00e8ce de rechange id\u00e9ale pour votre tablette robuste. Id\u00e9ale pour les utilisateurs recherchant des pi\u00e8ces fonctionnelles et de haute qualit\u00e9, cette cam\u00e9ra arri\u00e8re offre une int\u00e9gration parfaite et des performances fiables pour votre appareil. Toutes les photos pr\u00e9sent\u00e9es sont des images r\u00e9elles de la pi\u00e8ce que vous recevrez.<\/p>\n","protected":false},"featured_media":17483,"template":"","meta":[],"product_brand":[],"product_cat":[59],"product_tag":[],"class_list":{"0":"post-17427","1":"product","2":"type-product","3":"status-publish","4":"has-post-thumbnail","6":"product_cat-laptop-camera","8":"first","9":"instock","10":"taxable","11":"shipping-taxable","12":"purchasable","13":"product-type-simple"},"_links":{"self":[{"href":"https:\/\/boreait.com\/fr\/wp-json\/wp\/v2\/product\/17427","targetHints":{"allow":["GET"]}}],"collection":[{"href":"https:\/\/boreait.com\/fr\/wp-json\/wp\/v2\/product"}],"about":[{"href":"https:\/\/boreait.com\/fr\/wp-json\/wp\/v2\/types\/product"}],"wp:featuredmedia":[{"embeddable":true,"href":"https:\/\/boreait.com\/fr\/wp-json\/wp\/v2\/media\/17483"}],"wp:attachment":[{"href":"https:\/\/boreait.com\/fr\/wp-json\/wp\/v2\/media?parent=17427"}],"wp:term":[{"taxonomy":"product_brand","embeddable":true,"href":"https:\/\/boreait.com\/fr\/wp-json\/wp\/v2\/product_brand?post=17427"},{"taxonomy":"product_cat","embeddable":true,"href":"https:\/\/boreait.com\/fr\/wp-json\/wp\/v2\/product_cat?post=17427"},{"taxonomy":"product_tag","embeddable":true,"href":"https:\/\/boreait.com\/fr\/wp-json\/wp\/v2\/product_tag?post=17427"}],"curies":[{"name":"wp","href":"https:\/\/api.w.org\/{rel}","templated":true}]}}