{"id":17426,"date":"2025-09-16T16:57:31","date_gmt":"2025-09-16T14:57:31","guid":{"rendered":"https:\/\/boreait.com\/fr\/?post_type=product&#038;p=17426"},"modified":"2025-09-16T16:59:10","modified_gmt":"2025-09-16T14:59:10","slug":"cache-robuste-pour-ports-hdmi-audio-et-sd-du-dell-latitude-7202-piece-de-rechange-pour-dell-latitude-7202","status":"publish","type":"product","link":"https:\/\/boreait.com\/fr\/produit\/cache-robuste-pour-ports-hdmi-audio-et-sd-du-dell-latitude-7202-piece-de-rechange-pour-dell-latitude-7202\/","title":{"rendered":"Cache robuste pour ports HDMI, audio et SD du Dell Latitude 7202 | Pi\u00e8ce de rechange pour Dell Latitude 7202"},"content":{"rendered":"<p class=\"\" data-start=\"634\" data-end=\"956\">Assurez la protection et la long\u00e9vit\u00e9 de votre ordinateur portable <strong data-start=\"678\" data-end=\"707\">Dell Latitude 7202 Rugged<\/strong> avec ce v\u00e9ritable <strong data-start=\"733\" data-end=\"767\">cache de port HDMI, audio et SD<\/strong>. Con\u00e7ue pour remplacer parfaitement votre pi\u00e8ce d&rsquo;origine, cette coque prot\u00e8ge votre appareil de la poussi\u00e8re, de la salet\u00e9 et des dommages, tout en garantissant le bon fonctionnement des ports de votre ordinateur portable.<\/p>\n<p class=\"\" data-start=\"958\" data-end=\"978\"><strong data-start=\"958\" data-end=\"978\">D\u00e9tails du produit\u00a0:<\/strong><\/p>\n<ul data-start=\"979\" data-end=\"1445\">\n<li class=\"\" data-start=\"979\" data-end=\"1103\">\n<p class=\"\" data-start=\"981\" data-end=\"1103\"><strong data-start=\"981\" data-end=\"998\">Compatibilit\u00e9<\/strong>\u00a0: Sp\u00e9cialement con\u00e7ue pour les ordinateurs portables Dell Latitude 7202 Rugged, cette pi\u00e8ce offre une compatibilit\u00e9 parfaite. Ajustement parfait.<\/p>\n<\/li>\n<li class=\"\" data-start=\"1104\" data-end=\"1185\">\n<p class=\"\" data-start=\"1106\" data-end=\"1185\"><strong data-start=\"1106\" data-end=\"1123\">Fonctionnalit\u00e9<\/strong>\u00a0: Prot\u00e8ge les ports essentiels comme le port HDMI, l&rsquo;audio et le lecteur de carte SD.<\/p>\n<\/li>\n<li class=\"\" data-start=\"1186\" data-end=\"1313\">\n<p class=\"\" data-start=\"1188\" data-end=\"1313\"><strong data-start=\"1188\" data-end=\"1202\">Durabilit\u00e9<\/strong>\u00a0: Fabriqu\u00e9e \u00e0 partir de mat\u00e9riaux de haute qualit\u00e9, cette coque est con\u00e7ue pour durer et r\u00e9sister aux rigueurs des environnements difficiles.<\/p>\n<\/li>\n<li class=\"\" data-start=\"1314\" data-end=\"1445\">\n<p class=\"\" data-start=\"1316\" data-end=\"1445\"><strong data-start=\"1316\" data-end=\"1331\">Photos r\u00e9elles<\/strong>\u00a0: Toutes les images du produit sont des photos r\u00e9elles de l&rsquo;article que vous recevrez, garantissant ainsi une transparence et une confiance totales.<\/p>\n<\/li>\n<\/ul>\n<p class=\"\" data-start=\"1447\" data-end=\"1702\">Cette pi\u00e8ce de rechange est id\u00e9ale pour les <strong data-start=\"1482\" data-end=\"1500\">r\u00e9parations ou mises \u00e0 niveau d&rsquo;ordinateurs portables<\/strong>, contribuant ainsi \u00e0 pr\u00e9server les performances \u00e9lev\u00e9es et l&rsquo;int\u00e9grit\u00e9 esth\u00e9tique de votre appareil. Si vous avez besoin d&rsquo;aide pour l&rsquo;installation, n&rsquo;h\u00e9sitez pas \u00e0 nous contacter\u00a0; nous serons ravis de vous guider.<\/p>\n<p class=\"\" data-start=\"1704\" data-end=\"1913\">Que vous souhaitiez remplacer un capot perdu ou r\u00e9parer des pi\u00e8ces endommag\u00e9es, cette <strong data-start=\"1783\" data-end=\"1798\">pi\u00e8ce d&rsquo;origine pour ordinateur portable<\/strong> est la solution qu&rsquo;il vous faut. Commandez d\u00e8s maintenant et assurez-vous que votre ordinateur portable <strong data-start=\"1851\" data-end=\"1880\">Dell Latitude 7202 Rugged<\/strong> reste en parfait \u00e9tat\u00a0!<\/p>\n","protected":false},"excerpt":{"rendered":"<p>Ce cache de port HDMI, audio et SD robuste et authentique pour Dell Latitude 7202 est une pi\u00e8ce de rechange de haute qualit\u00e9 con\u00e7ue pour prot\u00e9ger votre appareil. Con\u00e7u pour s&rsquo;adapter parfaitement, il assure la long\u00e9vit\u00e9 de votre ordinateur portable tout en pr\u00e9servant ses ports. Id\u00e9al pour les r\u00e9parations ou les mises \u00e0 niveau, il garantit un ajustement parfait et une fixation s\u00fbre, offrant durabilit\u00e9 et fiabilit\u00e9.<\/p>\n","protected":false},"featured_media":17482,"template":"","meta":[],"product_brand":[],"product_cat":[52],"product_tag":[],"class_list":{"0":"post-17426","1":"product","2":"type-product","3":"status-publish","4":"has-post-thumbnail","6":"product_cat-laptop-housing","8":"first","9":"instock","10":"taxable","11":"shipping-taxable","12":"purchasable","13":"product-type-simple"},"_links":{"self":[{"href":"https:\/\/boreait.com\/fr\/wp-json\/wp\/v2\/product\/17426","targetHints":{"allow":["GET"]}}],"collection":[{"href":"https:\/\/boreait.com\/fr\/wp-json\/wp\/v2\/product"}],"about":[{"href":"https:\/\/boreait.com\/fr\/wp-json\/wp\/v2\/types\/product"}],"wp:featuredmedia":[{"embeddable":true,"href":"https:\/\/boreait.com\/fr\/wp-json\/wp\/v2\/media\/17482"}],"wp:attachment":[{"href":"https:\/\/boreait.com\/fr\/wp-json\/wp\/v2\/media?parent=17426"}],"wp:term":[{"taxonomy":"product_brand","embeddable":true,"href":"https:\/\/boreait.com\/fr\/wp-json\/wp\/v2\/product_brand?post=17426"},{"taxonomy":"product_cat","embeddable":true,"href":"https:\/\/boreait.com\/fr\/wp-json\/wp\/v2\/product_cat?post=17426"},{"taxonomy":"product_tag","embeddable":true,"href":"https:\/\/boreait.com\/fr\/wp-json\/wp\/v2\/product_tag?post=17426"}],"curies":[{"name":"wp","href":"https:\/\/api.w.org\/{rel}","templated":true}]}}