{"id":17414,"date":"2025-09-16T16:57:08","date_gmt":"2025-09-16T14:57:08","guid":{"rendered":"https:\/\/boreait.com\/fr\/?post_type=product&#038;p=17414"},"modified":"2025-09-16T16:59:04","modified_gmt":"2025-09-16T14:59:04","slug":"microphone-latitude-7212-rugged-extreme-avec-cable-piece-de-rechange-dorigine","status":"publish","type":"product","link":"https:\/\/boreait.com\/fr\/produit\/microphone-latitude-7212-rugged-extreme-avec-cable-piece-de-rechange-dorigine\/","title":{"rendered":"Microphone Latitude 7212 Rugged Extreme avec c\u00e2ble \u2013 Pi\u00e8ce de rechange d&rsquo;origine"},"content":{"rendered":"<p class=\"\" data-start=\"736\" data-end=\"854\"><strong data-start=\"736\" data-end=\"854\">Microphone Latitude 7212 Rugged Extreme avec c\u00e2ble \u2013 Pi\u00e8ce de rechange d&rsquo;origine pour tablette Dell Latitude 7212 Rugged<\/strong><\/p>\n<p class=\"\" data-start=\"856\" data-end=\"1204\">Si vous souhaitez restaurer la qualit\u00e9 audio de votre tablette Dell Latitude 7212 Rugged Extreme, ce <strong data-start=\"978\" data-end=\"1003\">microphone avec c\u00e2ble<\/strong> de rechange d&rsquo;origine est la solution id\u00e9ale. Con\u00e7u sp\u00e9cifiquement pour le mod\u00e8le Latitude 7212, ce composant offre une compatibilit\u00e9 parfaite et garantit des performances sonores exceptionnelles pour les appels, les enregistrements et les commandes vocales.<\/p>\n<p class=\"\" data-start=\"1206\" data-end=\"1596\">Que vous travailliez dans des environnements difficiles ou que vous ayez besoin de remplacer un microphone d\u00e9fectueux, ce <strong data-start=\"1296\" data-end=\"1317\">microphone robuste<\/strong> est con\u00e7u pour r\u00e9sister aux contraintes d&rsquo;une utilisation quotidienne. Con\u00e7u pour durer, il offre des performances fiables m\u00eame dans les conditions les plus exigeantes. Le <strong data-start=\"1472\" data-end=\"1481\">c\u00e2ble<\/strong> fourni assure une connexion s\u00fbre et stable, facilitant ainsi l&rsquo;installation et am\u00e9liorant la durabilit\u00e9.<\/p>\n<p class=\"\" data-start=\"1598\" data-end=\"1615\"><strong data-start=\"1598\" data-end=\"1615\">Principales caract\u00e9ristiques\u00a0:<\/strong><\/p>\n<ul data-start=\"1616\" data-end=\"2007\">\n<li class=\"\" data-start=\"1616\" data-end=\"1691\">\n<p class=\"\" data-start=\"1618\" data-end=\"1691\"><strong data-start=\"1618\" data-end=\"1646\">Pi\u00e8ce de rechange d&rsquo;origine<\/strong> pour tablette Dell Latitude 7212 Rugged Extreme<\/p>\n<\/li>\n<li class=\"\" data-start=\"1692\" data-end=\"1772\">\n<p class=\"\" data-start=\"1694\" data-end=\"1772\"><strong data-start=\"1694\" data-end=\"1721\">Microphone haute qualit\u00e9<\/strong> offrant un son clair pour les enregistrements et les appels.<\/p>\n<\/li>\n<li class=\"\" data-start=\"1773\" data-end=\"1830\">\n<p class=\"\" data-start=\"1775\" data-end=\"1830\">Comprend un <strong data-start=\"1784\" data-end=\"1808\">microphone et un c\u00e2ble<\/strong> pour une installation facile.<\/p>\n<\/li>\n<li class=\"\" data-start=\"1831\" data-end=\"1906\">\n<p class=\"\" data-start=\"1833\" data-end=\"1906\">Id\u00e9al pour remplacer un microphone d\u00e9fectueux ou endommag\u00e9. Microphone de votre appareil<\/p>\n<\/li>\n<li class=\"\" data-start=\"1907\" data-end=\"1956\">\n<p class=\"\" data-start=\"1909\" data-end=\"1956\">Id\u00e9al pour les environnements difficiles et une utilisation intensive<\/p>\n<\/li>\n<li class=\"\" data-start=\"1957\" data-end=\"2007\">\n<p class=\"\" data-start=\"1959\" data-end=\"2007\">Photos r\u00e9elles de la pi\u00e8ce que vous recevrez\u00a0!<\/p>\n<\/li>\n<\/ul>\n<p class=\"\" data-start=\"2009\" data-end=\"2207\">Veuillez noter que m\u00eame si nous ne fournissons pas d&rsquo;instructions d&rsquo;installation, notre \u00e9quipe se fera un plaisir de r\u00e9pondre \u00e0 toutes vos questions. N&rsquo;h\u00e9sitez pas \u00e0 nous contacter pour obtenir de l&rsquo;aide ou des conseils d&rsquo;installation.<\/p>\n","protected":false},"excerpt":{"rendered":"<p>Am\u00e9liorez votre tablette Dell Latitude 7212 Rugged Extreme avec ce microphone et ce c\u00e2ble de remplacement d&rsquo;origine. Con\u00e7u pour une durabilit\u00e9 et une qualit\u00e9 sonore sup\u00e9rieure, ce microphone de votre appareil fonctionne comme neuf, offrant un son cristallin pendant les appels et les enregistrements. Id\u00e9al pour remplacer un microphone us\u00e9 ou d\u00e9fectueux.<\/p>\n","protected":false},"featured_media":17479,"template":"","meta":[],"product_brand":[],"product_cat":[63],"product_tag":[],"class_list":{"0":"post-17414","1":"product","2":"type-product","3":"status-publish","4":"has-post-thumbnail","6":"product_cat-motherboards-board-parts","8":"first","9":"instock","10":"taxable","11":"shipping-taxable","12":"purchasable","13":"product-type-simple"},"_links":{"self":[{"href":"https:\/\/boreait.com\/fr\/wp-json\/wp\/v2\/product\/17414","targetHints":{"allow":["GET"]}}],"collection":[{"href":"https:\/\/boreait.com\/fr\/wp-json\/wp\/v2\/product"}],"about":[{"href":"https:\/\/boreait.com\/fr\/wp-json\/wp\/v2\/types\/product"}],"wp:featuredmedia":[{"embeddable":true,"href":"https:\/\/boreait.com\/fr\/wp-json\/wp\/v2\/media\/17479"}],"wp:attachment":[{"href":"https:\/\/boreait.com\/fr\/wp-json\/wp\/v2\/media?parent=17414"}],"wp:term":[{"taxonomy":"product_brand","embeddable":true,"href":"https:\/\/boreait.com\/fr\/wp-json\/wp\/v2\/product_brand?post=17414"},{"taxonomy":"product_cat","embeddable":true,"href":"https:\/\/boreait.com\/fr\/wp-json\/wp\/v2\/product_cat?post=17414"},{"taxonomy":"product_tag","embeddable":true,"href":"https:\/\/boreait.com\/fr\/wp-json\/wp\/v2\/product_tag?post=17414"}],"curies":[{"name":"wp","href":"https:\/\/api.w.org\/{rel}","templated":true}]}}