{"id":17413,"date":"2025-09-16T16:57:08","date_gmt":"2025-09-16T14:57:08","guid":{"rendered":"https:\/\/boreait.com\/fr\/?post_type=product&#038;p=17413"},"modified":"2025-09-16T16:59:02","modified_gmt":"2025-09-16T14:59:02","slug":"bouton-dalimentation-robuste-et-cable-pour-dell-latitude-7212","status":"publish","type":"product","link":"https:\/\/boreait.com\/fr\/produit\/bouton-dalimentation-robuste-et-cable-pour-dell-latitude-7212\/","title":{"rendered":"Bouton d&rsquo;alimentation robuste et c\u00e2ble pour Dell Latitude 7212"},"content":{"rendered":"<p class=\"\" data-start=\"577\" data-end=\"871\">Ce <strong data-start=\"582\" data-end=\"643\">bouton d&rsquo;alimentation extr\u00eame avec c\u00e2ble pour Dell Latitude 7212 Rugged<\/strong> est une pi\u00e8ce de rechange authentique de haute qualit\u00e9 con\u00e7ue pour restaurer les fonctionnalit\u00e9s de votre ordinateur portable robuste. Si votre bouton d&rsquo;alimentation est endommag\u00e9 ou fonctionne mal, ce composant est la solution id\u00e9ale pour remettre votre appareil en \u00e9tat de marche.<\/p>\n<ul data-start=\"873\" data-end=\"1479\">\n<li class=\"\" data-start=\"873\" data-end=\"1018\">\n<p class=\"\" data-start=\"875\" data-end=\"1018\"><strong data-start=\"875\" data-end=\"892\">Compatibilit\u00e9<\/strong>\u00a0: Sp\u00e9cialement con\u00e7u pour le mod\u00e8le <strong data-start=\"924\" data-end=\"961\">Dell Latitude 7212 Rugged Extreme<\/strong>, il garantit un ajustement parfait et une installation ais\u00e9e.<\/p>\n<\/li>\n<li class=\"\" data-start=\"1019\" data-end=\"1141\">\n<p class=\"\" data-start=\"1021\" data-end=\"1141\"><strong data-start=\"1021\" data-end=\"1043\">Fabrication de haute qualit\u00e9<\/strong>\u00a0: Ce bouton d&rsquo;alimentation avec c\u00e2ble est une pi\u00e8ce d&rsquo;origine, offrant une durabilit\u00e9 et des performances excellentes.<\/p>\n<\/li>\n<li class=\"\" data-start=\"1142\" data-end=\"1288\">\n<p class=\"\" data-start=\"1144\" data-end=\"1288\"><strong data-start=\"1144\" data-end=\"1159\">Photos r\u00e9elles<\/strong>\u00a0: Les photos fournies repr\u00e9sentent les pi\u00e8ces r\u00e9elles que vous recevrez, garantissant ainsi la transparence et vous permettant de v\u00e9rifier la qualit\u00e9 du produit.<\/p>\n<\/li>\n<li class=\"\" data-start=\"1289\" data-end=\"1479\">\n<p class=\"\" data-start=\"1291\" data-end=\"1479\"><strong data-start=\"1291\" data-end=\"1323\">Aucune notice d&rsquo;installation<\/strong>\u00a0: Ce produit n&rsquo;est pas fourni avec les instructions d&rsquo;installation. N&rsquo;h\u00e9sitez pas \u00e0 nous contacter si vous avez besoin de conseils ou d&rsquo;assistance pour l&rsquo;installation.<\/p>\n<\/li>\n<\/ul>\n<p class=\"\" data-start=\"1481\" data-end=\"1749\">Que vous r\u00e9pariez votre appareil actuel ou que vous mettiez \u00e0 niveau un mod\u00e8le plus ancien, cette <strong data-start=\"1560\" data-end=\"1575\">pi\u00e8ce d\u00e9tach\u00e9e pour ordinateur portable<\/strong> est essentielle pour restaurer le fonctionnement du bouton d&rsquo;alimentation. Nous proposons une livraison rapide dans le monde entier, et la plupart des commandes sont trait\u00e9es et exp\u00e9di\u00e9es rapidement en Europe et au-del\u00e0.<\/p>\n<p class=\"\" data-start=\"1751\" data-end=\"1906\"><strong data-start=\"1751\" data-end=\"1759\">Remarque<\/strong>\u00a0: Si vous avez besoin d&rsquo;aide, n&rsquo;h\u00e9sitez pas \u00e0 nous contacter directement. Nous sommes l\u00e0 pour r\u00e9pondre \u00e0 toutes vos questions ou demandes d&rsquo;installation.<\/p>\n","protected":false},"excerpt":{"rendered":"<p>Am\u00e9liorez ou remplacez le bouton d&rsquo;alimentation de votre Dell Latitude 7212 Rugged Extreme avec cette pi\u00e8ce d&rsquo;origine. Dot\u00e9 du c\u00e2ble d&rsquo;origine, ce composant garantit un ajustement parfait et un fonctionnement fiable, indispensable pour la r\u00e9paration ou la mise \u00e0 niveau de votre ordinateur portable. Photos du produit incluses\u00a0!<\/p>\n","protected":false},"featured_media":17478,"template":"","meta":[],"product_brand":[],"product_cat":[52],"product_tag":[],"class_list":{"0":"post-17413","1":"product","2":"type-product","3":"status-publish","4":"has-post-thumbnail","6":"product_cat-laptop-housing","8":"first","9":"instock","10":"taxable","11":"shipping-taxable","12":"purchasable","13":"product-type-simple"},"_links":{"self":[{"href":"https:\/\/boreait.com\/fr\/wp-json\/wp\/v2\/product\/17413","targetHints":{"allow":["GET"]}}],"collection":[{"href":"https:\/\/boreait.com\/fr\/wp-json\/wp\/v2\/product"}],"about":[{"href":"https:\/\/boreait.com\/fr\/wp-json\/wp\/v2\/types\/product"}],"wp:featuredmedia":[{"embeddable":true,"href":"https:\/\/boreait.com\/fr\/wp-json\/wp\/v2\/media\/17478"}],"wp:attachment":[{"href":"https:\/\/boreait.com\/fr\/wp-json\/wp\/v2\/media?parent=17413"}],"wp:term":[{"taxonomy":"product_brand","embeddable":true,"href":"https:\/\/boreait.com\/fr\/wp-json\/wp\/v2\/product_brand?post=17413"},{"taxonomy":"product_cat","embeddable":true,"href":"https:\/\/boreait.com\/fr\/wp-json\/wp\/v2\/product_cat?post=17413"},{"taxonomy":"product_tag","embeddable":true,"href":"https:\/\/boreait.com\/fr\/wp-json\/wp\/v2\/product_tag?post=17413"}],"curies":[{"name":"wp","href":"https:\/\/api.w.org\/{rel}","templated":true}]}}