{"id":17410,"date":"2025-09-16T16:57:07","date_gmt":"2025-09-16T14:57:07","guid":{"rendered":"https:\/\/boreait.com\/fr\/?post_type=product&#038;p=17410"},"modified":"2025-09-16T16:58:44","modified_gmt":"2025-09-16T14:58:44","slug":"base-en-plastique-pour-tablette-latitude-7212-rugged-extreme-reference-13nj-25a0a01-1gv90","status":"publish","type":"product","link":"https:\/\/boreait.com\/fr\/produit\/base-en-plastique-pour-tablette-latitude-7212-rugged-extreme-reference-13nj-25a0a01-1gv90\/","title":{"rendered":"Base en plastique pour tablette Latitude 7212 Rugged Extreme, r\u00e9f\u00e9rence 13NJ-25A0A01 1GV90"},"content":{"rendered":"<p class=\"\" data-start=\"903\" data-end=\"1272\"><strong data-start=\"903\" data-end=\"955\">La base en plastique pour tablette Latitude 7212 Rugged Extreme<\/strong> (r\u00e9f\u00e9rence 13NJ-25A0A01, 1GV90) est une pi\u00e8ce de rechange haut de gamme et de haute qualit\u00e9 sp\u00e9cialement con\u00e7ue pour les <strong data-start=\"1052\" data-end=\"1097\">tablettes Dell Latitude 7212 Rugged Extreme<\/strong>. Si le plastique de base de votre appareil est endommag\u00e9 ou doit \u00eatre remplac\u00e9, cette pi\u00e8ce garantira le bon fonctionnement de votre tablette et pr\u00e9servera sa robustesse.<\/p>\n<p class=\"\" data-start=\"1274\" data-end=\"1291\"><strong data-start=\"1274\" data-end=\"1291\">Principales caract\u00e9ristiques\u00a0:<\/strong><\/p>\n<ul data-start=\"1293\" data-end=\"1965\">\n<li class=\"\" data-start=\"1293\" data-end=\"1400\">\n<p class=\"\" data-start=\"1295\" data-end=\"1400\"><strong data-start=\"1295\" data-end=\"1312\">Compatibilit\u00e9<\/strong>\u00a0: Ce plastique de base est compatible avec le <strong data-start=\"1355\" data-end=\"1399\">Dell Latitude 7212 Rugged Extreme Tablette.<\/p>\n<\/li>\n<li class=\"\" data-start=\"1401\" data-end=\"1558\">\n<p class=\"\" data-start=\"1403\" data-end=\"1558\"><strong data-start=\"1403\" data-end=\"1427\">Construction robuste<\/strong>\u00a0: Con\u00e7ue pour r\u00e9sister aux conditions difficiles, cette base en plastique est con\u00e7ue pour les environnements difficiles, ce qui la rend id\u00e9ale pour une utilisation intensive.<\/p>\n<\/li>\n<li class=\"\" data-start=\"1559\" data-end=\"1718\">\n<p class=\"\" data-start=\"1561\" data-end=\"1718\"><strong data-start=\"1561\" data-end=\"1582\">Installation facile<\/strong>\u00a0: Bien qu&rsquo;aucune instruction ne soit fournie, si vous avez besoin d&rsquo;aide pour l&rsquo;installation, n&rsquo;h\u00e9sitez pas \u00e0 nous contacter\u00a0; notre \u00e9quipe se fera un plaisir de vous aider\u00a0!<\/p>\n<\/li>\n<li class=\"\" data-start=\"1719\" data-end=\"1841\">\n<p class=\"\" data-start=\"1721\" data-end=\"1841\"><strong data-start=\"1721\" data-end=\"1744\">Photos r\u00e9elles du produit<\/strong>\u00a0: Les photos pr\u00e9sent\u00e9es dans la fiche produit sont r\u00e9elles et illustrent parfaitement le produit que vous recevrez lors de votre commande.<\/p>\n<\/li>\n<li class=\"\" data-start=\"1842\" data-end=\"1965\">\n<p class=\"\" data-start=\"1844\" data-end=\"1965\"><strong data-start=\"1844\" data-end=\"1865\">Pi\u00e8ce Dell d&rsquo;origine<\/strong>\u00a0: la r\u00e9f\u00e9rence 13NJ-25A0A01, 1GV90 est une pi\u00e8ce de rechange d&rsquo;origine, garantissant des performances et une qualit\u00e9 optimales.<\/p>\n<\/li>\n<\/ul>\n<p class=\"\" data-start=\"1967\" data-end=\"2339\">Cette pi\u00e8ce est essentielle au bon fonctionnement de votre tablette durcie. Que vous soyez technicien de terrain, militaire ou simple utilisateur du Latitude 7212 durci, vous b\u00e9n\u00e9ficierez de la durabilit\u00e9 et de la qualit\u00e9 de cette pi\u00e8ce. Nous livrons dans le monde entier\u00a0; o\u00f9 que vous soyez, vous pouvez donc recevoir cette pi\u00e8ce de rechange directement chez vous.<\/p>\n","protected":false},"excerpt":{"rendered":"<p>Cette <strong data-start=\"339\" data-end=\"391\">base en plastique pour tablette Latitude 7212 Rugged Extreme<\/strong> (r\u00e9f. 13NJ-25A0A01, 1GV90) est une pi\u00e8ce de rechange d&rsquo;origine con\u00e7ue pour la gamme de tablettes robustes Dell. Con\u00e7ue pour durer, elle garantit un ajustement parfait et des performances fiables. Que vous r\u00e9pariez une base endommag\u00e9e ou que vous mettiez \u00e0 niveau votre appareil, cette pi\u00e8ce est indispensable pour pr\u00e9server les fonctionnalit\u00e9s de votre tablette robuste. Compatible avec la <strong data-start=\"736\" data-end=\"775\">tablette Latitude 7212 Rugged Extreme<\/strong>, cette base en plastique est con\u00e7ue pour r\u00e9sister aux environnements difficiles et \u00e0 une utilisation quotidienne.<\/p>\n","protected":false},"featured_media":17467,"template":"","meta":[],"product_brand":[],"product_cat":[52],"product_tag":[],"class_list":{"0":"post-17410","1":"product","2":"type-product","3":"status-publish","4":"has-post-thumbnail","6":"product_cat-laptop-housing","8":"first","9":"instock","10":"taxable","11":"shipping-taxable","12":"purchasable","13":"product-type-simple"},"_links":{"self":[{"href":"https:\/\/boreait.com\/fr\/wp-json\/wp\/v2\/product\/17410","targetHints":{"allow":["GET"]}}],"collection":[{"href":"https:\/\/boreait.com\/fr\/wp-json\/wp\/v2\/product"}],"about":[{"href":"https:\/\/boreait.com\/fr\/wp-json\/wp\/v2\/types\/product"}],"wp:featuredmedia":[{"embeddable":true,"href":"https:\/\/boreait.com\/fr\/wp-json\/wp\/v2\/media\/17467"}],"wp:attachment":[{"href":"https:\/\/boreait.com\/fr\/wp-json\/wp\/v2\/media?parent=17410"}],"wp:term":[{"taxonomy":"product_brand","embeddable":true,"href":"https:\/\/boreait.com\/fr\/wp-json\/wp\/v2\/product_brand?post=17410"},{"taxonomy":"product_cat","embeddable":true,"href":"https:\/\/boreait.com\/fr\/wp-json\/wp\/v2\/product_cat?post=17410"},{"taxonomy":"product_tag","embeddable":true,"href":"https:\/\/boreait.com\/fr\/wp-json\/wp\/v2\/product_tag?post=17410"}],"curies":[{"name":"wp","href":"https:\/\/api.w.org\/{rel}","templated":true}]}}