{"id":17398,"date":"2025-09-16T16:56:38","date_gmt":"2025-09-16T14:56:38","guid":{"rendered":"https:\/\/boreait.com\/fr\/?post_type=product&#038;p=17398"},"modified":"2025-09-16T16:58:35","modified_gmt":"2025-09-16T14:58:35","slug":"cable-jack-cc-robuste-pour-dell-latitude-7212-piece-de-rechange-dorigine-pour-ordinateur-portable","status":"publish","type":"product","link":"https:\/\/boreait.com\/fr\/produit\/cable-jack-cc-robuste-pour-dell-latitude-7212-piece-de-rechange-dorigine-pour-ordinateur-portable\/","title":{"rendered":"C\u00e2ble jack CC robuste pour Dell Latitude 7212 \u2013 Pi\u00e8ce de rechange d&rsquo;origine pour ordinateur portable"},"content":{"rendered":"<p class=\"\" data-start=\"579\" data-end=\"851\">Assurez-vous que votre ordinateur portable <strong data-start=\"591\" data-end=\"628\">Dell Latitude 7212 Rugged Extreme<\/strong> fonctionne \u00e0 nouveau parfaitement gr\u00e2ce \u00e0 ce <strong data-start=\"666\" data-end=\"703\">c\u00e2ble de prise CC de rechange d&rsquo;origine<\/strong>. Si votre appareil rencontre des difficult\u00e9s \u00e0 maintenir une connexion \u00e9lectrique ou si la prise CC est endommag\u00e9e, cette pi\u00e8ce de rechange est exactement ce qu&rsquo;il vous faut.<\/p>\n<p class=\"\" data-start=\"853\" data-end=\"1227\">Fabriqu\u00e9 avec des mat\u00e9riaux de haute qualit\u00e9, ce c\u00e2ble garantit un ajustement parfait et un flux d&rsquo;alimentation optimal pour votre appareil. Le <strong data-start=\"978\" data-end=\"1000\">Dell Latitude 7212<\/strong> est con\u00e7u pour les environnements difficiles, et cette pi\u00e8ce de rechange offre un niveau de durabilit\u00e9 optimal. Que vous souhaitiez remplacer une prise jack us\u00e9e ou simplement maintenir votre syst\u00e8me en parfait \u00e9tat, ce c\u00e2ble restaurera des performances fiables.<\/p>\n<p class=\"\" data-start=\"1229\" data-end=\"1249\"><strong data-start=\"1229\" data-end=\"1249\">Remarques importantes\u00a0:<\/strong><\/p>\n<ul data-start=\"1250\" data-end=\"1436\">\n<li class=\"\" data-start=\"1250\" data-end=\"1336\">\n<p class=\"\" data-start=\"1252\" data-end=\"1336\">Ce produit inclut des photos r\u00e9elles et de haute qualit\u00e9 des pi\u00e8ces que vous recevrez.<\/p>\n<\/li>\n<li class=\"\" data-start=\"1337\" data-end=\"1436\">\n<p class=\"\" data-start=\"1339\" data-end=\"1436\">Non Des instructions sont incluses, mais si vous avez besoin de conseils, n&rsquo;h\u00e9sitez pas \u00e0 nous contacter.<\/p>\n<\/li>\n<\/ul>\n<p class=\"\" data-start=\"1438\" data-end=\"1707\">Que vous r\u00e9pariez votre ordinateur portable actuel ou que vous ayez une pi\u00e8ce de rechange \u00e0 disposition, cette <strong data-start=\"1522\" data-end=\"1537\">pi\u00e8ce d\u00e9tach\u00e9e pour ordinateur portable<\/strong> est essentielle pour maintenir votre <strong data-start=\"1572\" data-end=\"1609\">Dell Latitude 7212 Rugged Extreme<\/strong> en parfait \u00e9tat. Compatible avec votre appareil, il garantit une connexion \u00e9lectrique fluide \u00e0 chaque fois.<\/p>\n<p class=\"\" data-start=\"1709\" data-end=\"1817\">Mettez \u00e0 niveau vos <strong data-start=\"1722\" data-end=\"1738\">composants de votre ordinateur portable<\/strong> d\u00e8s aujourd&rsquo;hui et assurez le bon fonctionnement de votre <strong data-start=\"1759\" data-end=\"1796\">Dell Latitude 7212 Rugged Extreme<\/strong>.<\/p>\n","protected":false},"excerpt":{"rendered":"<p>Ce c\u00e2ble jack CC authentique pour Dell Latitude 7212 Rugged Extreme est la pi\u00e8ce de rechange id\u00e9ale pour restaurer l&rsquo;alimentation de votre ordinateur portable. Con\u00e7u pour la durabilit\u00e9 et la pr\u00e9cision, il garantit une connexion fiable pour des performances durables.<\/p>\n","protected":false},"featured_media":17464,"template":"","meta":[],"product_brand":[],"product_cat":[56],"product_tag":[],"class_list":{"0":"post-17398","1":"product","2":"type-product","3":"status-publish","4":"has-post-thumbnail","6":"product_cat-cables","8":"first","9":"instock","10":"taxable","11":"shipping-taxable","12":"purchasable","13":"product-type-simple"},"_links":{"self":[{"href":"https:\/\/boreait.com\/fr\/wp-json\/wp\/v2\/product\/17398","targetHints":{"allow":["GET"]}}],"collection":[{"href":"https:\/\/boreait.com\/fr\/wp-json\/wp\/v2\/product"}],"about":[{"href":"https:\/\/boreait.com\/fr\/wp-json\/wp\/v2\/types\/product"}],"wp:featuredmedia":[{"embeddable":true,"href":"https:\/\/boreait.com\/fr\/wp-json\/wp\/v2\/media\/17464"}],"wp:attachment":[{"href":"https:\/\/boreait.com\/fr\/wp-json\/wp\/v2\/media?parent=17398"}],"wp:term":[{"taxonomy":"product_brand","embeddable":true,"href":"https:\/\/boreait.com\/fr\/wp-json\/wp\/v2\/product_brand?post=17398"},{"taxonomy":"product_cat","embeddable":true,"href":"https:\/\/boreait.com\/fr\/wp-json\/wp\/v2\/product_cat?post=17398"},{"taxonomy":"product_tag","embeddable":true,"href":"https:\/\/boreait.com\/fr\/wp-json\/wp\/v2\/product_tag?post=17398"}],"curies":[{"name":"wp","href":"https:\/\/api.w.org\/{rel}","templated":true}]}}